{"id":9799,"date":"2023-02-25T14:12:59","date_gmt":"2023-02-25T13:12:59","guid":{"rendered":"https:\/\/rasenroboterplanet.com\/index.php\/produit\/stiga-frontmaeher-park-320-p-ohne-maehdeck-modell-2021-2\/"},"modified":"2023-03-04T16:25:31","modified_gmt":"2023-03-04T15:25:31","slug":"stiga-frontmaeher-park-320-p-ohne-maehdeck-modell-2021-2","status":"publish","type":"product","link":"https:\/\/rasenroboterplanet.com\/index.php\/produit\/stiga-frontmaeher-park-320-p-ohne-maehdeck-modell-2021-2\/","title":{"rendered":"Stiga Frontm\u00e4her Park 320 P \u2013 ohne M\u00e4hdeck \u2013 Modell 2021"},"content":{"rendered":"<p>Der STIGA Park 320 P ist ein kleiner, aber leistungsstarker Aufsitzm\u00e4her f\u00fcr den Fronteinsatz. Er ist der perfekte Partner f\u00fcr die Pflege mittelgro\u00dfer G\u00e4rten mit vielen Hindernissen und engen R\u00e4umen.<br \/>\nEr ist mit einem STIGA ST 450 Einzylindermotor ausgestattet, der Leistung und Effizienz gew\u00e4hrleistet. Die 50: 50 Knicklenkung sorgt daf\u00fcr, dass die Hinterr\u00e4der dem gleichen Pfad wie die Vorderr\u00e4der folgen, sodass Sie sich keine Sorgen machen m\u00fcssen, dass Sie versehentlich auf Vasen oder Gartenm\u00f6bel treffen. Sie k\u00f6nnen die Schnitth\u00f6he schnell per Knopfdruck einstellen, ohne die Maschine anzuhalten oder den Sitz zu verlassen. Das h\u00f6henverstellbare Lenkrad und der gepolsterte Sitz sorgen f\u00fcr ein angenehmes Fahrerlebnis.<br \/>\nDer Aufsitzm\u00e4her Park 320 P kann mit einem 95 oder 105 cm M\u00e4hdeck kombiniert und im Mulch- oder Heckauswurfmodus verwendet werden. Beide M\u00e4hdecks sind mit der Quick Flip-Technologie ausgestattet, mit der Sie das Deck leicht anheben und reinigen oder zu einem anderen Frontger\u00e4t wechseln k\u00f6nnen.<\/p>\n<h2>Vorteile<\/h2>\n<div>\n<div class=\"table-wrapper\">\n<table class=\"UserAttributes\">\n<tbody>\n<tr class=\"PSR1\">\n<td class=\"AttributeLabel VerticalAlignMiddle\"><\/td>\n<td class=\"AttributeContent\">Hydrostat-Getriebe erm\u00f6glicht Geschwindigkeitsver\u00e4nderung sowie Wechsel zwischen vorw\u00e4rts und r\u00fcckw\u00e4rts fahren ohne schalten oder kuppeln zu m\u00fcssen<\/td>\n<\/tr>\n<tr class=\"PSR2\">\n<td class=\"AttributeLabel VerticalAlignMiddle\"><\/td>\n<td class=\"AttributeContent\">Hydrostat-Getriebe erlaubt stufenlose Wahl der Fahrgeschwindigkeit<\/td>\n<\/tr>\n<tr class=\"PSR3\">\n<td class=\"AttributeLabel VerticalAlignMiddle\"><\/td>\n<td class=\"AttributeContent\">bequemes Anlassen des Motors per Z\u00fcndschl\u00fcssel<\/td>\n<\/tr>\n<\/tbody>\n<\/table>\n<\/div>\n<\/div>\n<p>&nbsp;<\/p>\n<h2>Technische Daten<\/h2>\n<div class=\"table-wrapper\">\n<table class=\"HBOUserAttributes\" style=\"height: 1501px;\" width=\"720\">\n<tbody>\n<tr>\n<td class=\"AttributeGroupHeader\" colspan=\"2\">Motor &amp; Ausstattung<\/td>\n<\/tr>\n<tr>\n<td class=\"AttributeName VerticalAlignMiddle AttributeBorder\">Marke Motor<\/td>\n<td class=\"AttributeContent AttributeBorder\">Stiga<\/td>\n<\/tr>\n<tr>\n<td class=\"AttributeName VerticalAlignMiddle AttributeBorder\">Motorbezeichnung<\/td>\n<td class=\"AttributeContent AttributeBorder\">ST 450<\/td>\n<\/tr>\n<tr>\n<td class=\"AttributeName VerticalAlignMiddle AttributeBorder\">Anzahl Zylinder<\/td>\n<td class=\"AttributeContent AttributeBorder\">1<\/td>\n<\/tr>\n<tr>\n<td class=\"AttributeName VerticalAlignMiddle AttributeBorder\">Hubraum<\/td>\n<td class=\"AttributeContent AttributeBorder\">432 cm\u00b3<\/td>\n<\/tr>\n<tr>\n<td class=\"AttributeName VerticalAlignMiddle AttributeBorder\">Motorleistung<\/td>\n<td class=\"AttributeContent AttributeBorder\">9,1 kW \/ 12,4 PS bei 3600 U\/Min<\/td>\n<\/tr>\n<tr>\n<td class=\"AttributeName VerticalAlignMiddle AttributeBorder\">Ger\u00e4teleistung<\/td>\n<td class=\"AttributeContent AttributeBorder\">8,1 KW \/ 11,0 PS bei 3200 U\/Min<\/td>\n<\/tr>\n<tr>\n<td class=\"AttributeName VerticalAlignMiddle AttributeBorder\">Kraftstoff<\/td>\n<td class=\"AttributeContent AttributeBorder\">Benzin<\/td>\n<\/tr>\n<tr>\n<td class=\"AttributeName VerticalAlignMiddle AttributeBorder\">Elektrostart<\/td>\n<td class=\"AttributeContent AttributeBorder\">ja<\/td>\n<\/tr>\n<tr>\n<td class=\"AttributeName VerticalAlignMiddle AttributeBorder\">Kraftstofftank<\/td>\n<td class=\"AttributeContent AttributeBorder\">12 Liter<\/td>\n<\/tr>\n<tr>\n<td class=\"AttributeName VerticalAlignMiddle AttributeBorder\">Lenkungsmechanismus<\/td>\n<td class=\"AttributeContent AttributeBorder\">Knicklenkung 50\/50<\/td>\n<\/tr>\n<tr>\n<td class=\"AttributeName VerticalAlignMiddle AttributeBorder\">K\u00fchlsystem<\/td>\n<td class=\"AttributeContent AttributeBorder\">luftgek\u00fchlt<\/td>\n<\/tr>\n<tr>\n<td class=\"AttributeName VerticalAlignMiddle AttributeBorder\">Anzahl G\u00e4nge (V\/R)<\/td>\n<td class=\"AttributeContent AttributeBorder\">stufenlos<\/td>\n<\/tr>\n<tr>\n<td class=\"AttributeName VerticalAlignMiddle AttributeBorder\">Getriebe<\/td>\n<td class=\"AttributeContent AttributeBorder\">Hydrostatgetriebe<\/td>\n<\/tr>\n<tr>\n<td class=\"AttributeName VerticalAlignMiddle AttributeBorder\">Antrieb<\/td>\n<td class=\"AttributeContent AttributeBorder\">Hinterradantrieb<\/td>\n<\/tr>\n<tr>\n<td class=\"AttributeName VerticalAlignMiddle AttributeBorder\">Max. Geschwindigkeit<\/td>\n<td class=\"AttributeContent AttributeBorder\">10 km\/h<\/td>\n<\/tr>\n<tr>\n<td class=\"AttributeName VerticalAlignMiddle AttributeBorder\">Reifengr\u00f6\u00dfe vorne<\/td>\n<td class=\"AttributeContent AttributeBorder\">16\u00d77,50-8\u2033<\/td>\n<\/tr>\n<tr>\n<td class=\"AttributeName VerticalAlignMiddle AttributeBorder\">Reifengr\u00f6\u00dfe hinten<\/td>\n<td class=\"AttributeContent AttributeBorder\">16\u00d77,50-8\u2033<\/td>\n<\/tr>\n<tr>\n<td class=\"AttributeName VerticalAlignMiddle AttributeBorder\">Reifenprofil<\/td>\n<td class=\"AttributeContent AttributeBorder\">Rasenprofil<\/td>\n<\/tr>\n<tr>\n<td class=\"AttributeName VerticalAlignMiddle AttributeBorder\">Lenkung<\/td>\n<td class=\"AttributeContent AttributeBorder\">Servolenkung<\/td>\n<\/tr>\n<tr>\n<td class=\"AttributeName VerticalAlignMiddle AttributeBorder\">Vorderachse pendelnd<\/td>\n<td class=\"AttributeContent AttributeBorder\">nein<\/td>\n<\/tr>\n<tr>\n<td class=\"AttributeName VerticalAlignMiddle AttributeBorder\">Material Achse<\/td>\n<td class=\"AttributeContent AttributeBorder\">vorne: Stahl; hinten Hydrostat<\/td>\n<\/tr>\n<tr>\n<td class=\"AttributeName VerticalAlignMiddle AttributeBorder\">Bordspannung<\/td>\n<td class=\"AttributeContent AttributeBorder\">12 V<\/td>\n<\/tr>\n<tr>\n<td class=\"AttributeGroupHeader\" colspan=\"2\">M\u00e4hdaten<\/td>\n<\/tr>\n<tr>\n<td class=\"AttributeName VerticalAlignMiddle AttributeBorder\">Mulchkit<\/td>\n<td class=\"AttributeContent AttributeBorder\">Mulchm\u00e4hwerk als Zubeh\u00f6r erh\u00e4ltlich<\/td>\n<\/tr>\n<tr>\n<td class=\"AttributeName VerticalAlignMiddle AttributeBorder\">Fangen<\/td>\n<td class=\"AttributeContent AttributeBorder\">nein<\/td>\n<\/tr>\n<tr>\n<td class=\"AttributeName VerticalAlignMiddle AttributeBorder\">Seitenauswurf<\/td>\n<td class=\"AttributeContent AttributeBorder\">nein<\/td>\n<\/tr>\n<tr>\n<td class=\"AttributeName VerticalAlignMiddle AttributeBorder\">M\u00e4hwerkseinschaltung<\/td>\n<td class=\"AttributeContent AttributeBorder\">elektromagnetisch<\/td>\n<\/tr>\n<tr>\n<td class=\"AttributeName VerticalAlignMiddle AttributeBorder\">M\u00e4hen im R\u00fcckw\u00e4rtsgang<\/td>\n<td class=\"AttributeContent AttributeBorder\">ja<\/td>\n<\/tr>\n<tr>\n<td class=\"AttributeGroupHeader\" colspan=\"2\">Komfort<\/td>\n<\/tr>\n<tr>\n<td class=\"AttributeName VerticalAlignMiddle AttributeBorder\">Sitz<\/td>\n<td class=\"AttributeContent AttributeBorder\">Standard<\/td>\n<\/tr>\n<tr>\n<td class=\"AttributeName VerticalAlignMiddle AttributeBorder\">Sitzfederung<\/td>\n<td class=\"AttributeContent AttributeBorder\">Gelenkfederung<\/td>\n<\/tr>\n<tr>\n<td class=\"AttributeName VerticalAlignMiddle AttributeBorder\">Sitzverstellung<\/td>\n<td class=\"AttributeContent AttributeBorder\">per Feststellschraube<\/td>\n<\/tr>\n<tr>\n<td class=\"AttributeName VerticalAlignMiddle AttributeBorder\">Scheinwerfer<\/td>\n<td class=\"AttributeContent AttributeBorder\">nein<\/td>\n<\/tr>\n<tr>\n<td class=\"AttributeName VerticalAlignMiddle AttributeBorder\">Zug\u00f6se<\/td>\n<td class=\"AttributeContent AttributeBorder\">ja<\/td>\n<\/tr>\n<tr>\n<td class=\"AttributeName VerticalAlignMiddle AttributeBorder\">Getr\u00e4nkehalter<\/td>\n<td class=\"AttributeContent AttributeBorder\">nein<\/td>\n<\/tr>\n<tr>\n<td class=\"AttributeName VerticalAlignMiddle AttributeBorder\">Ger\u00e4teheber<\/td>\n<td class=\"AttributeContent AttributeBorder\">mechanisch per Fu\u00dfpedal<\/td>\n<\/tr>\n<tr>\n<td class=\"AttributeGroupHeader\" colspan=\"2\">Lieferumfang<\/td>\n<\/tr>\n<tr>\n<td class=\"AttributeName VerticalAlignMiddle AttributeBorder\">Grundger\u00e4t<\/td>\n<td class=\"AttributeContent AttributeBorder\">1<\/td>\n<\/tr>\n<tr>\n<td class=\"AttributeName VerticalAlignMiddle AttributeBorder\">Bedienungsanleitung Ger\u00e4t<\/td>\n<td class=\"AttributeContent AttributeBorder\">1<\/td>\n<\/tr>\n<tr>\n<td class=\"AttributeGroupHeader\" colspan=\"2\">Umwelt, Ma\u00dfe und Gewicht<\/td>\n<\/tr>\n<tr>\n<td class=\"AttributeName VerticalAlignMiddle AttributeBorder\">Gewicht<\/td>\n<td class=\"AttributeContent AttributeBorder\">177 kg<\/td>\n<\/tr>\n<tr>\n<td class=\"AttributeName VerticalAlignMiddle AttributeBorder\">Abmessungen (L x B x H)<\/td>\n<td class=\"AttributeContent AttributeBorder\">196 x 86 x 124 cm<\/td>\n<\/tr>\n<tr>\n<td class=\"AttributeName VerticalAlignMiddle AttributeBorder\">garantierter Schallleistungspegel (LWA)<\/td>\n<td class=\"AttributeContent AttributeBorder\">100 dB(A)<\/td>\n<\/tr>\n<tr>\n<td class=\"AttributeName VerticalAlignMiddle AttributeBorder\">Garantie<\/td>\n<td class=\"AttributeContent AttributeBorder\">2 Jahre bei privater Nutzung<\/td>\n<\/tr>\n<tr>\n<td class=\"AttributeName VerticalAlignMiddle AttributeBorder\">Vibration am Lenkrad<\/td>\n<td class=\"AttributeContent AttributeBorder\">3,41 m\/s\u00b2<\/td>\n<\/tr>\n<tr>\n<td class=\"AttributeName VerticalAlignMiddle AttributeBorder\">Vibration am Sitz<\/td>\n<td class=\"AttributeContent AttributeBorder\">0,6 m\/s\u00b2<\/td>\n<\/tr>\n<tr>\n<td class=\"AttributeGroupHeader\" colspan=\"2\">Artikel-Nr \/ EAN<\/td>\n<\/tr>\n<tr>\n<td class=\"AttributeName VerticalAlignMiddle AttributeBorder\">Artikel-Nr.:<\/td>\n<td class=\"AttributeContent AttributeBorder\">2F6120545\/ST1P<\/td>\n<\/tr>\n<tr>\n<td class=\"AttributeName VerticalAlignMiddle AttributeBorder\">EAN:<\/td>\n<td class=\"AttributeContent AttributeBorder\">8008984845244<\/td>\n<\/tr>\n<\/tbody>\n<\/table>\n<\/div>\n","protected":false},"excerpt":{"rendered":"<ul>\n<li><strong>Auf Lager<\/strong><\/li>\n<li><strong>Lieferung nach Deutschland :\u00a0<\/strong>Gratisversand (5 \u2013 7 Tagen) : 0\u20ac\u00a0 \u00a0 \u00a0 \u00a0 \u00a0 \u00a0 \u00a0 \u00a0 \u00a0 \u00a0 \u00a0 \u00a0 \u00a0 \u00a0 \u00a0 \u00a0 \u00a0 \u00a0 \u00a0 \u00a0 \u00a0 \u00a0 \u00a0 \u00a0 \u00a0 \u00a0 \u00a0 \u00a0 \u00a0 \u00a0 \u00a0\u00a0Expressversand (1 \u2013 3 Tagen) : 59,99\u20ac<\/li>\n<li><strong>Lieferung in \u00d6sterreich &amp; Schweiz :\u00a0<\/strong>( 7 Tagen ) : 79,99\u20ac<\/li>\n<li><strong>R\u00fcckgabe innerhalb von 14 Tagen<\/strong><\/li>\n<\/ul>\n","protected":false},"featured_media":9034,"template":"","meta":[],"product_brand":[],"product_cat":[75],"product_tag":[79,88],"class_list":{"0":"post-9799","1":"product","2":"type-product","3":"status-publish","4":"has-post-thumbnail","6":"product_cat-aufsitzfrontmaeher","7":"product_tag-aufsitzfrontmaeher","8":"product_tag-stiga","10":"first","11":"instock","12":"sale","13":"shipping-taxable","14":"purchasable","15":"product-type-simple"},"_links":{"self":[{"href":"https:\/\/rasenroboterplanet.com\/index.php\/wp-json\/wp\/v2\/product\/9799","targetHints":{"allow":["GET"]}}],"collection":[{"href":"https:\/\/rasenroboterplanet.com\/index.php\/wp-json\/wp\/v2\/product"}],"about":[{"href":"https:\/\/rasenroboterplanet.com\/index.php\/wp-json\/wp\/v2\/types\/product"}],"version-history":[{"count":2,"href":"https:\/\/rasenroboterplanet.com\/index.php\/wp-json\/wp\/v2\/product\/9799\/revisions"}],"predecessor-version":[{"id":10481,"href":"https:\/\/rasenroboterplanet.com\/index.php\/wp-json\/wp\/v2\/product\/9799\/revisions\/10481"}],"wp:featuredmedia":[{"embeddable":true,"href":"https:\/\/rasenroboterplanet.com\/index.php\/wp-json\/wp\/v2\/media\/9034"}],"wp:attachment":[{"href":"https:\/\/rasenroboterplanet.com\/index.php\/wp-json\/wp\/v2\/media?parent=9799"}],"wp:term":[{"taxonomy":"product_brand","embeddable":true,"href":"https:\/\/rasenroboterplanet.com\/index.php\/wp-json\/wp\/v2\/product_brand?post=9799"},{"taxonomy":"product_cat","embeddable":true,"href":"https:\/\/rasenroboterplanet.com\/index.php\/wp-json\/wp\/v2\/product_cat?post=9799"},{"taxonomy":"product_tag","embeddable":true,"href":"https:\/\/rasenroboterplanet.com\/index.php\/wp-json\/wp\/v2\/product_tag?post=9799"}],"curies":[{"name":"wp","href":"https:\/\/api.w.org\/{rel}","templated":true}]}}