{"id":9794,"date":"2023-02-25T14:12:58","date_gmt":"2023-02-25T13:12:58","guid":{"rendered":"https:\/\/rasenroboterplanet.com\/index.php\/produit\/mtd-rasentraktor-mastercut-rt-92-15544-2-2\/"},"modified":"2023-03-05T00:28:27","modified_gmt":"2023-03-04T23:28:27","slug":"mtd-rasentraktor-mastercut-rt-92-15544-2-2","status":"publish","type":"product","link":"https:\/\/rasenroboterplanet.com\/index.php\/produit\/mtd-rasentraktor-mastercut-rt-92-15544-2-2\/","title":{"rendered":"MTD Rasentraktor Mastercut RT 92-15544\u00a0"},"content":{"rendered":"<h2 class=\"hidden-phone\">ARTIKELBESCHREIBUNG<\/h2>\n<p class=\"article-number text-bold\" data-ui-name=\"ads.description-text.article-number.p\">Art.Nr. 8346793<\/p>\n<div data-bv-show=\"inline_rating\" data-bv-productid=\"8346793\" data-bv-seo=\"false\" data-bv-ready=\"true\">\n<div>\n<div id=\"349d9506-8435-419f-a8ea-210783ab1d63\" class=\"bv_main_container\">\n<div class=\"bv_stars_component_container\" aria-hidden=\"true\">\n<div class=\"bv_stars_button_container\"><\/div>\n<\/div>\n<div class=\"bv_averageRating_component_container\" aria-hidden=\"true\">\n<div class=\"bv_text\">4.0<\/div>\n<\/div>\n<div class=\"bv_numReviews_component_container\" aria-hidden=\"true\">\n<div class=\"bv_text\">(2)<\/div>\n<\/div>\n<div class=\"bv-off-screen\">4.0 von 5 Sternen. 2 Bewertungen<\/div>\n<\/div>\n<\/div>\n<\/div>\n<div class=\"garantie-wrp\"><\/div>\n<p class=\"no-margin\" data-ui-name=\"ads.description-text.product-details.p\">Der MTD Rasentraktor Mastercut RT 92 ist der ideale Helfer f\u00fcr die Rasenpflege eines Gartens mit einer Fl\u00e4che von bis zu 3.500 m\u00b2. Erleichtern Sie sich die Gartenarbeit mit dem 8,1 kW (11,01 PS) starken Aufsitz-Rasenm\u00e4her mit Transmatikgetriebe. Seine Schnitth\u00f6he ist 5-fach verstellbar. Zudem arbeitet er mit Heckauswurf und einem 240 l gro\u00dfen Fangkorb.<\/p>\n<p>Mulchkit und Deflektor sind optional als Zubeh\u00f6r erh\u00e4ltlich.<\/p>\n<div class=\"table-container-wrapper\">\n<h2>Technische Daten<\/h2>\n<div class=\"table-container table-0 table-unstyled\">\n<table class=\"c-datalist c-datalist--33\" style=\"height: 53px;\" width=\"713\">\n<thead>\n<tr>\n<th class=\"h5\">PRODUKTMERKMALE<\/th>\n<\/tr>\n<\/thead>\n<tbody>\n<tr>\n<th scope=\"row\">Auswurfsystem:<\/th>\n<td data-label=\"Auswurfsystem\">Heckauswurf<\/td>\n<\/tr>\n<\/tbody>\n<\/table>\n<\/div>\n<\/div>\n<div class=\"table-container table-1 table-unstyled\">\n<table class=\"c-datalist c-datalist--33\" style=\"height: 156px;\" width=\"710\">\n<thead>\n<tr>\n<th class=\"h5\">MASSE UND GEWICH<\/th>\n<\/tr>\n<\/thead>\n<tbody>\n<tr>\n<th scope=\"row\">Gewicht:<\/th>\n<td data-label=\"Gewicht\">203,3\u00a0kg<\/td>\n<\/tr>\n<tr>\n<th scope=\"row\">H\u00f6he:<\/th>\n<td data-label=\"H\u00f6he\">97,0\u00a0cm<\/td>\n<\/tr>\n<tr>\n<th scope=\"row\">Breite:<\/th>\n<td data-label=\"Breite\">2,00\u00a0m<\/td>\n<\/tr>\n<tr>\n<th scope=\"row\">Tiefe:<\/th>\n<td data-label=\"Tiefe\">116,0\u00a0cm<\/td>\n<\/tr>\n<\/tbody>\n<\/table>\n<\/div>\n<p><b><u><a href=\"https:\/\/www.obi.de\/pages\/hilfe-und-kontakt-ruecksendung-erstattung#ruecksendung-erstattung-frage-antwort-elektrograete-abholen\" target=\"_blank\" rel=\"noopener\">Abholung und fachgerechte Entsorgung deines Altger\u00e4tes \u2013 mehr erfahren<\/a><\/u><\/b><\/p>\n","protected":false},"excerpt":{"rendered":"<ul>\n<li><strong>Auf Lager<\/strong><\/li>\n<li><strong>Lieferung nach Deutschland :\u00a0<\/strong>Gratisversand (5 \u2013 7 Tagen) : 0\u20ac\u00a0 \u00a0 \u00a0 \u00a0 \u00a0 \u00a0 \u00a0 \u00a0 \u00a0 \u00a0 \u00a0 \u00a0 \u00a0 \u00a0 \u00a0 \u00a0 \u00a0 \u00a0 \u00a0 \u00a0 \u00a0 \u00a0 \u00a0 \u00a0 \u00a0 \u00a0 \u00a0 \u00a0 \u00a0 \u00a0 \u00a0\u00a0Expressversand (1 \u2013 3 Tagen) : 59,99\u20ac<\/li>\n<li><strong>Lieferung in \u00d6sterreich &amp; Schweiz :\u00a0<\/strong>( 7 Tagen ) : 79,99\u20ac<\/li>\n<li><strong>R\u00fcckgabe innerhalb von 14 Tagen<\/strong><\/li>\n<\/ul>\n","protected":false},"featured_media":9024,"template":"","meta":[],"product_brand":[],"product_cat":[72],"product_tag":[78,116],"class_list":{"0":"post-9794","1":"product","2":"type-product","3":"status-publish","4":"has-post-thumbnail","6":"product_cat-gartentraktoren","7":"product_tag-gartentraktoren","8":"product_tag-mtd","10":"first","11":"instock","12":"sale","13":"shipping-taxable","14":"purchasable","15":"product-type-simple"},"_links":{"self":[{"href":"https:\/\/rasenroboterplanet.com\/index.php\/wp-json\/wp\/v2\/product\/9794","targetHints":{"allow":["GET"]}}],"collection":[{"href":"https:\/\/rasenroboterplanet.com\/index.php\/wp-json\/wp\/v2\/product"}],"about":[{"href":"https:\/\/rasenroboterplanet.com\/index.php\/wp-json\/wp\/v2\/types\/product"}],"version-history":[{"count":2,"href":"https:\/\/rasenroboterplanet.com\/index.php\/wp-json\/wp\/v2\/product\/9794\/revisions"}],"predecessor-version":[{"id":10453,"href":"https:\/\/rasenroboterplanet.com\/index.php\/wp-json\/wp\/v2\/product\/9794\/revisions\/10453"}],"wp:featuredmedia":[{"embeddable":true,"href":"https:\/\/rasenroboterplanet.com\/index.php\/wp-json\/wp\/v2\/media\/9024"}],"wp:attachment":[{"href":"https:\/\/rasenroboterplanet.com\/index.php\/wp-json\/wp\/v2\/media?parent=9794"}],"wp:term":[{"taxonomy":"product_brand","embeddable":true,"href":"https:\/\/rasenroboterplanet.com\/index.php\/wp-json\/wp\/v2\/product_brand?post=9794"},{"taxonomy":"product_cat","embeddable":true,"href":"https:\/\/rasenroboterplanet.com\/index.php\/wp-json\/wp\/v2\/product_cat?post=9794"},{"taxonomy":"product_tag","embeddable":true,"href":"https:\/\/rasenroboterplanet.com\/index.php\/wp-json\/wp\/v2\/product_tag?post=9794"}],"curies":[{"name":"wp","href":"https:\/\/api.w.org\/{rel}","templated":true}]}}