{"id":9793,"date":"2023-02-25T14:12:56","date_gmt":"2023-02-25T13:12:56","guid":{"rendered":"https:\/\/rasenroboterplanet.com\/index.php\/produit\/mtd-aufsitzmaeher-smart-mini-rider-76-rdhe44-4-2\/"},"modified":"2023-03-05T00:32:47","modified_gmt":"2023-03-04T23:32:47","slug":"mtd-aufsitzmaeher-smart-mini-rider-76-rdhe44-4-2","status":"publish","type":"product","link":"https:\/\/rasenroboterplanet.com\/index.php\/produit\/mtd-aufsitzmaeher-smart-mini-rider-76-rdhe44-4-2\/","title":{"rendered":"MTD Aufsitzm\u00e4her Smart Mini-Rider 76 RDHE44\u00a0"},"content":{"rendered":"<h2 class=\"hidden-phone\">ARTIKELBESCHREIBUNG<\/h2>\n<p class=\"article-number text-bold\" data-ui-name=\"ads.description-text.article-number.p\">Art.Nr. 2903714<\/p>\n<div data-bv-show=\"inline_rating\" data-bv-productid=\"2903714\" data-bv-seo=\"false\" data-bv-ready=\"true\">\n<div>\n<div id=\"1dc56ed5-655a-4e6b-97bf-684eae153132\" class=\"bv_main_container\">\n<div class=\"bv_stars_component_container\" aria-hidden=\"true\">\n<div class=\"bv_stars_button_container\"><\/div>\n<\/div>\n<div class=\"bv_averageRating_component_container\" aria-hidden=\"true\">\n<div class=\"bv_text\">4.0<\/div>\n<\/div>\n<div class=\"bv_numReviews_component_container\" aria-hidden=\"true\">\n<div class=\"bv_text\">(4)<\/div>\n<\/div>\n<div class=\"bv-off-screen\">4.0 von 5 Sternen. 4 Bewertungen<\/div>\n<\/div>\n<\/div>\n<\/div>\n<div class=\"garantie-wrp\"><\/div>\n<p class=\"no-margin\" data-ui-name=\"ads.description-text.product-details.p\">Der MTD Aufsitzm\u00e4her Smart Mini-Rider 76 RDHE ist ein wendiger Rasenm\u00e4her, der das M\u00e4hen von Rasenfl\u00e4chen im Sitzen m\u00f6glich macht. Mit diesem M\u00e4her k\u00f6nnen Sie gro\u00dfe Rasenfl\u00e4chen bis 2.500 m\u00b2 m\u00fchelos und ohne k\u00f6rperliche Anstrengung m\u00e4hen.<\/p>\n<p><b>Hydrostat-Getriebe f\u00fcr angenehme Fahrweise<\/b><br \/>\nDer Aufsitzm\u00e4her ist mit einem 1 Zylinder MTD Motor mit 382 cm\u00b3 ausgestattet und wird mit einem Elektrostarter angelassen. Das Hydrostat-Getriebe bietet den Vorteil, dass Sie die Geschwindigkeit stufenlos \u00fcber das Fu\u00dfpedal steuern k\u00f6nnen. Die Fahrt wird somit relativ ruckelfrei, da Sie zwischendurch nicht schalten m\u00fcssen. Au\u00dferdem ist das Hydrostat-Getriebe dank der selbstschmierenden Hydropumpe \u00e4u\u00dferst wartungsarm und robust, sodass Sie lange etwas von Ihrem Rasenm\u00e4her haben.<\/p>\n<p><b>Wendiger Rasenm\u00e4hertrecker<\/b><br \/>\nDer Aufsitzrasenm\u00e4her \u00fcberzeugt insbesondere mit einem einfachen Handling. Der Wendekreis betr\u00e4gt gerade einmal 46 cm, wodurch die Bearbeitung kleinerer Ecken oder das Ausweichen von Hindernissen kein Problem mehr sind. Mit einer gro\u00dfz\u00fcgigen Schnittbreite von 76 cm erzielt der M\u00e4htraktor einen schnellen Arbeitsfortschritt. Der gro\u00dfz\u00fcgige Tank mit 4,9 l Volumen bietet ein unterbrechungsfreies Arbeiten.<\/p>\n<p><b>Individuelle Anpassungen<\/b><br \/>\nF\u00fcr die Wahl der gew\u00fcnschten Grash\u00f6he ist der M\u00e4htraktor mit einer Schnitth\u00f6henverstellung ausgestattet. Diese bietet die Einstellung von 5 verschiedenen Schnitth\u00f6hen zwischen 38 mm und 95 mm. Das Schnittgut wird im ger\u00e4umigen Fangkorb mit einem Volumen von 150 l aufgefangen, damit es anschlie\u00dfend entsorgt werden kann. Alternativ k\u00f6nnen Sie den Gartentraktor mit einem Mulchkit oder Seitendeflektor (beides separat erh\u00e4ltlich) ausstatten, sodass das frisch geschnittene Gras als biologischer D\u00fcnger auf dem Rasen liegen bleibt.<\/p>\n<p><b>Hoher Komfort<\/b><br \/>\nDer Durchstiegsrahmen bietet ein bequemes Auf- und Absteigen. Die gro\u00dfen und komfortablen R\u00e4der sind luftbereift und sorgen so f\u00fcr ein angenehmes Fahrgef\u00fchl. Insgesamt \u00fcberzeugt der Rasenm\u00e4her mit einer einfachen Bedienung und einem ansprechenden Design.<\/p>\n<div class=\"table-container-wrapper\">\n<h2>Technische Daten<\/h2>\n<div class=\"table-container table-0 table-unstyled\">\n<table class=\"c-datalist c-datalist--33\" style=\"height: 454px;\" width=\"702\">\n<thead>\n<tr>\n<th class=\"h5\">PRODUKTMERKMALE<\/th>\n<\/tr>\n<\/thead>\n<tbody>\n<tr>\n<th scope=\"row\">Ger\u00e4te-Leistung:<\/th>\n<td data-label=\"Ger\u00e4te-Leistung\">6 kW (8,16 PS) bei 3.000\/min (Umdrehungen)<\/td>\n<\/tr>\n<tr>\n<th scope=\"row\">Getriebetyp:<\/th>\n<td data-label=\"Getriebetyp\">Hydrostat<\/td>\n<\/tr>\n<tr>\n<th scope=\"row\">Vorw\u00e4rts- &amp; R\u00fcckw\u00e4rtsg\u00e4nge:<\/th>\n<td data-label=\"Vorw\u00e4rts- &amp; R\u00fcckw\u00e4rtsg\u00e4nge\">1<\/td>\n<\/tr>\n<tr>\n<th scope=\"row\">Schnittbreite:<\/th>\n<td data-label=\"Schnittbreite\">76 cm<\/td>\n<\/tr>\n<tr>\n<th scope=\"row\">Min. Schnitth\u00f6he:<\/th>\n<td data-label=\"Min. Schnitth\u00f6he\">38 mm<\/td>\n<\/tr>\n<tr>\n<th scope=\"row\">Max. Schnitth\u00f6he:<\/th>\n<td data-label=\"Max. Schnitth\u00f6he\">95 mm<\/td>\n<\/tr>\n<tr>\n<th scope=\"row\">Scheinwerfer:<\/th>\n<td data-label=\"Scheinwerfer\">Nein<\/td>\n<\/tr>\n<tr>\n<th scope=\"row\">Elektrostart:<\/th>\n<td data-label=\"Elektrostart\">Ja<\/td>\n<\/tr>\n<tr>\n<th scope=\"row\">Mulchfunktion:<\/th>\n<td data-label=\"Mulchfunktion\">Als Zubeh\u00f6r erh\u00e4ltlich<\/td>\n<\/tr>\n<tr>\n<th scope=\"row\">Auslieferzustand:<\/th>\n<td data-label=\"Auslieferzustand\">Teilmontiert<\/td>\n<\/tr>\n<tr>\n<th scope=\"row\">Fangvolumen:<\/th>\n<td data-label=\"Fangvolumen\">150 l<\/td>\n<\/tr>\n<tr>\n<th scope=\"row\">Rad-Durchmesser vorne\/ hinten:<\/th>\n<td data-label=\"Rad-Durchmesser vorne\/ hinten\">33,02\/40,64 cm<\/td>\n<\/tr>\n<tr>\n<th scope=\"row\">Fl\u00e4chenempfehlung:<\/th>\n<td data-label=\"Fl\u00e4chenempfehlung\">gr\u00f6\u00dfer als 2000 m\u00b2<\/td>\n<\/tr>\n<tr>\n<th scope=\"row\">Anzahl Schnitth\u00f6henabstufungen:<\/th>\n<td data-label=\"Anzahl Schnitth\u00f6henabstufungen\">5 St\u00fcck<\/td>\n<\/tr>\n<\/tbody>\n<\/table>\n<\/div>\n<\/div>\n<div class=\"table-container table-1 table-unstyled\">\n<table class=\"c-datalist c-datalist--33\" style=\"height: 192px;\" width=\"710\">\n<thead>\n<tr>\n<th class=\"h5\">MASSE UND GEWICH<\/th>\n<\/tr>\n<\/thead>\n<tbody>\n<tr>\n<th scope=\"row\">Gewicht:<\/th>\n<td data-label=\"Gewicht\">163,1\u00a0kg<\/td>\n<\/tr>\n<tr>\n<th scope=\"row\">H\u00f6he:<\/th>\n<td data-label=\"H\u00f6he\">81,0\u00a0cm<\/td>\n<\/tr>\n<tr>\n<th scope=\"row\">Breite:<\/th>\n<td data-label=\"Breite\">171,0\u00a0cm<\/td>\n<\/tr>\n<tr>\n<th scope=\"row\">Tiefe:<\/th>\n<td data-label=\"Tiefe\">115,0\u00a0cm<\/td>\n<\/tr>\n<\/tbody>\n<\/table>\n<\/div>\n<p><b><u><a href=\"https:\/\/www.obi.de\/pages\/hilfe-und-kontakt-ruecksendung-erstattung#ruecksendung-erstattung-frage-antwort-defekte-elektrograete\" target=\"_blank\" rel=\"noopener\">Hinweise zur Entsorgung von Elektro-Altger\u00e4ten<\/a><\/u><\/b><\/p>\n<p><b><u><a href=\"https:\/\/www.obi.de\/pages\/hilfe-und-kontakt-ruecksendung-erstattung#ruecksendung-erstattung-frage-antwort-elektrograete-abholen\" target=\"_blank\" rel=\"noopener\">Abholung und fachgerechte Entsorgung deines Altger\u00e4tes \u2013 mehr erfahren<\/a><\/u><\/b><\/p>\n","protected":false},"excerpt":{"rendered":"<ul>\n<li><strong>Auf Lager<\/strong><\/li>\n<li><strong>Lieferung nach Deutschland :\u00a0<\/strong>Gratisversand (5 \u2013 7 Tagen) : 0\u20ac\u00a0 \u00a0 \u00a0 \u00a0 \u00a0 \u00a0 \u00a0 \u00a0 \u00a0 \u00a0 \u00a0 \u00a0 \u00a0 \u00a0 \u00a0 \u00a0 \u00a0 \u00a0 \u00a0 \u00a0 \u00a0 \u00a0 \u00a0 \u00a0 \u00a0 \u00a0 \u00a0 \u00a0 \u00a0 \u00a0 \u00a0\u00a0Expressversand (1 \u2013 3 Tagen) : 59,99\u20ac<\/li>\n<li><strong>Lieferung in \u00d6sterreich &amp; Schweiz :\u00a0<\/strong>( 7 Tagen ) : 79,99\u20ac<\/li>\n<li><strong>R\u00fcckgabe innerhalb von 14 Tagen<\/strong><\/li>\n<\/ul>\n","protected":false},"featured_media":9022,"template":"","meta":[],"product_brand":[],"product_cat":[75],"product_tag":[79,116],"class_list":{"0":"post-9793","1":"product","2":"type-product","3":"status-publish","4":"has-post-thumbnail","6":"product_cat-aufsitzfrontmaeher","7":"product_tag-aufsitzfrontmaeher","8":"product_tag-mtd","10":"first","11":"instock","12":"sale","13":"shipping-taxable","14":"purchasable","15":"product-type-simple"},"_links":{"self":[{"href":"https:\/\/rasenroboterplanet.com\/index.php\/wp-json\/wp\/v2\/product\/9793","targetHints":{"allow":["GET"]}}],"collection":[{"href":"https:\/\/rasenroboterplanet.com\/index.php\/wp-json\/wp\/v2\/product"}],"about":[{"href":"https:\/\/rasenroboterplanet.com\/index.php\/wp-json\/wp\/v2\/types\/product"}],"version-history":[{"count":2,"href":"https:\/\/rasenroboterplanet.com\/index.php\/wp-json\/wp\/v2\/product\/9793\/revisions"}],"predecessor-version":[{"id":10451,"href":"https:\/\/rasenroboterplanet.com\/index.php\/wp-json\/wp\/v2\/product\/9793\/revisions\/10451"}],"wp:featuredmedia":[{"embeddable":true,"href":"https:\/\/rasenroboterplanet.com\/index.php\/wp-json\/wp\/v2\/media\/9022"}],"wp:attachment":[{"href":"https:\/\/rasenroboterplanet.com\/index.php\/wp-json\/wp\/v2\/media?parent=9793"}],"wp:term":[{"taxonomy":"product_brand","embeddable":true,"href":"https:\/\/rasenroboterplanet.com\/index.php\/wp-json\/wp\/v2\/product_brand?post=9793"},{"taxonomy":"product_cat","embeddable":true,"href":"https:\/\/rasenroboterplanet.com\/index.php\/wp-json\/wp\/v2\/product_cat?post=9793"},{"taxonomy":"product_tag","embeddable":true,"href":"https:\/\/rasenroboterplanet.com\/index.php\/wp-json\/wp\/v2\/product_tag?post=9793"}],"curies":[{"name":"wp","href":"https:\/\/api.w.org\/{rel}","templated":true}]}}