{"id":9791,"date":"2023-02-25T14:12:56","date_gmt":"2023-02-25T13:12:56","guid":{"rendered":"https:\/\/rasenroboterplanet.com\/index.php\/produit\/mtd-96-rasentraktor4-84-8-6-2\/"},"modified":"2023-03-05T00:30:13","modified_gmt":"2023-03-04T23:30:13","slug":"mtd-96-rasentraktor4-84-8-6-2","status":"publish","type":"product","link":"https:\/\/rasenroboterplanet.com\/index.php\/produit\/mtd-96-rasentraktor4-84-8-6-2\/","title":{"rendered":"MTD 96 Rasentraktor4.84.8\u00a0"},"content":{"rendered":"<p>Rasentraktor MTD 96 mit Seitenauswurf Der Rasentraktor MTD 96 ist ein sehr gutes Ger\u00e4t f\u00fcr das Rasenm\u00e4hen. Er ist f\u00fcr gro\u00dfe Gr\u00fcnfl\u00e4chen und Parkanlagen am besten geeignet. Dieser Rasentraktor ist stark und handlich und er ist mit Fu\u00dfschalter ausgestattet. Er l\u00e4sst sich einfach auch mit Zweihandbedienung steuern. Die Lenkung erfolgt sicher und bequem bei jeder Bedienung und das Lenkrad gew\u00e4hrleistet ein sehr gutes M\u00e4hen auch um Hindernisse. Der Rasentraktor MTD 96 ist mit Seitenauswurf und 2-Messer M\u00e4hwerk von 96 cm ausgestattet. Bestens geeignet f\u00fcr eine Rasenfl\u00e4che bis 96 cm. Er ist kompakt und klein und er verf\u00fcgt \u00fcber leicht erreichbare Schaltungen auf dem Armaturenbrett, das sich dem Anwender nah befindet. Ergonomischer Hebel f\u00fcr die Einstellung der Schnitth\u00f6he: 5 Schnitteinstellungen. Karosserie aus emailliertem Stahl Der Vorderteil und die Karosserie sind aus emailliertem Stahl erzeugt, im Vergleich zu den Rasentraktoren die mit Karosserie aus Kunststoff ausger\u00fcstet sind. Deswegen ist dieser Rasentraktor robuster und langlebiger. Die Karosserie ist feuerbeschichtet (wie ein Auto), um die Farbelackierung langlebiger zu halten. Aufklappbare Haube f\u00fcr die Wartungsarbeiten. Das Vorderteil ist abnehmbar, dank den geeigneten Kupplungshaken<\/p>\n","protected":false},"excerpt":{"rendered":"<ul>\n<li><strong>Auf Lager<\/strong><\/li>\n<li><strong>Lieferung nach Deutschland :\u00a0<\/strong>Gratisversand (5 \u2013 7 Tagen) : 0\u20ac\u00a0 \u00a0 \u00a0 \u00a0 \u00a0 \u00a0 \u00a0 \u00a0 \u00a0 \u00a0 \u00a0 \u00a0 \u00a0 \u00a0 \u00a0 \u00a0 \u00a0 \u00a0 \u00a0 \u00a0 \u00a0 \u00a0 \u00a0 \u00a0 \u00a0 \u00a0 \u00a0 \u00a0 \u00a0 \u00a0 \u00a0\u00a0Expressversand (1 \u2013 3 Tagen) : 59,99\u20ac<\/li>\n<li><strong>Lieferung in \u00d6sterreich &amp; Schweiz :\u00a0<\/strong>( 7 Tagen ) : 79,99\u20ac<\/li>\n<li><strong>R\u00fcckgabe innerhalb von 14 Tagen<\/strong><\/li>\n<\/ul>\n","protected":false},"featured_media":9019,"template":"","meta":[],"product_brand":[],"product_cat":[75],"product_tag":[79,116],"class_list":{"0":"post-9791","1":"product","2":"type-product","3":"status-publish","4":"has-post-thumbnail","6":"product_cat-aufsitzfrontmaeher","7":"product_tag-aufsitzfrontmaeher","8":"product_tag-mtd","10":"first","11":"instock","12":"sale","13":"shipping-taxable","14":"purchasable","15":"product-type-simple"},"_links":{"self":[{"href":"https:\/\/rasenroboterplanet.com\/index.php\/wp-json\/wp\/v2\/product\/9791","targetHints":{"allow":["GET"]}}],"collection":[{"href":"https:\/\/rasenroboterplanet.com\/index.php\/wp-json\/wp\/v2\/product"}],"about":[{"href":"https:\/\/rasenroboterplanet.com\/index.php\/wp-json\/wp\/v2\/types\/product"}],"version-history":[{"count":2,"href":"https:\/\/rasenroboterplanet.com\/index.php\/wp-json\/wp\/v2\/product\/9791\/revisions"}],"predecessor-version":[{"id":10449,"href":"https:\/\/rasenroboterplanet.com\/index.php\/wp-json\/wp\/v2\/product\/9791\/revisions\/10449"}],"wp:featuredmedia":[{"embeddable":true,"href":"https:\/\/rasenroboterplanet.com\/index.php\/wp-json\/wp\/v2\/media\/9019"}],"wp:attachment":[{"href":"https:\/\/rasenroboterplanet.com\/index.php\/wp-json\/wp\/v2\/media?parent=9791"}],"wp:term":[{"taxonomy":"product_brand","embeddable":true,"href":"https:\/\/rasenroboterplanet.com\/index.php\/wp-json\/wp\/v2\/product_brand?post=9791"},{"taxonomy":"product_cat","embeddable":true,"href":"https:\/\/rasenroboterplanet.com\/index.php\/wp-json\/wp\/v2\/product_cat?post=9791"},{"taxonomy":"product_tag","embeddable":true,"href":"https:\/\/rasenroboterplanet.com\/index.php\/wp-json\/wp\/v2\/product_tag?post=9791"}],"curies":[{"name":"wp","href":"https:\/\/api.w.org\/{rel}","templated":true}]}}