{"id":9790,"date":"2023-02-25T14:12:55","date_gmt":"2023-02-25T13:12:55","guid":{"rendered":"https:\/\/rasenroboterplanet.com\/index.php\/produit\/mr196-61-scheppach-6-5ps-aufsitzrasenmaeher-benzin-2\/"},"modified":"2023-03-05T00:40:53","modified_gmt":"2023-03-04T23:40:53","slug":"mr196-61-scheppach-6-5ps-aufsitzrasenmaeher-benzin-2","status":"publish","type":"product","link":"https:\/\/rasenroboterplanet.com\/index.php\/produit\/mr196-61-scheppach-6-5ps-aufsitzrasenmaeher-benzin-2\/","title":{"rendered":"MR196-61 scheppach \u2013 6.5PS \u2013 Aufsitzrasenm\u00e4her Benzin"},"content":{"rendered":"<p>Aufsitzm\u00e4her MR196-61 scheppach \u2013 6.5PS DER SCHEPPACH MR196-61 AUFSITZM\u00c4HER ERM\u00d6GLICHT IHNEN GROSSE RASENFL\u00c4CHEN SCHNELL UND OHNE ANSTRENGUNG ZU M\u00c4HEN. SEINE 610 MM SCHNITTBREITE UND DER STARKE 196 CM3 6,5 PS LONGCIN MOTOR VERSPRECHEN EINEN SCHNELLEN ARBEITSFORTSCHRITT UND DANK DES 150 L FANGKORBS M\u00dcSSEN SIE SELTENER ZUM LEEREN ANHALTEN. DIE VIER VORW\u00c4RTSG\u00c4NGE UND EIN R\u00dcCKW\u00c4RTSGANG ERM\u00d6GLICHEN EIN KOMFORTABLES FAHREN UND RANGIEREN UND DER ELEKTROSTART EIN BEQUEMES STARTEN DES M\u00c4HERS. 5-fach h\u00f6henverstellbar Gro\u00dfe 610 mm Schnittbreite Elektro-Start zum einfachen Starten des Aufsitzm\u00e4hers 4 Vorw\u00e4rtsg\u00e4nge und 1 R\u00fcckw\u00e4rtsgang Starker 196 cm3 6,5 PS 4-Takt Motor Gro\u00dfer 150 L Fangsack Manuell zu- und abschaltbares M\u00e4hwerk<\/p>\n<p>&nbsp;<\/p>\n","protected":false},"excerpt":{"rendered":"<ul>\n<li><strong>Auf Lager<\/strong><\/li>\n<li><strong>Lieferung nach Deutschland :\u00a0<\/strong>Gratisversand (5 \u2013 7 Tagen) : 0\u20ac\u00a0 \u00a0 \u00a0 \u00a0 \u00a0 \u00a0 \u00a0 \u00a0 \u00a0 \u00a0 \u00a0 \u00a0 \u00a0 \u00a0 \u00a0 \u00a0 \u00a0 \u00a0 \u00a0 \u00a0 \u00a0 \u00a0 \u00a0 \u00a0 \u00a0 \u00a0 \u00a0 \u00a0 \u00a0 \u00a0 \u00a0\u00a0Expressversand (1 \u2013 3 Tagen) : 59,99\u20ac<\/li>\n<li><strong>Lieferung in \u00d6sterreich &amp; Schweiz :\u00a0<\/strong>( 7 Tagen ) : 79,99\u20ac<\/li>\n<li><strong>R\u00fcckgabe innerhalb von 14 Tagen<\/strong><\/li>\n<\/ul>\n","protected":false},"featured_media":9017,"template":"","meta":[],"product_brand":[],"product_cat":[75],"product_tag":[79,118],"class_list":{"0":"post-9790","1":"product","2":"type-product","3":"status-publish","4":"has-post-thumbnail","6":"product_cat-aufsitzfrontmaeher","7":"product_tag-aufsitzfrontmaeher","8":"product_tag-scheppach","10":"first","11":"instock","12":"sale","13":"shipping-taxable","14":"purchasable","15":"product-type-simple"},"_links":{"self":[{"href":"https:\/\/rasenroboterplanet.com\/index.php\/wp-json\/wp\/v2\/product\/9790","targetHints":{"allow":["GET"]}}],"collection":[{"href":"https:\/\/rasenroboterplanet.com\/index.php\/wp-json\/wp\/v2\/product"}],"about":[{"href":"https:\/\/rasenroboterplanet.com\/index.php\/wp-json\/wp\/v2\/types\/product"}],"version-history":[{"count":2,"href":"https:\/\/rasenroboterplanet.com\/index.php\/wp-json\/wp\/v2\/product\/9790\/revisions"}],"predecessor-version":[{"id":11001,"href":"https:\/\/rasenroboterplanet.com\/index.php\/wp-json\/wp\/v2\/product\/9790\/revisions\/11001"}],"wp:featuredmedia":[{"embeddable":true,"href":"https:\/\/rasenroboterplanet.com\/index.php\/wp-json\/wp\/v2\/media\/9017"}],"wp:attachment":[{"href":"https:\/\/rasenroboterplanet.com\/index.php\/wp-json\/wp\/v2\/media?parent=9790"}],"wp:term":[{"taxonomy":"product_brand","embeddable":true,"href":"https:\/\/rasenroboterplanet.com\/index.php\/wp-json\/wp\/v2\/product_brand?post=9790"},{"taxonomy":"product_cat","embeddable":true,"href":"https:\/\/rasenroboterplanet.com\/index.php\/wp-json\/wp\/v2\/product_cat?post=9790"},{"taxonomy":"product_tag","embeddable":true,"href":"https:\/\/rasenroboterplanet.com\/index.php\/wp-json\/wp\/v2\/product_tag?post=9790"}],"curies":[{"name":"wp","href":"https:\/\/api.w.org\/{rel}","templated":true}]}}