{"id":9788,"date":"2023-02-25T14:12:54","date_gmt":"2023-02-25T13:12:54","guid":{"rendered":"https:\/\/rasenroboterplanet.com\/index.php\/produit\/john-deere-rasentraktor-x584-2\/"},"modified":"2023-03-05T23:30:05","modified_gmt":"2023-03-05T22:30:05","slug":"john-deere-rasentraktor-x584-2","status":"publish","type":"product","link":"https:\/\/rasenroboterplanet.com\/index.php\/produit\/john-deere-rasentraktor-x584-2\/","title":{"rendered":"JOHN DEERE Rasentraktor X584"},"content":{"rendered":"<div class=\"content--title\">Produktinformationen \u201eJOHN DEERE Rasentraktor X584\u201c<\/div>\n<div class=\"product--description\">\n<p>Der Allesk\u00f6nner X584 mit Allradlenkung f\u00fchrt Sie sicher auf allen Wegen, erleichtert Ihre Gartenarbeit und meistert schwierige Situationen. Die gro\u00dfe Spurweite verbessert die Stabilit\u00e4t an H\u00e4ngen. Die Traktion kann durch Bet\u00e4tigen der Differenzialsperre erh\u00f6ht werden. Der robuste Rahmen sorgt f\u00fcr stabile Fahreigenschaften und Ausstattungsmerkmale wie eine an Bord integrierte Messlehre zum Einstellen des M\u00e4hwerks stellen sicher, dass Sie immer beste Ergebnisse erzielen. Dar\u00fcber hinaus profitieren Sie von Servolenkung und hydraulischem M\u00e4hwerkaushub, die Ihnen in hohem Ma\u00dfe die Bedienung erleichtern.Mit MulchControl f\u00fcr maximale Leistung sowie Flexibilit\u00e4t beim M\u00e4hen und Mulchen. Dieses innovative System l\u00e4sst Sie beliebig zwischen Seitenauswurf und Mulchen durch Umlegen eines Hebels wechseln.<\/p>\n<p>&nbsp;<\/p>\n<\/div>\n<div class=\"content--title\">Weiterf\u00fchrende Links zu \u201eJOHN DEERE Rasentraktor X584\u201c<\/div>\n<ul class=\"content--list list--unstyled\">\n<li class=\"list--entry\"><a class=\"content--link link--contact\" title=\"Fragen zum Artikel?\" href=\"https:\/\/www.endress.bayern\/support\/index\/sFid\/16\/sInquiry\/detail\/sOrdernumber\/42728.1\" rel=\"nofollow\"><i class=\"icon--arrow-right\"><\/i>Fragen zum Artikel?<\/a><\/li>\n<\/ul>\n","protected":false},"excerpt":{"rendered":"<ul>\n<li><strong>Auf Lager<\/strong><\/li>\n<li><strong>Lieferung nach Deutschland :\u00a0<\/strong>Gratisversand (5 \u2013 7 Tagen) : 0\u20ac\u00a0 \u00a0 \u00a0 \u00a0 \u00a0 \u00a0 \u00a0 \u00a0 \u00a0 \u00a0 \u00a0 \u00a0 \u00a0 \u00a0 \u00a0 \u00a0 \u00a0 \u00a0 \u00a0 \u00a0 \u00a0 \u00a0 \u00a0 \u00a0 \u00a0 \u00a0 \u00a0 \u00a0 \u00a0 \u00a0 \u00a0\u00a0Expressversand (1 \u2013 3 Tagen) : 59,99\u20ac<\/li>\n<li><strong>Lieferung in \u00d6sterreich &amp; Schweiz :\u00a0<\/strong>( 7 Tagen ) : 79,99\u20ac<\/li>\n<li><strong>R\u00fcckgabe innerhalb von 14 Tagen<\/strong><\/li>\n<\/ul>\n","protected":false},"featured_media":9013,"template":"","meta":[],"product_brand":[],"product_cat":[72],"product_tag":[78,133],"class_list":{"0":"post-9788","1":"product","2":"type-product","3":"status-publish","4":"has-post-thumbnail","6":"product_cat-gartentraktoren","7":"product_tag-gartentraktoren","8":"product_tag-john-deere","10":"first","11":"instock","12":"sale","13":"shipping-taxable","14":"purchasable","15":"product-type-simple"},"_links":{"self":[{"href":"https:\/\/rasenroboterplanet.com\/index.php\/wp-json\/wp\/v2\/product\/9788","targetHints":{"allow":["GET"]}}],"collection":[{"href":"https:\/\/rasenroboterplanet.com\/index.php\/wp-json\/wp\/v2\/product"}],"about":[{"href":"https:\/\/rasenroboterplanet.com\/index.php\/wp-json\/wp\/v2\/types\/product"}],"version-history":[{"count":1,"href":"https:\/\/rasenroboterplanet.com\/index.php\/wp-json\/wp\/v2\/product\/9788\/revisions"}],"predecessor-version":[{"id":10441,"href":"https:\/\/rasenroboterplanet.com\/index.php\/wp-json\/wp\/v2\/product\/9788\/revisions\/10441"}],"wp:featuredmedia":[{"embeddable":true,"href":"https:\/\/rasenroboterplanet.com\/index.php\/wp-json\/wp\/v2\/media\/9013"}],"wp:attachment":[{"href":"https:\/\/rasenroboterplanet.com\/index.php\/wp-json\/wp\/v2\/media?parent=9788"}],"wp:term":[{"taxonomy":"product_brand","embeddable":true,"href":"https:\/\/rasenroboterplanet.com\/index.php\/wp-json\/wp\/v2\/product_brand?post=9788"},{"taxonomy":"product_cat","embeddable":true,"href":"https:\/\/rasenroboterplanet.com\/index.php\/wp-json\/wp\/v2\/product_cat?post=9788"},{"taxonomy":"product_tag","embeddable":true,"href":"https:\/\/rasenroboterplanet.com\/index.php\/wp-json\/wp\/v2\/product_tag?post=9788"}],"curies":[{"name":"wp","href":"https:\/\/api.w.org\/{rel}","templated":true}]}}