{"id":9787,"date":"2023-02-25T14:12:54","date_gmt":"2023-02-25T13:12:54","guid":{"rendered":"https:\/\/rasenroboterplanet.com\/index.php\/produit\/john-deere-rasentraktor-x380-2\/"},"modified":"2023-03-05T23:32:17","modified_gmt":"2023-03-05T22:32:17","slug":"john-deere-rasentraktor-x380-2","status":"publish","type":"product","link":"https:\/\/rasenroboterplanet.com\/index.php\/produit\/john-deere-rasentraktor-x380-2\/","title":{"rendered":"JOHN DEERE Rasentraktor X380"},"content":{"rendered":"<div class=\"content--title\">Produktinformationen \u201eJOHN DEERE Rasentraktor X380\u201c<\/div>\n<div class=\"product--description\">\n<p>Der Rasentraktor X380 geh\u00f6rt zur Select Serie. Mit der leichtg\u00e4ngigen 2-Pedal-Fu\u00dfautomatik steuern Sie bequem den Fahrtrichtungswechsel und die Fahrgeschwindigkeit.Modernes Armaturenbrett und Schnitth\u00f6hen Verstellung Eingebettet in das \u00fcbersichtliche Armaturenbrett ist der Informationsdisplay, auf dem Sie stets alle wichtigen Funktionen im Blick haben. Durch die M\u00e4hwerksaushebung per Fu\u00dfpedal und mit dem praktischen Drehregler f\u00fcr die Schnitth\u00f6he, haben Sie immer einen perfekten Schnitt.<\/p>\n<p>&nbsp;<\/p>\n<\/div>\n<div class=\"content--title\">Weiterf\u00fchrende Links zu \u201eJOHN DEERE Rasentraktor X380\u201c<\/div>\n<ul class=\"content--list list--unstyled\">\n<li class=\"list--entry\"><a class=\"content--link link--contact\" title=\"Fragen zum Artikel?\" href=\"https:\/\/www.endress.bayern\/support\/index\/sFid\/16\/sInquiry\/detail\/sOrdernumber\/42722\" rel=\"nofollow\"><i class=\"icon--arrow-right\"><\/i>Fragen zum Artikel?<\/a><\/li>\n<\/ul>\n","protected":false},"excerpt":{"rendered":"<ul>\n<li><strong>Auf Lager<\/strong><\/li>\n<li><strong>Lieferung nach Deutschland :\u00a0<\/strong>Gratisversand (5 \u2013 7 Tagen) : 0\u20ac\u00a0 \u00a0 \u00a0 \u00a0 \u00a0 \u00a0 \u00a0 \u00a0 \u00a0 \u00a0 \u00a0 \u00a0 \u00a0 \u00a0 \u00a0 \u00a0 \u00a0 \u00a0 \u00a0 \u00a0 \u00a0 \u00a0 \u00a0 \u00a0 \u00a0 \u00a0 \u00a0 \u00a0 \u00a0 \u00a0 \u00a0\u00a0Expressversand (1 \u2013 3 Tagen) : 59,99\u20ac<\/li>\n<li><strong>Lieferung in \u00d6sterreich &amp; Schweiz :\u00a0<\/strong>( 7 Tagen ) : 79,99\u20ac<\/li>\n<li><strong>R\u00fcckgabe innerhalb von 14 Tagen<\/strong><\/li>\n<\/ul>\n","protected":false},"featured_media":9011,"template":"","meta":[],"product_brand":[],"product_cat":[72],"product_tag":[78,133],"class_list":{"0":"post-9787","1":"product","2":"type-product","3":"status-publish","4":"has-post-thumbnail","6":"product_cat-gartentraktoren","7":"product_tag-gartentraktoren","8":"product_tag-john-deere","10":"first","11":"instock","12":"sale","13":"shipping-taxable","14":"purchasable","15":"product-type-simple"},"_links":{"self":[{"href":"https:\/\/rasenroboterplanet.com\/index.php\/wp-json\/wp\/v2\/product\/9787","targetHints":{"allow":["GET"]}}],"collection":[{"href":"https:\/\/rasenroboterplanet.com\/index.php\/wp-json\/wp\/v2\/product"}],"about":[{"href":"https:\/\/rasenroboterplanet.com\/index.php\/wp-json\/wp\/v2\/types\/product"}],"version-history":[{"count":1,"href":"https:\/\/rasenroboterplanet.com\/index.php\/wp-json\/wp\/v2\/product\/9787\/revisions"}],"predecessor-version":[{"id":10440,"href":"https:\/\/rasenroboterplanet.com\/index.php\/wp-json\/wp\/v2\/product\/9787\/revisions\/10440"}],"wp:featuredmedia":[{"embeddable":true,"href":"https:\/\/rasenroboterplanet.com\/index.php\/wp-json\/wp\/v2\/media\/9011"}],"wp:attachment":[{"href":"https:\/\/rasenroboterplanet.com\/index.php\/wp-json\/wp\/v2\/media?parent=9787"}],"wp:term":[{"taxonomy":"product_brand","embeddable":true,"href":"https:\/\/rasenroboterplanet.com\/index.php\/wp-json\/wp\/v2\/product_brand?post=9787"},{"taxonomy":"product_cat","embeddable":true,"href":"https:\/\/rasenroboterplanet.com\/index.php\/wp-json\/wp\/v2\/product_cat?post=9787"},{"taxonomy":"product_tag","embeddable":true,"href":"https:\/\/rasenroboterplanet.com\/index.php\/wp-json\/wp\/v2\/product_tag?post=9787"}],"curies":[{"name":"wp","href":"https:\/\/api.w.org\/{rel}","templated":true}]}}