{"id":9786,"date":"2023-02-25T14:12:54","date_gmt":"2023-02-25T13:12:54","guid":{"rendered":"https:\/\/rasenroboterplanet.com\/index.php\/produit\/john-deere-rasentraktor-x167-2\/"},"modified":"2023-03-05T23:34:03","modified_gmt":"2023-03-05T22:34:03","slug":"john-deere-rasentraktor-x167-2","status":"publish","type":"product","link":"https:\/\/rasenroboterplanet.com\/index.php\/produit\/john-deere-rasentraktor-x167-2\/","title":{"rendered":"JOHN DEERE Rasentraktor X167"},"content":{"rendered":"<div class=\"content--title\">Produktinformationen \u201eJOHN DEERE Rasentraktor X167\u201c<\/div>\n<div class=\"product--description\">\n<p>Wenn Sie einen bedienerfreundlichen Aufsitzm\u00e4her mit zuverl\u00e4ssiger Leistung suchen, sollten Sie sich den X167 ansehen. Mit seiner ergonomischen Fahrerplattform mit farblich gekennzeichneten Steuereinheiten, dem einstellbaren, bequem gefederten Sitz und einer gro\u00dfen Auswahl an Fahrgeschwindigkeiten wird das Rasenm\u00e4hen mit dem X167 zum Vergn\u00fcgen. Die Maschine basiert auf einem durchgehend geschwei\u00dften Stahlrahmen und einer Vorderachse aus Gusseisen f\u00fcr jahrelange zuverl\u00e4ssige Dienste. Der X167 ist ganz einfach zu bedienen und bereitet seinem Besitzer viel Freude.<\/p>\n<h1>Rasentraktor JOHN DEERE X167<\/h1>\n<p>Aufsitz-Rasenpflegemaschinen<\/p>\n<ul>\n<li>M\u00e4hwerkzuschaltung: elektrisch<\/li>\n<li>Sitz: offene, hohe R\u00fcckenlehne<\/li>\n<li>Mulch-Abdeckung: Standard<\/li>\n<li>Motordrehzahlbegrenzung: Standard<\/li>\n<li>Grasaufnahmesystem: optional<\/li>\n<li>Frontsto\u00dfstange: Standard<\/li>\n<\/ul>\n<\/div>\n<div class=\"content--title\">Weiterf\u00fchrende Links zu \u201eJOHN DEERE Rasentraktor X167\u201c<\/div>\n<ul class=\"content--list list--unstyled\">\n<li class=\"list--entry\"><a class=\"content--link link--contact\" title=\"Fragen zum Artikel?\" href=\"https:\/\/www.endress.bayern\/support\/index\/sFid\/16\/sInquiry\/detail\/sOrdernumber\/2111182\" rel=\"nofollow\"><i class=\"icon--arrow-right\"><\/i>Fragen zum Artikel?<\/a><\/li>\n<\/ul>\n","protected":false},"excerpt":{"rendered":"<ul>\n<li><strong>Auf Lager<\/strong><\/li>\n<li><strong>Lieferung nach Deutschland :\u00a0<\/strong>Gratisversand (5 \u2013 7 Tagen) : 0\u20ac\u00a0 \u00a0 \u00a0 \u00a0 \u00a0 \u00a0 \u00a0 \u00a0 \u00a0 \u00a0 \u00a0 \u00a0 \u00a0 \u00a0 \u00a0 \u00a0 \u00a0 \u00a0 \u00a0 \u00a0 \u00a0 \u00a0 \u00a0 \u00a0 \u00a0 \u00a0 \u00a0 \u00a0 \u00a0 \u00a0 \u00a0\u00a0Expressversand (1 \u2013 3 Tagen) : 59,99\u20ac<\/li>\n<li><strong>Lieferung in \u00d6sterreich &amp; Schweiz :\u00a0<\/strong>( 7 Tagen ) : 79,99\u20ac<\/li>\n<li><strong>R\u00fcckgabe innerhalb von 14 Tagen<\/strong><\/li>\n<\/ul>\n","protected":false},"featured_media":9009,"template":"","meta":[],"product_brand":[],"product_cat":[72],"product_tag":[78,133],"class_list":{"0":"post-9786","1":"product","2":"type-product","3":"status-publish","4":"has-post-thumbnail","6":"product_cat-gartentraktoren","7":"product_tag-gartentraktoren","8":"product_tag-john-deere","10":"first","11":"instock","12":"sale","13":"shipping-taxable","14":"purchasable","15":"product-type-simple"},"_links":{"self":[{"href":"https:\/\/rasenroboterplanet.com\/index.php\/wp-json\/wp\/v2\/product\/9786","targetHints":{"allow":["GET"]}}],"collection":[{"href":"https:\/\/rasenroboterplanet.com\/index.php\/wp-json\/wp\/v2\/product"}],"about":[{"href":"https:\/\/rasenroboterplanet.com\/index.php\/wp-json\/wp\/v2\/types\/product"}],"version-history":[{"count":1,"href":"https:\/\/rasenroboterplanet.com\/index.php\/wp-json\/wp\/v2\/product\/9786\/revisions"}],"predecessor-version":[{"id":10439,"href":"https:\/\/rasenroboterplanet.com\/index.php\/wp-json\/wp\/v2\/product\/9786\/revisions\/10439"}],"wp:featuredmedia":[{"embeddable":true,"href":"https:\/\/rasenroboterplanet.com\/index.php\/wp-json\/wp\/v2\/media\/9009"}],"wp:attachment":[{"href":"https:\/\/rasenroboterplanet.com\/index.php\/wp-json\/wp\/v2\/media?parent=9786"}],"wp:term":[{"taxonomy":"product_brand","embeddable":true,"href":"https:\/\/rasenroboterplanet.com\/index.php\/wp-json\/wp\/v2\/product_brand?post=9786"},{"taxonomy":"product_cat","embeddable":true,"href":"https:\/\/rasenroboterplanet.com\/index.php\/wp-json\/wp\/v2\/product_cat?post=9786"},{"taxonomy":"product_tag","embeddable":true,"href":"https:\/\/rasenroboterplanet.com\/index.php\/wp-json\/wp\/v2\/product_tag?post=9786"}],"curies":[{"name":"wp","href":"https:\/\/api.w.org\/{rel}","templated":true}]}}