{"id":9785,"date":"2023-02-25T14:12:54","date_gmt":"2023-02-25T13:12:54","guid":{"rendered":"https:\/\/rasenroboterplanet.com\/index.php\/produit\/john-deere-rasentraktor-x147r-2\/"},"modified":"2023-03-05T23:35:49","modified_gmt":"2023-03-05T22:35:49","slug":"john-deere-rasentraktor-x147r-2","status":"publish","type":"product","link":"https:\/\/rasenroboterplanet.com\/index.php\/produit\/john-deere-rasentraktor-x147r-2\/","title":{"rendered":"JOHN DEERE Rasentraktor X147R"},"content":{"rendered":"<div class=\"content--title\">Produktinformationen \u201eJOHN DEERE Rasentraktor X147R\u201c<\/div>\n<div class=\"product--description\">\n<p>Der X147R steht in jedem Aspekt seines Designs, beispielsweise mit seinem durchgehenden, geschwei\u00dften Stahlrahmen und seiner Vorderachse aus Gusseisen, f\u00fcr Verl\u00e4sslichkeit, Langlebigkeit und St\u00e4rke. Durch seine ergonomisch gestaltete Fahrerplattform, seinen qualitativ hochwertigen Fahrscheinwerfern und der Vielzahl an Fahrgeschwindigkeiten wird das Rasenm\u00e4hen zum Vergn\u00fcgen. Der Rasentraktor X147R: automatische hintere Auffangvorrichtung f\u00fcr ein perfektes Schnittbild.<\/p>\n<h1>Rasentraktor JOHN DEERE X147R<\/h1>\n<p>Aufsitz-Rasenpflegemaschinen<\/p>\n<ul>\n<li>M\u00e4hwerkzuschaltung: elektrisch<\/li>\n<li>Grasfangsack: 300 l<\/li>\n<li>Sitz: offene, hohe R\u00fcckenlehne<\/li>\n<li>Mulchausr\u00fcstung: optional<\/li>\n<li>Sto\u00dfstange: optional<\/li>\n<\/ul>\n<p>Rasentraktor JOHN DEERE X147R<\/p>\n<p>&nbsp;<\/p>\n<\/div>\n<div class=\"content--title\">Weiterf\u00fchrende Links zu \u201eJOHN DEERE Rasentraktor X147R\u201c<\/div>\n<ul class=\"content--list list--unstyled\">\n<li class=\"list--entry\"><a class=\"content--link link--contact\" title=\"Fragen zum Artikel?\" href=\"https:\/\/www.endress.bayern\/support\/index\/sFid\/16\/sInquiry\/detail\/sOrdernumber\/2111184\" rel=\"nofollow\"><i class=\"icon--arrow-right\"><\/i>Fragen zum Artikel?<\/a><\/li>\n<\/ul>\n","protected":false},"excerpt":{"rendered":"<ul>\n<li><strong>Auf Lager<\/strong><\/li>\n<li><strong>Lieferung nach Deutschland :\u00a0<\/strong>Gratisversand (5 \u2013 7 Tagen) : 0\u20ac\u00a0 \u00a0 \u00a0 \u00a0 \u00a0 \u00a0 \u00a0 \u00a0 \u00a0 \u00a0 \u00a0 \u00a0 \u00a0 \u00a0 \u00a0 \u00a0 \u00a0 \u00a0 \u00a0 \u00a0 \u00a0 \u00a0 \u00a0 \u00a0 \u00a0 \u00a0 \u00a0 \u00a0 \u00a0 \u00a0 \u00a0\u00a0Expressversand (1 \u2013 3 Tagen) : 59,99\u20ac<\/li>\n<li><strong>Lieferung in \u00d6sterreich &amp; Schweiz :\u00a0<\/strong>( 7 Tagen ) : 79,99\u20ac<\/li>\n<li><strong>R\u00fcckgabe innerhalb von 14 Tagen<\/strong><\/li>\n<\/ul>\n","protected":false},"featured_media":9007,"template":"","meta":[],"product_brand":[],"product_cat":[72],"product_tag":[78,133],"class_list":{"0":"post-9785","1":"product","2":"type-product","3":"status-publish","4":"has-post-thumbnail","6":"product_cat-gartentraktoren","7":"product_tag-gartentraktoren","8":"product_tag-john-deere","10":"first","11":"instock","12":"sale","13":"shipping-taxable","14":"purchasable","15":"product-type-simple"},"_links":{"self":[{"href":"https:\/\/rasenroboterplanet.com\/index.php\/wp-json\/wp\/v2\/product\/9785","targetHints":{"allow":["GET"]}}],"collection":[{"href":"https:\/\/rasenroboterplanet.com\/index.php\/wp-json\/wp\/v2\/product"}],"about":[{"href":"https:\/\/rasenroboterplanet.com\/index.php\/wp-json\/wp\/v2\/types\/product"}],"version-history":[{"count":1,"href":"https:\/\/rasenroboterplanet.com\/index.php\/wp-json\/wp\/v2\/product\/9785\/revisions"}],"predecessor-version":[{"id":10438,"href":"https:\/\/rasenroboterplanet.com\/index.php\/wp-json\/wp\/v2\/product\/9785\/revisions\/10438"}],"wp:featuredmedia":[{"embeddable":true,"href":"https:\/\/rasenroboterplanet.com\/index.php\/wp-json\/wp\/v2\/media\/9007"}],"wp:attachment":[{"href":"https:\/\/rasenroboterplanet.com\/index.php\/wp-json\/wp\/v2\/media?parent=9785"}],"wp:term":[{"taxonomy":"product_brand","embeddable":true,"href":"https:\/\/rasenroboterplanet.com\/index.php\/wp-json\/wp\/v2\/product_brand?post=9785"},{"taxonomy":"product_cat","embeddable":true,"href":"https:\/\/rasenroboterplanet.com\/index.php\/wp-json\/wp\/v2\/product_cat?post=9785"},{"taxonomy":"product_tag","embeddable":true,"href":"https:\/\/rasenroboterplanet.com\/index.php\/wp-json\/wp\/v2\/product_tag?post=9785"}],"curies":[{"name":"wp","href":"https:\/\/api.w.org\/{rel}","templated":true}]}}