{"id":9768,"date":"2023-02-25T14:12:48","date_gmt":"2023-02-25T13:12:48","guid":{"rendered":"https:\/\/rasenroboterplanet.com\/index.php\/produit\/husqvarna-rasentraktor-tc-238t-winterpaket-120-plus-4\/"},"modified":"2023-03-04T19:37:11","modified_gmt":"2023-03-04T18:37:11","slug":"husqvarna-rasentraktor-tc-238t-winterpaket-120-plus-4","status":"publish","type":"product","link":"https:\/\/rasenroboterplanet.com\/index.php\/produit\/husqvarna-rasentraktor-tc-238t-winterpaket-120-plus-4\/","title":{"rendered":"HUSQVARNA Rasentraktor TC 238T \u2013 Winterpaket 120 Plus"},"content":{"rendered":"<div class=\"product-tabs-wrapper\">\n<div class=\"container\">\n<div class=\"row\">\n<div class=\"col-12 poduct-tabs-inner\">\n<div class=\"woocommerce-tabs wc-tabs-wrapper tabs-layout-tabs\">\n<div class=\"wd-tab-wrapper\">\n<div id=\"tab-description\" class=\"woocommerce-Tabs-panel woocommerce-Tabs-panel--description panel entry-content wc-tab\">\n<div class=\"wc-tab-inner \">\n<div class=\"\">\n<p><strong>HUSQVARNA TC 238 T \u2013\u00a0mit Schneeschild 120Plus<br \/>\n<\/strong><\/p>\n<p>Der neue\u00a0<strong>Husqvarna Rasentraktor TC 238T<\/strong>\u00a0ist ideal f\u00fcr Hausbesitzer und Grundbesitzer mit gr\u00f6\u00dferen G\u00e4rten. Der ger\u00e4umige, integrierte Sammelbeh\u00e4lter l\u00e4sst sich bequem vom Fahrersitz leeren. Ausgestattet mit einem\u00a0<strong>kraftvollen Zweizylinder-Briggs&amp;Stratton Motor<\/strong>\u00a0mit 656 ccm. Ausgestattet mit integriertem\u00a0<strong>320 L Fangsystem<\/strong>, pedalbetriebenem, hydrostatischem Getriebe und Low-Vibe-Deck-Antrieb.\u00a0<strong>BioClip\u00ae<\/strong>\u00a0vom verstellbaren 15\u2033; Sitz und dem ergonomischen Lenkrad. Ein Deflektor und Mulchkit f\u00fcr den Heckauswurf ist\u00a0<strong>als Zubeh\u00f6r erh\u00e4ltlich.\u00a0<\/strong><\/p>\n<p>&nbsp;<\/p>\n<div class=\"product--description\">\n<p><strong>Produkteigenschaften<\/strong><\/p>\n<p><strong>Start ohne Choke<\/strong><br \/>\nDank dem Auto Choke ist das Ger\u00e4t leicht zu bedienen.<\/p>\n<p><strong>Pedalgesteuertes Hydrostatikgetriebe<\/strong><br \/>\nGeschwindigkeits- und Richtungskontrolle durch pedalgesteuertes Hydrostatikgetriebe. Separate Pedale zum Vorw\u00e4rts- und R\u00fcckw\u00e4rtsfahren.<\/p>\n<p><strong>Robuste Sammelschnittstelle<\/strong><br \/>\nEin robustes und ger\u00e4umiges Sammelsystem mit hochwertiger Stahlr\u00fcckplatte und Verriegelungsmechanismus<\/p>\n<p><strong>Gusseiserne Vorderachse<\/strong><br \/>\nDie gu\u00dfeiserne Vorderachse sorgt f\u00fcr sehr gute Balance und Stabilit\u00e4t, auch bei Betrieb mit Grasfangbox.<\/p>\n<p><strong>Verst\u00e4rktes M\u00e4hdeck<\/strong><br \/>\nDas verst\u00e4rkte und pulverbeschichtete Schneidwerk bietet mehr Festigkeit und Korrosionswiderstand.<\/p>\n<p><strong>Hoher Komfort R\u00fccksitz<\/strong><br \/>\nDer hohe R\u00fccksitz bietet zus\u00e4tzlichen Komfort und Unterst\u00fctzung beim M\u00e4hen. Kann mit Armlehnen erg\u00e4nzt werden.<\/p>\n<p><strong>Robustes Stahlchassis<\/strong><br \/>\nGefertigt aus einem robusten Stahlchassis, was die Haltbarkeit und Stabilit\u00e4t erh\u00f6ht.<\/p>\n<p><strong>Am Kotfl\u00fcgel montierte Schnitth\u00f6henverstellung<\/strong><br \/>\nLeicht zug\u00e4ngliche Schnitth\u00f6henverstellung f\u00fcr verbesserte Ergonomie. Das federgest\u00fctzte M\u00e4hdeck erleichtert die Einstellung sp\u00fcrbar.<\/p>\n<p><strong>Air Induction<\/strong><br \/>\nBei unseren innovativen Air Induction Schneidwerken wird die Luft so geleitet, dass ein starker Luftstrom erzeugt wird. Dies tr\u00e4gt dazu bei, dass das Gras aufgerichtet wird und sich so hervorragende M\u00e4hergebnisse erzielen lassen.<\/p>\n<p><strong>Offener Durchstieg<\/strong><br \/>\nF\u00fcr bequemen Ein- und Ausstieg auf den Traktor.<\/p>\n<p><strong>Leicht verstellbarer Sitz<\/strong><br \/>\nW\u00e4hrend des Sitzens einstellbar; Sitz l\u00e4sst sich nach vorne und hinten bewegen oder aufw\u00e4rts und abw\u00e4rts.<\/p>\n<p><strong>Reinigungsanschluss am M\u00e4hwerk<\/strong><br \/>\nSchlie\u00dfen Sie den Gartenschlauch am M\u00e4hdeck an, um dessen Unterseite zu reinigen.<\/p>\n<p><strong>St\u00fctzr\u00e4der<\/strong><br \/>\nDas M\u00e4hdeck ist ausgestattet mit St\u00fctzr\u00e4dern, die daf\u00fcr Sorgen, dass das Risiko, den Rasen auf unebenem Gel\u00e4nde zu besch\u00e4digen, minimiert wird.<\/p>\n<p><strong>Grasfangbox<\/strong><br \/>\nDie gro\u00dfe, effektive Grasfangbox sorgt f\u00fcr ein hervorragendes Aufsammeln von Gras und Laub. Zudem ist sie vom Fahrersitz aus leicht zu entleeren.<\/p>\n<p><strong>Becherhalter<\/strong><br \/>\nPraktischer Becherhalter.<\/p>\n<p><strong>Doppeltes Lenkseil<br \/>\n<\/strong>Sorgt f\u00fcr einen kleineren Wendekreis und verbesserte Man\u00f6vrierf\u00e4higkeit.<\/p>\n<p><strong>Hervorragendes M\u00e4hdeck<\/strong><br \/>\nF\u00fcr hervorragende Leistung und Effizienz.<\/p>\n<p><strong>Pulverbeschichtetes M\u00e4hdeck<\/strong><br \/>\nPulverbeschichtetes M\u00e4hdeck f\u00fcr gesteigerte Haltbarkeit und bessere Rostbest\u00e4ndigkeit.<\/p>\n<p><strong>Sammelbeh\u00e4lter F\u00fcllstandsanzeige<\/strong><br \/>\nEine Anzeige zeigt an, wann es Zeit ist, den Sammelbeh\u00e4lter zu leeren.<\/p>\n<p><strong>Scheinwerfer<\/strong><br \/>\nSorgt daf\u00fcr, dass der Traktor nachts besser zu erkennen ist und erleichtert das Arbeiten w\u00e4hrend der Dunkelheit.<\/p>\n<p><strong>Husqvarna Series Motor<\/strong><br \/>\nDer Briggs &amp; Stratton Motor wurde eigens f\u00fcr Husqvarna entwickelt. Er ist mit einem speziellen \u00d6lfilter, einer Druck\u00f6lschmierung, dem Anti-Vibrations-System und dem Auto Choke ausgestattet.<\/p>\n<p><strong>R\u00fcckw\u00e4rtsfahrsystem (ROS)<\/strong><br \/>\nSorgt f\u00fcr mehr Sicherheit. Das R\u00fcckw\u00e4rtsfahrsystem (ROS) deaktiviert die Schneidmesser beim R\u00fcckw\u00e4rtsfahren.<\/p>\n<p><strong>Sicherheitsschalter unter dem Sitz<\/strong><br \/>\nDer Traktor ist ausgestattet mit einem Sicherheitsschalter unter dem Sitz. Wenn der Fahrer den Sitz verl\u00e4sst werden Motor und M\u00e4hdeck automatisch abgeschaltet.<\/p>\n<p><strong>Wasserschlauchanschluss<\/strong><br \/>\nErleichtert das Reinigen des M\u00e4hdecks. Einfach Wasserschlauch aufstecken, Wasser aufdrehen und den Motor starten. Um eine besonders gute Reinigung zu erzielen sollte die Reinigung unmittelbar nach dem M\u00e4hen durchgef\u00fchrt werden.<\/p>\n<p><strong>Ganzjahreseinsatz<\/strong><br \/>\nEine breite Palette von Zubeh\u00f6r macht unsere Traktoren sehr vielseitig und bereit f\u00fcr den ganzj\u00e4hrigen Einsatz. Verwendet werden k\u00f6nnen Anh\u00e4nger, Schneer\u00e4umschilder, Kehrb\u00fcrsten und vieles mehr.<\/p>\n<table border=\"0\">\n<tbody>\n<tr>\n<td><strong>Technische Daten<\/strong><\/td>\n<td><\/td>\n<\/tr>\n<tr>\n<td><strong>Motor<\/strong><\/td>\n<td><\/td>\n<\/tr>\n<tr>\n<td>Motorhersteller<\/td>\n<td>Briggs &amp; Stratton<\/td>\n<\/tr>\n<tr>\n<td>Motor<\/td>\n<td>Endurance Series V-Twin<\/td>\n<\/tr>\n<tr>\n<td>Nettoleistung bei U\/min<\/td>\n<td>10,08 kW bei 2.600 U\/min<\/td>\n<\/tr>\n<tr>\n<td>Zylinder<\/td>\n<td>2<\/td>\n<\/tr>\n<tr>\n<td>Lichtmaschine<\/td>\n<td>16 A<\/td>\n<\/tr>\n<tr>\n<td>Kraftstoffsorte<\/td>\n<td>Benzin<\/td>\n<\/tr>\n<tr>\n<td>Tankvolumen<\/td>\n<td>9,5 Liter<\/td>\n<\/tr>\n<tr>\n<td>\u00d6lfilter<\/td>\n<td>ja<\/td>\n<\/tr>\n<tr>\n<td><strong>M\u00e4hdeck<\/strong><\/td>\n<td><\/td>\n<\/tr>\n<tr>\n<td>Schnittbreite<\/td>\n<td>97 cm<\/td>\n<\/tr>\n<tr>\n<td>Schnitth\u00f6henverstellung<\/td>\n<td>38-102 mm<\/td>\n<\/tr>\n<tr>\n<td>St\u00fctzr\u00e4der<\/td>\n<td>2 St\u00fcck<\/td>\n<\/tr>\n<tr>\n<td>St\u00fctzrolle<\/td>\n<td>nein<\/td>\n<\/tr>\n<tr>\n<td><strong>Antriebssystem<\/strong><\/td>\n<td><\/td>\n<\/tr>\n<tr>\n<td>Getriebeart<\/td>\n<td>Hydrostatisch<\/td>\n<\/tr>\n<tr>\n<td>Getriebehersteller<\/td>\n<td>Tuff Torq<\/td>\n<\/tr>\n<tr>\n<td>Antrieb<\/td>\n<td>Pedalgesteuert<\/td>\n<\/tr>\n<tr>\n<td>R\u00fcckw\u00e4rtsgeschwindigkeit<\/td>\n<td>0 \u2013 1,6 km\/h<\/td>\n<\/tr>\n<tr>\n<td>Vorw\u00e4rtsgeschwindigkeit<\/td>\n<td>0 \u2013 6,7 km\/h<\/td>\n<\/tr>\n<tr>\n<td><strong>Ausstattung<\/strong><\/td>\n<td><\/td>\n<\/tr>\n<tr>\n<td>Sitz Material<\/td>\n<td>Vinyl<\/td>\n<\/tr>\n<tr>\n<td>Sitz R\u00fcckenlehnenh\u00f6he<\/td>\n<td>Hoch<\/td>\n<\/tr>\n<tr>\n<td>Frontschutz<\/td>\n<td>optionales Zubeh\u00f6r<\/td>\n<\/tr>\n<tr>\n<td>Lenkrad<\/td>\n<td>Soft Grip<\/td>\n<\/tr>\n<tr>\n<td>Betriebsstundenz\u00e4hler<\/td>\n<td>Digital mit vorprogrammierten Serviceintervallen<\/td>\n<\/tr>\n<tr>\n<td>Grasfangbox<\/td>\n<td>Enthalten<\/td>\n<\/tr>\n<tr>\n<td>Fangbox<\/td>\n<td>320 l<\/td>\n<\/tr>\n<tr>\n<td>Deflektor<\/td>\n<td>optionales Zubeh\u00f6r<\/td>\n<\/tr>\n<tr>\n<td>Mulchkit<\/td>\n<td>optionales Zubeh\u00f6r<\/td>\n<\/tr>\n<tr>\n<td><strong>Lautst\u00e4rke<\/strong><\/td>\n<td><\/td>\n<\/tr>\n<tr>\n<td>Schalldruckpegel am Ohr der Bedienperson<\/td>\n<td>98 dB(A)<\/td>\n<\/tr>\n<tr>\n<td>Schallleistungspegel, gemessen<\/td>\n<td>85 dB(A)<\/td>\n<\/tr>\n<tr>\n<td>Schallleistungspegel, LWA<\/td>\n<td>100 dB(A)<\/td>\n<\/tr>\n<tr>\n<td><strong>Vibration<\/strong><\/td>\n<td><\/td>\n<\/tr>\n<tr>\n<td>Vibrationen, Lenkrad<\/td>\n<td>3,87 m\/s\u00b2<\/td>\n<\/tr>\n<tr>\n<td>Vibrationen, Sitz<\/td>\n<td>0.13 m\/s\u00b2<\/td>\n<\/tr>\n<\/tbody>\n<\/table>\n<p>&nbsp;<\/p>\n<p><strong>Bilder zeigen teilweise weitere Ausstattungsvarianten oder optionales Zubeh\u00f6r.<\/strong><\/p>\n<p>&nbsp;<\/p>\n<p><strong>Husqvarna PDI<br \/>\n<\/strong>Wir sind ein autorisierter Husqvarna Fachh\u00e4ndler. Entsprechend der Husqvarna Herstellervorgaben wird durch uns als Husqvarna Vertragsh\u00e4ndler mit eigener Werkstatt, die geforderte PDI (Pre Delivery Inspection) durchgef\u00fchrt. Das hei\u00dft, jedes Motorger\u00e4t wird von uns vollst\u00e4ndig zusammengebaut, inspiziert und auf alle Funktionen, insbesondere alle Sicherheitsfunktionen getestet. Weiter wird ein Probelauf durchgef\u00fchrt. Somit k\u00f6nnen Sie sicher sein, eine funktionst\u00fcchtige Maschine zubekommen.<\/p>\n<\/div>\n<div class=\"product--properties panel has--border\">\n<table class=\"product--properties-table\" style=\"height: 202px;\" width=\"694\">\n<tbody>\n<tr class=\"product--properties-row\">\n<td class=\"product--properties-label is--bold\">Betriebsart:<\/td>\n<td class=\"product--properties-value\">Benzin<\/td>\n<\/tr>\n<tr class=\"product--properties-row\">\n<td class=\"product--properties-label is--bold\">Schnittbreite in cm:<\/td>\n<td class=\"product--properties-value\">92 \u2013 98<\/td>\n<\/tr>\n<tr class=\"product--properties-row\">\n<td class=\"product--properties-label is--bold\">Getriebeart:<\/td>\n<td class=\"product--properties-value\">Hydrostat<\/td>\n<\/tr>\n<tr class=\"product--properties-row\">\n<td class=\"product--properties-label is--bold\">Motorvariante:<\/td>\n<td class=\"product--properties-value\">2 Zylinder<\/td>\n<\/tr>\n<tr class=\"product--properties-row\">\n<td class=\"product--properties-label is--bold\">Antriebsart:<\/td>\n<td class=\"product--properties-value\">Heckantrieb<\/td>\n<\/tr>\n<\/tbody>\n<\/table>\n<\/div>\n<\/div>\n<\/div>\n<\/div>\n<\/div>\n<div class=\"wd-tab-wrapper\"><\/div>\n<div class=\"wd-tab-wrapper\"><\/div>\n<\/div>\n<\/div>\n<\/div>\n<\/div>\n<\/div>\n<div class=\"container related-and-upsells\">\n<div class=\"related-products\"><\/div>\n<\/div>\n","protected":false},"excerpt":{"rendered":"<ul>\n<li><strong>Auf Lager<\/strong><\/li>\n<li><strong>Lieferung nach Deutschland :\u00a0<\/strong>Gratisversand (5 \u2013 7 Tagen) : 0\u20ac\u00a0 \u00a0 \u00a0 \u00a0 \u00a0 \u00a0 \u00a0 \u00a0 \u00a0 \u00a0 \u00a0 \u00a0 \u00a0 \u00a0 \u00a0 \u00a0 \u00a0 \u00a0 \u00a0 \u00a0 \u00a0 \u00a0 \u00a0 \u00a0 \u00a0 \u00a0 \u00a0 \u00a0 \u00a0 \u00a0 \u00a0\u00a0Expressversand (1 \u2013 3 Tagen) : 59,99\u20ac<\/li>\n<li><strong>Lieferung in \u00d6sterreich &amp; Schweiz :\u00a0<\/strong>( 7 Tagen ) : 79,99\u20ac<\/li>\n<li><strong>R\u00fcckgabe innerhalb von 14 Tagen<\/strong><\/li>\n<\/ul>\n","protected":false},"featured_media":8940,"template":"","meta":[],"product_brand":[],"product_cat":[72],"product_tag":[78,99],"class_list":{"0":"post-9768","1":"product","2":"type-product","3":"status-publish","4":"has-post-thumbnail","6":"product_cat-gartentraktoren","7":"product_tag-gartentraktoren","8":"product_tag-husqvarna","10":"first","11":"instock","12":"sale","13":"shipping-taxable","14":"purchasable","15":"product-type-simple"},"_links":{"self":[{"href":"https:\/\/rasenroboterplanet.com\/index.php\/wp-json\/wp\/v2\/product\/9768","targetHints":{"allow":["GET"]}}],"collection":[{"href":"https:\/\/rasenroboterplanet.com\/index.php\/wp-json\/wp\/v2\/product"}],"about":[{"href":"https:\/\/rasenroboterplanet.com\/index.php\/wp-json\/wp\/v2\/types\/product"}],"version-history":[{"count":3,"href":"https:\/\/rasenroboterplanet.com\/index.php\/wp-json\/wp\/v2\/product\/9768\/revisions"}],"predecessor-version":[{"id":10936,"href":"https:\/\/rasenroboterplanet.com\/index.php\/wp-json\/wp\/v2\/product\/9768\/revisions\/10936"}],"wp:featuredmedia":[{"embeddable":true,"href":"https:\/\/rasenroboterplanet.com\/index.php\/wp-json\/wp\/v2\/media\/8940"}],"wp:attachment":[{"href":"https:\/\/rasenroboterplanet.com\/index.php\/wp-json\/wp\/v2\/media?parent=9768"}],"wp:term":[{"taxonomy":"product_brand","embeddable":true,"href":"https:\/\/rasenroboterplanet.com\/index.php\/wp-json\/wp\/v2\/product_brand?post=9768"},{"taxonomy":"product_cat","embeddable":true,"href":"https:\/\/rasenroboterplanet.com\/index.php\/wp-json\/wp\/v2\/product_cat?post=9768"},{"taxonomy":"product_tag","embeddable":true,"href":"https:\/\/rasenroboterplanet.com\/index.php\/wp-json\/wp\/v2\/product_tag?post=9768"}],"curies":[{"name":"wp","href":"https:\/\/api.w.org\/{rel}","templated":true}]}}