{"id":9760,"date":"2023-02-25T14:12:46","date_gmt":"2023-02-25T13:12:46","guid":{"rendered":"https:\/\/rasenroboterplanet.com\/index.php\/produit\/john-deere-null-wenderadius-maeher-ztrak-z515e-2\/"},"modified":"2023-03-05T23:41:13","modified_gmt":"2023-03-05T22:41:13","slug":"john-deere-null-wenderadius-maeher-ztrak-z515e-2","status":"publish","type":"product","link":"https:\/\/rasenroboterplanet.com\/index.php\/produit\/john-deere-null-wenderadius-maeher-ztrak-z515e-2\/","title":{"rendered":"JOHN DEERE Null-Wenderadius-M\u00e4her zTrak Z515E"},"content":{"rendered":"<div class=\"content--title\">Produktinformationen \u201eJOHN DEERE Null-Wenderadius-M\u00e4her zTrak Z515E\u201c<\/div>\n<div class=\"product--description\">\n<p>Der Z515E ist mit einem festen und robusten Rahmen ausgestattet und sorgt so f\u00fcr einen beeindruckend gleichm\u00e4\u00dfigen und komfortablen Betrieb. Dank eines leistungsstarken 13,4-kW-Zweizylinder-Motors liefert das M\u00e4hwerk mit 122 cm (48 Zoll) Schnittbreite eine herausragende Leistung und kann mit Nachr\u00fcsts\u00e4tzen ganz einfach auf Mulchbetrieb oder Auffangen umgestellt werden. F\u00fcr gr\u00f6\u00dfere Fl\u00e4chen, bei denen sich Geschwindigkeit und Effizienz besonders auszahlen, ist der Z515E die perfekte Wahl.<\/p>\n<h1>Null-Wenderadius-M\u00e4her JOHN DEERE zTrak Z515E<\/h1>\n<ul>\n<li>Einfach zu fahren<\/li>\n<li>Hervorragende Man\u00f6vrierf\u00e4higkeit<\/li>\n<li>Robuste Konstruktion<\/li>\n<li>H\u00f6here M\u00e4hgeschwindigkeit: 12,9 km\/h<\/li>\n<li>13,4-kW-Motor mit 724 cm\u00b3 Hubraum<\/li>\n<li>122 cm (48\u0093) breites Accel Deep\u0099-M\u00e4hwerk<\/li>\n<\/ul>\n<\/div>\n<div class=\"content--title\">Weiterf\u00fchrende Links zu \u201eJOHN DEERE Null-Wenderadius-M\u00e4her zTrak Z515E\u201c<\/div>\n<ul class=\"content--list list--unstyled\">\n<li class=\"list--entry\"><a class=\"content--link link--contact\" title=\"Fragen zum Artikel?\" href=\"https:\/\/www.endress.bayern\/support\/index\/sFid\/16\/sInquiry\/detail\/sOrdernumber\/2111406\" rel=\"nofollow\"><i class=\"icon--arrow-right\"><\/i>Fragen zum Artikel?<\/a><\/li>\n<\/ul>\n","protected":false},"excerpt":{"rendered":"<ul>\n<li><strong>Auf Lager<\/strong><\/li>\n<li><strong>Lieferung nach Deutschland :\u00a0<\/strong>Gratisversand (5 \u2013 7 Tagen) : 0\u20ac\u00a0 \u00a0 \u00a0 \u00a0 \u00a0 \u00a0 \u00a0 \u00a0 \u00a0 \u00a0 \u00a0 \u00a0 \u00a0 \u00a0 \u00a0 \u00a0 \u00a0 \u00a0 \u00a0 \u00a0 \u00a0 \u00a0 \u00a0 \u00a0 \u00a0 \u00a0 \u00a0 \u00a0 \u00a0 \u00a0 \u00a0\u00a0Expressversand (1 \u2013 3 Tagen) : 59,99\u20ac<\/li>\n<li><strong>Lieferung in \u00d6sterreich &amp; Schweiz :\u00a0<\/strong>( 7 Tagen ) : 79,99\u20ac<\/li>\n<li><strong>R\u00fcckgabe innerhalb von 14 Tagen<\/strong><\/li>\n<\/ul>\n","protected":false},"featured_media":8970,"template":"","meta":[],"product_brand":[],"product_cat":[74],"product_tag":[133,77],"class_list":{"0":"post-9760","1":"product","2":"type-product","3":"status-publish","4":"has-post-thumbnail","6":"product_cat-nullwendekreismaeher","7":"product_tag-john-deere","8":"product_tag-nullwendekreismaeher","10":"first","11":"instock","12":"sale","13":"shipping-taxable","14":"purchasable","15":"product-type-simple"},"_links":{"self":[{"href":"https:\/\/rasenroboterplanet.com\/index.php\/wp-json\/wp\/v2\/product\/9760","targetHints":{"allow":["GET"]}}],"collection":[{"href":"https:\/\/rasenroboterplanet.com\/index.php\/wp-json\/wp\/v2\/product"}],"about":[{"href":"https:\/\/rasenroboterplanet.com\/index.php\/wp-json\/wp\/v2\/types\/product"}],"version-history":[{"count":1,"href":"https:\/\/rasenroboterplanet.com\/index.php\/wp-json\/wp\/v2\/product\/9760\/revisions"}],"predecessor-version":[{"id":10432,"href":"https:\/\/rasenroboterplanet.com\/index.php\/wp-json\/wp\/v2\/product\/9760\/revisions\/10432"}],"wp:featuredmedia":[{"embeddable":true,"href":"https:\/\/rasenroboterplanet.com\/index.php\/wp-json\/wp\/v2\/media\/8970"}],"wp:attachment":[{"href":"https:\/\/rasenroboterplanet.com\/index.php\/wp-json\/wp\/v2\/media?parent=9760"}],"wp:term":[{"taxonomy":"product_brand","embeddable":true,"href":"https:\/\/rasenroboterplanet.com\/index.php\/wp-json\/wp\/v2\/product_brand?post=9760"},{"taxonomy":"product_cat","embeddable":true,"href":"https:\/\/rasenroboterplanet.com\/index.php\/wp-json\/wp\/v2\/product_cat?post=9760"},{"taxonomy":"product_tag","embeddable":true,"href":"https:\/\/rasenroboterplanet.com\/index.php\/wp-json\/wp\/v2\/product_tag?post=9760"}],"curies":[{"name":"wp","href":"https:\/\/api.w.org\/{rel}","templated":true}]}}