{"id":9729,"date":"2023-02-25T14:12:39","date_gmt":"2023-02-25T13:12:39","guid":{"rendered":"https:\/\/rasenroboterplanet.com\/index.php\/produit\/husqvarna-profi-frontmaeher-rc-318t-grundgeraet-ohne-maehwerk-modell-2022-2\/"},"modified":"2023-03-04T20:31:14","modified_gmt":"2023-03-04T19:31:14","slug":"husqvarna-profi-frontmaeher-rc-318t-grundgeraet-ohne-maehwerk-modell-2022-2","status":"publish","type":"product","link":"https:\/\/rasenroboterplanet.com\/index.php\/produit\/husqvarna-profi-frontmaeher-rc-318t-grundgeraet-ohne-maehwerk-modell-2022-2\/","title":{"rendered":"Husqvarna Profi Frontm\u00e4her RC 318T \u2013 Grundger\u00e4t ohne M\u00e4hwerk \u2013 Modell 2022"},"content":{"rendered":"<p><strong>Dieses Produkt wird vor Auslieferung einer kostenlosen \u00dcbergabeinspektion gem\u00e4\u00df Husqvarna \u201ePre-Delievery-Inspection\u201c-Richtlinien unterzogen. Das Produkt wird montiert, betriebsbereit und inklusive des Husqvarna Protokolls zur \u00dcbergabeinspektion an Ihre Adresse geliefert.<\/strong><\/p>\n<h2>Vorteile<\/h2>\n<div>\n<div class=\"table-wrapper\">\n<table class=\"UserAttributes\">\n<tbody>\n<tr class=\"PSR1\">\n<td class=\"AttributeLabel VerticalAlignMiddle\"><\/td>\n<td class=\"AttributeContent\">besonders laufruhiger, vibrationsarmer und langlebiger Motor durch 2-Zylinder-Technik<\/td>\n<\/tr>\n<tr class=\"PSR2\">\n<td class=\"AttributeLabel VerticalAlignMiddle\"><\/td>\n<td class=\"AttributeContent\">elektrische Fangkorbentleerung erm\u00f6hlicht sehr bequme Entleerung ohne jede Kraftanstrengung<\/td>\n<\/tr>\n<tr class=\"PSR3\">\n<td class=\"AttributeLabel VerticalAlignMiddle\"><\/td>\n<td class=\"AttributeContent\">Zuverl\u00e4ssiger Motor von Briggs &amp; Stratton, dem gr\u00f6\u00dften Hersteller weltweit von luftgek\u00fchlten Ottomotoren.<\/td>\n<\/tr>\n<tr class=\"PSR4\">\n<td class=\"AttributeLabel VerticalAlignMiddle\"><\/td>\n<td class=\"AttributeContent\">Das M\u00e4hdeck l\u00e4sst sich ganz einfach in die Serviceposition neigen, wodurch die Reinigung und Wartung vereinfacht wird.<\/td>\n<\/tr>\n<tr class=\"PSR5\">\n<td class=\"AttributeLabel VerticalAlignMiddle\"><\/td>\n<td class=\"AttributeContent\">Der LED-Scheinwerfer erm\u00f6glicht das Arbeiten in der D\u00e4mmerung oder bei schlechten Sichtverh\u00e4ltnissen.<\/td>\n<\/tr>\n<tr class=\"PSR6\">\n<td class=\"AttributeLabel VerticalAlignMiddle\"><\/td>\n<td class=\"AttributeContent\">Der Betriebsstundenz\u00e4hler zeigt an, wann der n\u00e4chste Servicetermin f\u00e4llig ist.<\/td>\n<\/tr>\n<tr class=\"PSR7\">\n<td class=\"AttributeLabel VerticalAlignMiddle\"><\/td>\n<td class=\"AttributeContent\">Einfach zu starten bei jedem Wetter. Kein Choke n\u00f6tig, einfach den Schl\u00fcssel drehen und loslegen.<\/td>\n<\/tr>\n<tr class=\"PSR8\">\n<td class=\"AttributeLabel VerticalAlignMiddle\"><\/td>\n<td class=\"AttributeContent\">Der Grasschnitt wird durch eine Schneckenmechanik schnell und r\u00fcckstandsfrei vom M\u00e4hwerk zum Fangbeh\u00e4lter transportiert.<\/td>\n<\/tr>\n<\/tbody>\n<\/table>\n<\/div>\n<\/div>\n<p>&nbsp;<\/p>\n<h2>Technische Daten<\/h2>\n<div class=\"table-wrapper\">\n<table class=\"HBOUserAttributes\">\n<tbody>\n<tr>\n<td class=\"AttributeGroupHeader\" colspan=\"2\">Motor &amp; Ausstattung<\/td>\n<\/tr>\n<tr>\n<td class=\"AttributeName VerticalAlignMiddle AttributeBorder\">Marke Motor<\/td>\n<td class=\"AttributeContent AttributeBorder\">Briggs &amp; Stratton<\/td>\n<\/tr>\n<tr>\n<td class=\"AttributeName VerticalAlignMiddle AttributeBorder\">Motorbezeichnung<\/td>\n<td class=\"AttributeContent AttributeBorder\">Endurance Series V-Twin 7200<\/td>\n<\/tr>\n<tr>\n<td class=\"AttributeName VerticalAlignMiddle AttributeBorder\">Anzahl Zylinder<\/td>\n<td class=\"AttributeContent AttributeBorder\">2<\/td>\n<\/tr>\n<tr>\n<td class=\"AttributeName VerticalAlignMiddle AttributeBorder\">Hubraum<\/td>\n<td class=\"AttributeContent AttributeBorder\">656 cm\u00b3<\/td>\n<\/tr>\n<tr>\n<td class=\"AttributeName VerticalAlignMiddle AttributeBorder\">Motorleistung<\/td>\n<td class=\"AttributeContent AttributeBorder\">14,6 kW \/ 19,9 PS bei 3600 U\/Min<\/td>\n<\/tr>\n<tr>\n<td class=\"AttributeName VerticalAlignMiddle AttributeBorder\">Ger\u00e4teleistung<\/td>\n<td class=\"AttributeContent AttributeBorder\">12,6 KW \/ 17,1 PS bei 3100 U\/Min<\/td>\n<\/tr>\n<tr>\n<td class=\"AttributeName VerticalAlignMiddle AttributeBorder\">Kraftstofftank<\/td>\n<td class=\"AttributeContent AttributeBorder\">12 Liter<\/td>\n<\/tr>\n<tr>\n<td class=\"AttributeName VerticalAlignMiddle AttributeBorder\">Lenkart<\/td>\n<td class=\"AttributeContent AttributeBorder\">Knicklenkung<\/td>\n<\/tr>\n<tr>\n<td class=\"AttributeName VerticalAlignMiddle AttributeBorder\">K\u00fchlsystem<\/td>\n<td class=\"AttributeContent AttributeBorder\">luftgek\u00fchlt<\/td>\n<\/tr>\n<tr>\n<td class=\"AttributeName VerticalAlignMiddle AttributeBorder\">Anzahl G\u00e4nge (V\/R)<\/td>\n<td class=\"AttributeContent AttributeBorder\">stufenlos<\/td>\n<\/tr>\n<tr>\n<td class=\"AttributeName VerticalAlignMiddle AttributeBorder\">Art der Motorschmierung<\/td>\n<td class=\"AttributeContent AttributeBorder\">Druckschmierung<\/td>\n<\/tr>\n<tr>\n<td class=\"AttributeName VerticalAlignMiddle AttributeBorder\">Getriebe<\/td>\n<td class=\"AttributeContent AttributeBorder\">Handhydrostat<\/td>\n<\/tr>\n<tr>\n<td class=\"AttributeName VerticalAlignMiddle AttributeBorder\">Kraftstofff\u00fcllstandanzeige<\/td>\n<td class=\"AttributeContent AttributeBorder\">Transparenter Kraftstofftank<\/td>\n<\/tr>\n<tr>\n<td class=\"AttributeName VerticalAlignMiddle AttributeBorder\">Max. Geschwindigkeit<\/td>\n<td class=\"AttributeContent AttributeBorder\">8 km\/h<\/td>\n<\/tr>\n<tr>\n<td class=\"AttributeName VerticalAlignMiddle AttributeBorder\">Reifengr\u00f6\u00dfe vorne<\/td>\n<td class=\"AttributeContent AttributeBorder\">16\u00d76,50-8\u2033<\/td>\n<\/tr>\n<tr>\n<td class=\"AttributeName VerticalAlignMiddle AttributeBorder\">Reifengr\u00f6\u00dfe hinten<\/td>\n<td class=\"AttributeContent AttributeBorder\">16\u00d76,50-8\u2033<\/td>\n<\/tr>\n<tr>\n<td class=\"AttributeName VerticalAlignMiddle AttributeBorder\">Startsystem<\/td>\n<td class=\"AttributeContent AttributeBorder\">Turn Key Start<\/td>\n<\/tr>\n<tr>\n<td class=\"AttributeName VerticalAlignMiddle AttributeBorder\">Lenkung<\/td>\n<td class=\"AttributeContent AttributeBorder\">Knicklenkung<\/td>\n<\/tr>\n<tr>\n<td class=\"AttributeName VerticalAlignMiddle AttributeBorder\">Wendekreis<\/td>\n<td class=\"AttributeContent AttributeBorder\">50 cm<\/td>\n<\/tr>\n<tr>\n<td class=\"AttributeName VerticalAlignMiddle AttributeBorder\">Hinterachse pendelnd<\/td>\n<td class=\"AttributeContent AttributeBorder\">ja<\/td>\n<\/tr>\n<tr>\n<td class=\"AttributeGroupHeader\" colspan=\"2\">M\u00e4hdaten<\/td>\n<\/tr>\n<tr>\n<td class=\"AttributeName VerticalAlignMiddle AttributeBorder\">Schnittbreite von\/bis<\/td>\n<td class=\"AttributeContent AttributeBorder\">optional 103 \u2013 112 cm<\/td>\n<\/tr>\n<tr>\n<td class=\"AttributeName VerticalAlignMiddle AttributeBorder\">Schnitth\u00f6hen<\/td>\n<td class=\"AttributeContent AttributeBorder\">25-75 mm<\/td>\n<\/tr>\n<tr>\n<td class=\"AttributeName VerticalAlignMiddle AttributeBorder\">M\u00e4hmethoden<\/td>\n<td class=\"AttributeContent AttributeBorder\">Sammeln<\/td>\n<\/tr>\n<tr>\n<td class=\"AttributeName VerticalAlignMiddle AttributeBorder\">Fangen<\/td>\n<td class=\"AttributeContent AttributeBorder\">AcTech Schneckenmechanik<\/td>\n<\/tr>\n<tr>\n<td class=\"AttributeName VerticalAlignMiddle AttributeBorder\">M\u00e4hwerkseinschaltung<\/td>\n<td class=\"AttributeContent AttributeBorder\">Automatisch<\/td>\n<\/tr>\n<tr>\n<td class=\"AttributeName VerticalAlignMiddle AttributeBorder\">Fangkorbentleerung<\/td>\n<td class=\"AttributeContent AttributeBorder\">elektrisch vom Sitz per Knopfdruck<\/td>\n<\/tr>\n<tr>\n<td class=\"AttributeName VerticalAlignMiddle AttributeBorder\">M\u00e4hwerkstyp<\/td>\n<td class=\"AttributeContent AttributeBorder\">gestanzt<\/td>\n<\/tr>\n<tr>\n<td class=\"AttributeGroupHeader\" colspan=\"2\">Komfort<\/td>\n<\/tr>\n<tr>\n<td class=\"AttributeName VerticalAlignMiddle AttributeBorder\">M\u00e4hwerk mit Serviceposition<\/td>\n<td class=\"AttributeContent AttributeBorder\">ja<\/td>\n<\/tr>\n<tr>\n<td class=\"AttributeName VerticalAlignMiddle AttributeBorder\">Sitz<\/td>\n<td class=\"AttributeContent AttributeBorder\">Gefederter Premiumsitz<\/td>\n<\/tr>\n<tr>\n<td class=\"AttributeName VerticalAlignMiddle AttributeBorder\">Sitzverstellung<\/td>\n<td class=\"AttributeContent AttributeBorder\">ja<\/td>\n<\/tr>\n<tr>\n<td class=\"AttributeName VerticalAlignMiddle AttributeBorder\">Betriebsstundenz\u00e4hler<\/td>\n<td class=\"AttributeContent AttributeBorder\">Betriebsstundenz\u00e4hler mit Servicealarm<\/td>\n<\/tr>\n<tr>\n<td class=\"AttributeName VerticalAlignMiddle AttributeBorder\">Scheinwerfer<\/td>\n<td class=\"AttributeContent AttributeBorder\">LED<\/td>\n<\/tr>\n<tr>\n<td class=\"AttributeName VerticalAlignMiddle AttributeBorder\">Connect &amp; Bluetooth<\/td>\n<td class=\"AttributeContent AttributeBorder\">Nein<\/td>\n<\/tr>\n<tr>\n<td class=\"AttributeGroupHeader\" colspan=\"2\">Lieferumfang<\/td>\n<\/tr>\n<tr>\n<td class=\"AttributeName VerticalAlignMiddle AttributeBorder\">Grundger\u00e4t<\/td>\n<td class=\"AttributeContent AttributeBorder\">1<\/td>\n<\/tr>\n<tr>\n<td class=\"AttributeName VerticalAlignMiddle AttributeBorder\">Grasfangkorb<\/td>\n<td class=\"AttributeContent AttributeBorder\">1<\/td>\n<\/tr>\n<tr>\n<td class=\"AttributeName VerticalAlignMiddle AttributeBorder\">Bedienungsanleitung Ger\u00e4t<\/td>\n<td class=\"AttributeContent AttributeBorder\">1<\/td>\n<\/tr>\n<tr>\n<td class=\"AttributeGroupHeader\" colspan=\"2\">Umwelt, Ma\u00dfe und Gewicht<\/td>\n<\/tr>\n<tr>\n<td class=\"AttributeName VerticalAlignMiddle AttributeBorder\">Gewicht<\/td>\n<td class=\"AttributeContent AttributeBorder\">326 kg<\/td>\n<\/tr>\n<tr>\n<td class=\"AttributeName VerticalAlignMiddle AttributeBorder\">Abmessungen (L x B x H)<\/td>\n<td class=\"AttributeContent AttributeBorder\">209 x 103 x 128 cm<\/td>\n<\/tr>\n<tr>\n<td class=\"AttributeName VerticalAlignMiddle AttributeBorder\">garantierter Schallleistungspegel (LWA)<\/td>\n<td class=\"AttributeContent AttributeBorder\">100 dB(A)<\/td>\n<\/tr>\n<tr>\n<td class=\"AttributeName VerticalAlignMiddle AttributeBorder\">Garantie<\/td>\n<td class=\"AttributeContent AttributeBorder\">2 Jahre bei ausschlie\u00dflich privater Nutzung, 1 Jahr bei gewerblicher Nutzung<\/td>\n<\/tr>\n<tr>\n<td class=\"AttributeName VerticalAlignMiddle AttributeBorder\">Schalldruckpegel am Ohr der Bedienperson<\/td>\n<td class=\"AttributeContent AttributeBorder\">85 dB(A)<\/td>\n<\/tr>\n<tr>\n<td class=\"AttributeName VerticalAlignMiddle AttributeBorder\">Vibration am Lenkrad<\/td>\n<td class=\"AttributeContent AttributeBorder\">2,5 m\/s\u00b2<\/td>\n<\/tr>\n<tr>\n<td class=\"AttributeName VerticalAlignMiddle AttributeBorder\">Vibration am Sitz<\/td>\n<td class=\"AttributeContent AttributeBorder\">0,7 m\/s\u00b2<\/td>\n<\/tr>\n<tr>\n<td class=\"AttributeGroupHeader\" colspan=\"2\">Artikel-Nr \/ EAN<\/td>\n<\/tr>\n<tr>\n<td class=\"AttributeName VerticalAlignMiddle AttributeBorder\">Artikel-Nr.:<\/td>\n<td class=\"AttributeContent AttributeBorder\">967 62 87-02<\/td>\n<\/tr>\n<tr>\n<td class=\"AttributeName VerticalAlignMiddle AttributeBorder\">EAN:<\/td>\n<td class=\"AttributeContent AttributeBorder\">7391736587747<\/td>\n<\/tr>\n<\/tbody>\n<\/table>\n<\/div>\n","protected":false},"excerpt":{"rendered":"<ul>\n<li><strong>Auf Lager<\/strong><\/li>\n<li><strong>Lieferung nach Deutschland :\u00a0<\/strong>Gratisversand (5 \u2013 7 Tagen) : 0\u20ac\u00a0 \u00a0 \u00a0 \u00a0 \u00a0 \u00a0 \u00a0 \u00a0 \u00a0 \u00a0 \u00a0 \u00a0 \u00a0 \u00a0 \u00a0 \u00a0 \u00a0 \u00a0 \u00a0 \u00a0 \u00a0 \u00a0 \u00a0 \u00a0 \u00a0 \u00a0 \u00a0 \u00a0 \u00a0 \u00a0 \u00a0\u00a0Expressversand (1 \u2013 3 Tagen) : 59,99\u20ac<\/li>\n<li><strong>Lieferung in \u00d6sterreich &amp; Schweiz :\u00a0<\/strong>( 7 Tagen ) : 79,99\u20ac<\/li>\n<li><strong>R\u00fcckgabe innerhalb von 14 Tagen<\/strong><\/li>\n<\/ul>\n","protected":false},"featured_media":8908,"template":"","meta":[],"product_brand":[],"product_cat":[75],"product_tag":[79,99],"class_list":{"0":"post-9729","1":"product","2":"type-product","3":"status-publish","4":"has-post-thumbnail","6":"product_cat-aufsitzfrontmaeher","7":"product_tag-aufsitzfrontmaeher","8":"product_tag-husqvarna","10":"first","11":"instock","12":"sale","13":"shipping-taxable","14":"purchasable","15":"product-type-simple"},"_links":{"self":[{"href":"https:\/\/rasenroboterplanet.com\/index.php\/wp-json\/wp\/v2\/product\/9729","targetHints":{"allow":["GET"]}}],"collection":[{"href":"https:\/\/rasenroboterplanet.com\/index.php\/wp-json\/wp\/v2\/product"}],"about":[{"href":"https:\/\/rasenroboterplanet.com\/index.php\/wp-json\/wp\/v2\/types\/product"}],"version-history":[{"count":1,"href":"https:\/\/rasenroboterplanet.com\/index.php\/wp-json\/wp\/v2\/product\/9729\/revisions"}],"predecessor-version":[{"id":10377,"href":"https:\/\/rasenroboterplanet.com\/index.php\/wp-json\/wp\/v2\/product\/9729\/revisions\/10377"}],"wp:featuredmedia":[{"embeddable":true,"href":"https:\/\/rasenroboterplanet.com\/index.php\/wp-json\/wp\/v2\/media\/8908"}],"wp:attachment":[{"href":"https:\/\/rasenroboterplanet.com\/index.php\/wp-json\/wp\/v2\/media?parent=9729"}],"wp:term":[{"taxonomy":"product_brand","embeddable":true,"href":"https:\/\/rasenroboterplanet.com\/index.php\/wp-json\/wp\/v2\/product_brand?post=9729"},{"taxonomy":"product_cat","embeddable":true,"href":"https:\/\/rasenroboterplanet.com\/index.php\/wp-json\/wp\/v2\/product_cat?post=9729"},{"taxonomy":"product_tag","embeddable":true,"href":"https:\/\/rasenroboterplanet.com\/index.php\/wp-json\/wp\/v2\/product_tag?post=9729"}],"curies":[{"name":"wp","href":"https:\/\/api.w.org\/{rel}","templated":true}]}}