{"id":9688,"date":"2023-02-25T14:12:29","date_gmt":"2023-02-25T13:12:29","guid":{"rendered":"https:\/\/rasenroboterplanet.com\/index.php\/produit\/etesia-diesel-aufsitzmaeher-buffalo-100-awd-bphpx2-modell-2022-2\/"},"modified":"2023-03-05T01:25:52","modified_gmt":"2023-03-05T00:25:52","slug":"etesia-diesel-aufsitzmaeher-buffalo-100-awd-bphpx2-modell-2022-2","status":"publish","type":"product","link":"https:\/\/rasenroboterplanet.com\/index.php\/produit\/etesia-diesel-aufsitzmaeher-buffalo-100-awd-bphpx2-modell-2022-2\/","title":{"rendered":"Etesia Diesel-Aufsitzm\u00e4her Buffalo 100 AWD BPHPX2 \u2013 Modell 2022"},"content":{"rendered":"<p><strong>Aufsitzm\u00e4her, Gartentraktoren Buffalo 100: die neue Kraft!<\/strong><\/p>\n<p>Der Buffalo 100 ist mit einem M\u00e4hwerk mit 1 Meter Schnittbreite und einem Perkins Diesel-Dreizylindermotor mit 20 PS ausgestattet.Der Buffalo 100 hat einen hohen M\u00e4hertrag von bis zu 12.000 qm\/St. Das Verh\u00e4ltnis zwischen Gewicht und Leistung ist un\u00fcbertroffen und das Preis-Leistungsverh\u00e4ltnis sowohl in der Anschaffung als auch im Betrieb absolut einzigartig.<\/p>\n<p><strong>Allrad Version (4\u00d74)<\/strong><\/p>\n<p><strong>Bis zu 12.000 qm M\u00e4hen und Auffangen pro Stunde<\/strong><\/p>\n<p>Die Leistungsf\u00e4higkeit des M\u00e4hwerks des Buffalo 100 erm\u00f6glicht Profis schnelles Arbeiten (bis 12 km\/St. bei optimalen M\u00e4hbedingungen) und eine gesteigerte Produktivit\u00e4t (auch bei hohem oder feuchtem Gras und Regen).<\/p>\n<p><strong>Fangkorb<\/strong><\/p>\n<p>Der neue Aufsitzm\u00e4her Buffalo 100 ist mit einem integrierten 600-Liter-Grasfangkorb mit hydraulischer Leerung ausgestattet, die vom Fahrersitz gesteuert wird.<\/p>\n<p><strong>1 Meter Schnittbreite<\/strong><\/p>\n<p>Das M\u00e4hdeck mit optimierter Form und ohne l\u00e4rmende Turbinen besteht aus einem Geh\u00e4use mit doppelter Schneckenform und zentralem Heckauswurf.<\/p>\n<p><strong>M\u00e4hdeck<\/strong><\/p>\n<p>Zwei gegenl\u00e4ufige Messer mit 6 Zentimeter \u00dcberschneidung und um 90\u00b0 versetzt sorgen f\u00fcr extremen Sog und Gebl\u00e4se. Das sichert einen perfekten Schnitt und einwandfreie Grasaufnahme in allen Situationen.<\/p>\n<p><strong>Hochentleerung bis zu 1,80 Meter vom Boden<\/strong><\/p>\n<p>Die hydraulische Anhebung des Korbes und die anschlie\u00dfende Entleerung erfolgt durch eine Hebelbedienung eines Hydraulikverteilers vom Fahrersitz aus. Die Hochentleerung ist in allen Positionen vom Boden bis 1,80 Meter H\u00f6he m\u00f6glich.<\/p>\n<p><strong>Allrad<\/strong><\/p>\n<p>Der Hydraulikantrieb erfolgt auf den 4 hydraulischen Radmotoren, die mit einer einstellbaren Hydraulikpumpe versogt werden. Der Allrad-Antrieb erm\u00f6glicht die Arbeit auf schwierigem Gel\u00e4nde (z.B am Hang oder auf rutschigem Boden).<\/p>\n<p><strong>Leistungssteuer<\/strong><\/p>\n<p>So verf\u00fcgen sie \u00fcber einen verbesserten Antrieb, auch auf schwierigem Gel\u00e4nde (z.B am Hang oder auf rutschigem Boden). Der Kraftverteiler verhindert ein Abw\u00fcrgen des Motors und garantiert die ideale, vom Fahrer erw\u00fcnschte Geschwindigkeit.<\/p>\n<p><strong>Motor<\/strong><\/p>\n<p>Ausgestattet mit einem Motor vom Typ Perkins 403 V07, der mit seinen 20,5 PS und seinen 3 Zylindern ein Plus an Leistung und Komfort bietet. Dieser in Europa hergestellte Dieselmotor ist besonders zuverl\u00e4ssig und robust. Mit diesem sparsamen und wirtschaftlichen Ger\u00e4t k\u00f6nnen Sie unter normalen Nutzungsbedingungen einen ganzen Tag lang arbeiten.<\/p>\n<h2>Vorteile<\/h2>\n<div>\n<div class=\"table-wrapper\">\n<table class=\"UserAttributes\">\n<tbody>\n<tr class=\"PSR1\">\n<td class=\"AttributeLabel VerticalAlignMiddle\"><\/td>\n<td class=\"AttributeContent\">bestm\u00f6gliche Traktion auf jedem Gel\u00e4nde durch Allradantrieb<\/td>\n<\/tr>\n<\/tbody>\n<\/table>\n<\/div>\n<\/div>\n<p>&nbsp;<\/p>\n<h2>Technische Daten<\/h2>\n<div class=\"table-wrapper\">\n<table class=\"HBOUserAttributes\" style=\"height: 1129px;\" width=\"725\">\n<tbody>\n<tr>\n<td class=\"AttributeGroupHeader\" colspan=\"2\">Motor &amp; Ausstattung<\/td>\n<\/tr>\n<tr>\n<td class=\"AttributeName VerticalAlignMiddle AttributeBorder\">Marke Motor<\/td>\n<td class=\"AttributeContent AttributeBorder\">Perkins<\/td>\n<\/tr>\n<tr>\n<td class=\"AttributeName VerticalAlignMiddle AttributeBorder\">Anzahl Zylinder<\/td>\n<td class=\"AttributeContent AttributeBorder\">3<\/td>\n<\/tr>\n<tr>\n<td class=\"AttributeName VerticalAlignMiddle AttributeBorder\">Hubraum<\/td>\n<td class=\"AttributeContent AttributeBorder\">760 cm\u00b3<\/td>\n<\/tr>\n<tr>\n<td class=\"AttributeName VerticalAlignMiddle AttributeBorder\">Motorleistung<\/td>\n<td class=\"AttributeContent AttributeBorder\">13,5 kW \/ 18,0 PS bei 2900 U\/Min<\/td>\n<\/tr>\n<tr>\n<td class=\"AttributeName VerticalAlignMiddle AttributeBorder\">Kraftstoff<\/td>\n<td class=\"AttributeContent AttributeBorder\">Diesel<\/td>\n<\/tr>\n<tr>\n<td class=\"AttributeName VerticalAlignMiddle AttributeBorder\">Kraftstofftank<\/td>\n<td class=\"AttributeContent AttributeBorder\">14,5 Liter<\/td>\n<\/tr>\n<tr>\n<td class=\"AttributeName VerticalAlignMiddle AttributeBorder\">Lenkungsmechanismus<\/td>\n<td class=\"AttributeContent AttributeBorder\">Vorderrad-Lenkung<\/td>\n<\/tr>\n<tr>\n<td class=\"AttributeName VerticalAlignMiddle AttributeBorder\">Anzahl G\u00e4nge (V\/R)<\/td>\n<td class=\"AttributeContent AttributeBorder\">stufenlos<\/td>\n<\/tr>\n<tr>\n<td class=\"AttributeName VerticalAlignMiddle AttributeBorder\">Geschwindigkeit r\u00fcckw\u00e4rts<\/td>\n<td class=\"AttributeContent AttributeBorder\">0 \u2013 12 km\/h<\/td>\n<\/tr>\n<tr>\n<td class=\"AttributeName VerticalAlignMiddle AttributeBorder\">Getriebe<\/td>\n<td class=\"AttributeContent AttributeBorder\">Hydrostat (2 Fu\u00dfpedal)<\/td>\n<\/tr>\n<tr>\n<td class=\"AttributeName VerticalAlignMiddle AttributeBorder\">Antrieb<\/td>\n<td class=\"AttributeContent AttributeBorder\">Allradantrieb<\/td>\n<\/tr>\n<tr>\n<td class=\"AttributeName VerticalAlignMiddle AttributeBorder\">Max. Geschwindigkeit<\/td>\n<td class=\"AttributeContent AttributeBorder\">12 km\/h<\/td>\n<\/tr>\n<tr>\n<td class=\"AttributeName VerticalAlignMiddle AttributeBorder\">Lenkung<\/td>\n<td class=\"AttributeContent AttributeBorder\">hydraulische Servolenkung<\/td>\n<\/tr>\n<tr>\n<td class=\"AttributeGroupHeader\" colspan=\"2\">M\u00e4hdaten<\/td>\n<\/tr>\n<tr>\n<td class=\"AttributeName VerticalAlignMiddle AttributeBorder\">max. Fl\u00e4che<\/td>\n<td class=\"AttributeContent AttributeBorder\">20000 m\u00b2<\/td>\n<\/tr>\n<tr>\n<td class=\"AttributeName VerticalAlignMiddle AttributeBorder\">Schnittbreite<\/td>\n<td class=\"AttributeContent AttributeBorder\">100 cm<\/td>\n<\/tr>\n<tr>\n<td class=\"AttributeName VerticalAlignMiddle AttributeBorder\">Anzahl Messer<\/td>\n<td class=\"AttributeContent AttributeBorder\">2<\/td>\n<\/tr>\n<tr>\n<td class=\"AttributeName VerticalAlignMiddle AttributeBorder\">Schnitth\u00f6hen<\/td>\n<td class=\"AttributeContent AttributeBorder\">44 \u2013 102 mm<\/td>\n<\/tr>\n<tr>\n<td class=\"AttributeName VerticalAlignMiddle AttributeBorder\">Anzahl Schnitth\u00f6hen<\/td>\n<td class=\"AttributeContent AttributeBorder\">6<\/td>\n<\/tr>\n<tr>\n<td class=\"AttributeName VerticalAlignMiddle AttributeBorder\">Schnitth\u00f6henverstellung<\/td>\n<td class=\"AttributeContent AttributeBorder\">manuell<\/td>\n<\/tr>\n<tr>\n<td class=\"AttributeName VerticalAlignMiddle AttributeBorder\">Volumen Fangkorb<\/td>\n<td class=\"AttributeContent AttributeBorder\">600 Liter<\/td>\n<\/tr>\n<tr>\n<td class=\"AttributeName VerticalAlignMiddle AttributeBorder\">F\u00fcllstandsanzeige<\/td>\n<td class=\"AttributeContent AttributeBorder\">ja<\/td>\n<\/tr>\n<tr>\n<td class=\"AttributeName VerticalAlignMiddle AttributeBorder\">M\u00e4hwerkseinschaltung<\/td>\n<td class=\"AttributeContent AttributeBorder\">elektromagnetische Messerkupplung<\/td>\n<\/tr>\n<tr>\n<td class=\"AttributeName VerticalAlignMiddle AttributeBorder\">Fangkorbentleerung<\/td>\n<td class=\"AttributeContent AttributeBorder\">hydraulisch bis 1,80m<\/td>\n<\/tr>\n<tr>\n<td class=\"AttributeGroupHeader\" colspan=\"2\">Komfort<\/td>\n<\/tr>\n<tr>\n<td class=\"AttributeName VerticalAlignMiddle AttributeBorder\">Betriebsstundenz\u00e4hler<\/td>\n<td class=\"AttributeContent AttributeBorder\">ja<\/td>\n<\/tr>\n<tr>\n<td class=\"AttributeGroupHeader\" colspan=\"2\">Lieferumfang<\/td>\n<\/tr>\n<tr>\n<td class=\"AttributeName VerticalAlignMiddle AttributeBorder\">Grundger\u00e4t<\/td>\n<td class=\"AttributeContent AttributeBorder\">1<\/td>\n<\/tr>\n<tr>\n<td class=\"AttributeName VerticalAlignMiddle AttributeBorder\">Grasfangkorb<\/td>\n<td class=\"AttributeContent AttributeBorder\">1<\/td>\n<\/tr>\n<tr>\n<td class=\"AttributeName VerticalAlignMiddle AttributeBorder\">Z\u00fcndschl\u00fcssel<\/td>\n<td class=\"AttributeContent AttributeBorder\">2<\/td>\n<\/tr>\n<tr>\n<td class=\"AttributeName VerticalAlignMiddle AttributeBorder\">Bedienungsanleitung Ger\u00e4t<\/td>\n<td class=\"AttributeContent AttributeBorder\">1<\/td>\n<\/tr>\n<tr>\n<td class=\"AttributeGroupHeader\" colspan=\"2\">Umwelt, Ma\u00dfe und Gewicht<\/td>\n<\/tr>\n<tr>\n<td class=\"AttributeName VerticalAlignMiddle AttributeBorder\">Gewicht<\/td>\n<td class=\"AttributeContent AttributeBorder\">713 kg<\/td>\n<\/tr>\n<tr>\n<td class=\"AttributeGroupHeader\" colspan=\"2\">Artikel-Nr \/ EAN<\/td>\n<\/tr>\n<tr>\n<td class=\"AttributeName VerticalAlignMiddle AttributeBorder\">Artikel-Nr.:<\/td>\n<td class=\"AttributeContent AttributeBorder\">BPHPX2<\/td>\n<\/tr>\n<tr>\n<td class=\"AttributeName VerticalAlignMiddle AttributeBorder\">EAN:<\/td>\n<\/tr>\n<\/tbody>\n<\/table>\n<\/div>\n","protected":false},"excerpt":{"rendered":"<ul>\n<li><strong>Auf Lager<\/strong><\/li>\n<li><strong>Lieferung nach Deutschland :\u00a0<\/strong>Gratisversand (5 \u2013 7 Tagen) : 0\u20ac\u00a0 \u00a0 \u00a0 \u00a0 \u00a0 \u00a0 \u00a0 \u00a0 \u00a0 \u00a0 \u00a0 \u00a0 \u00a0 \u00a0 \u00a0 \u00a0 \u00a0 \u00a0 \u00a0 \u00a0 \u00a0 \u00a0 \u00a0 \u00a0 \u00a0 \u00a0 \u00a0 \u00a0 \u00a0 \u00a0 \u00a0\u00a0Expressversand (1 \u2013 3 Tagen) : 59,99\u20ac<\/li>\n<li><strong>Lieferung in \u00d6sterreich &amp; Schweiz :\u00a0<\/strong>( 7 Tagen ) : 79,99\u20ac<\/li>\n<li><strong>R\u00fcckgabe innerhalb von 14 Tagen<\/strong><\/li>\n<\/ul>\n","protected":false},"featured_media":8832,"template":"","meta":[],"product_brand":[],"product_cat":[75],"product_tag":[79,122],"class_list":{"0":"post-9688","1":"product","2":"type-product","3":"status-publish","4":"has-post-thumbnail","6":"product_cat-aufsitzfrontmaeher","7":"product_tag-aufsitzfrontmaeher","8":"product_tag-etesia","10":"first","11":"instock","12":"sale","13":"shipping-taxable","14":"purchasable","15":"product-type-simple"},"_links":{"self":[{"href":"https:\/\/rasenroboterplanet.com\/index.php\/wp-json\/wp\/v2\/product\/9688","targetHints":{"allow":["GET"]}}],"collection":[{"href":"https:\/\/rasenroboterplanet.com\/index.php\/wp-json\/wp\/v2\/product"}],"about":[{"href":"https:\/\/rasenroboterplanet.com\/index.php\/wp-json\/wp\/v2\/types\/product"}],"version-history":[{"count":2,"href":"https:\/\/rasenroboterplanet.com\/index.php\/wp-json\/wp\/v2\/product\/9688\/revisions"}],"predecessor-version":[{"id":10321,"href":"https:\/\/rasenroboterplanet.com\/index.php\/wp-json\/wp\/v2\/product\/9688\/revisions\/10321"}],"wp:featuredmedia":[{"embeddable":true,"href":"https:\/\/rasenroboterplanet.com\/index.php\/wp-json\/wp\/v2\/media\/8832"}],"wp:attachment":[{"href":"https:\/\/rasenroboterplanet.com\/index.php\/wp-json\/wp\/v2\/media?parent=9688"}],"wp:term":[{"taxonomy":"product_brand","embeddable":true,"href":"https:\/\/rasenroboterplanet.com\/index.php\/wp-json\/wp\/v2\/product_brand?post=9688"},{"taxonomy":"product_cat","embeddable":true,"href":"https:\/\/rasenroboterplanet.com\/index.php\/wp-json\/wp\/v2\/product_cat?post=9688"},{"taxonomy":"product_tag","embeddable":true,"href":"https:\/\/rasenroboterplanet.com\/index.php\/wp-json\/wp\/v2\/product_tag?post=9688"}],"curies":[{"name":"wp","href":"https:\/\/api.w.org\/{rel}","templated":true}]}}