{"id":9681,"date":"2023-02-25T14:12:27","date_gmt":"2023-02-25T13:12:27","guid":{"rendered":"https:\/\/rasenroboterplanet.com\/index.php\/produit\/efco-rasentraktor-ef-92-24-kh-modell-2021-2\/"},"modified":"2023-03-06T10:03:38","modified_gmt":"2023-03-06T09:03:38","slug":"efco-rasentraktor-ef-92-24-kh-modell-2021-2","status":"publish","type":"product","link":"https:\/\/rasenroboterplanet.com\/index.php\/produit\/efco-rasentraktor-ef-92-24-kh-modell-2021-2\/","title":{"rendered":"Efco Rasentraktor EF 92 \/ 24 KH \u2013 Modell 2021"},"content":{"rendered":"<h2>VORTEILE<\/h2>\n<div>\n<div class=\"table-wrapper\">\n<table class=\"UserAttributes\">\n<tbody>\n<tr class=\"PSR1\">\n<td class=\"AttributeLabel VerticalAlignMiddle\"><\/td>\n<td class=\"AttributeContent\">besonders laufruhiger, vibrationsarmer und langlebiger Motor durch 2-Zylinder-Technik<\/td>\n<\/tr>\n<tr class=\"PSR2\">\n<td class=\"AttributeLabel VerticalAlignMiddle\"><\/td>\n<td class=\"AttributeContent\">bequemes Anlassen des Motors per Z\u00fcndschl\u00fcssel<\/td>\n<\/tr>\n<tr class=\"PSR3\">\n<td class=\"AttributeLabel VerticalAlignMiddle\"><\/td>\n<td class=\"AttributeContent\">einfaches Reinigen des M\u00e4hwerks \u00fcber die M\u00e4hwerk-Waschd\u00fcse<\/td>\n<\/tr>\n<tr class=\"PSR4\">\n<td class=\"AttributeLabel VerticalAlignMiddle\"><\/td>\n<td class=\"AttributeContent\">Mulchkit optional erh\u00e4ltlich: Das Schnittgut wird so klein geh\u00e4ckselt, dass es als nat\u00fcrlicher, biologischer D\u00fcnger auf der gem\u00e4hten Fl\u00e4che verbleiben kann. Besonders vorteilhaft in wachstumsstarken Perioden, da Entsorgung des Schnittguts entf\u00e4llt.<\/td>\n<\/tr>\n<tr class=\"PSR5\">\n<td class=\"AttributeLabel VerticalAlignMiddle\"><\/td>\n<td class=\"AttributeContent\">Der Scheinwerfer erm\u00f6glicht das Arbeiten in der D\u00e4mmerung oder bei schlechten Sichtverh\u00e4ltnissen.<\/td>\n<\/tr>\n<tr class=\"PSR6\">\n<td class=\"AttributeLabel VerticalAlignMiddle\"><\/td>\n<td class=\"AttributeContent\">Die serienm\u00e4\u00dfig im Lieferumfang enthaltene robuste Sto\u00dfstange sch\u00fctzt verl\u00e4sslich die Motorhaube des Rasentraktors<\/td>\n<\/tr>\n<\/tbody>\n<\/table>\n<\/div>\n<\/div>\n<p>&nbsp;<\/p>\n<h2>Technische Daten<\/h2>\n<div class=\"table-wrapper\">\n<table class=\"HBOUserAttributes\" style=\"height: 1206px;\" width=\"706\">\n<tbody>\n<tr>\n<td class=\"AttributeGroupHeader\" colspan=\"2\">Motor &amp; Ausstattung<\/td>\n<\/tr>\n<tr>\n<td class=\"AttributeName VerticalAlignMiddle AttributeBorder\">Motorleistung<\/td>\n<td class=\"AttributeContent AttributeBorder\">13,8 kW \/ 18,8 PS<\/td>\n<\/tr>\n<tr>\n<td class=\"AttributeName VerticalAlignMiddle AttributeBorder\">Marke Motor<\/td>\n<td class=\"AttributeContent AttributeBorder\">Emak<\/td>\n<\/tr>\n<tr>\n<td class=\"AttributeName VerticalAlignMiddle AttributeBorder\">Motorbezeichnung<\/td>\n<td class=\"AttributeContent AttributeBorder\">K2400 AVD V-Twin<\/td>\n<\/tr>\n<tr>\n<td class=\"AttributeName VerticalAlignMiddle AttributeBorder\">Anzahl Zylinder<\/td>\n<td class=\"AttributeContent AttributeBorder\">2<\/td>\n<\/tr>\n<tr>\n<td class=\"AttributeName VerticalAlignMiddle AttributeBorder\">Hubraum<\/td>\n<td class=\"AttributeContent AttributeBorder\">708 cm\u00b3<\/td>\n<\/tr>\n<tr>\n<td class=\"AttributeName VerticalAlignMiddle AttributeBorder\">Ger\u00e4teleistung<\/td>\n<td class=\"AttributeContent AttributeBorder\">12,3 KW \/ 16,7 PS bei 2800 U\/Min<\/td>\n<\/tr>\n<tr>\n<td class=\"AttributeName VerticalAlignMiddle AttributeBorder\">Kraftstoff<\/td>\n<td class=\"AttributeContent AttributeBorder\">Benzin<\/td>\n<\/tr>\n<tr>\n<td class=\"AttributeName VerticalAlignMiddle AttributeBorder\">Elektrostart<\/td>\n<td class=\"AttributeContent AttributeBorder\">ja<\/td>\n<\/tr>\n<tr>\n<td class=\"AttributeName VerticalAlignMiddle AttributeBorder\">Anzahl G\u00e4nge (V\/R)<\/td>\n<td class=\"AttributeContent AttributeBorder\">stufenlos<\/td>\n<\/tr>\n<tr>\n<td class=\"AttributeName VerticalAlignMiddle AttributeBorder\">Getriebe<\/td>\n<td class=\"AttributeContent AttributeBorder\">Hydrostat (per Fu\u00dfpedal)<\/td>\n<\/tr>\n<tr>\n<td class=\"AttributeName VerticalAlignMiddle AttributeBorder\">Max. Geschwindigkeit<\/td>\n<td class=\"AttributeContent AttributeBorder\">9 km\/h<\/td>\n<\/tr>\n<tr>\n<td class=\"AttributeName VerticalAlignMiddle AttributeBorder\">Reifengr\u00f6\u00dfe vorne<\/td>\n<td class=\"AttributeContent AttributeBorder\">15\u00d76,00-6\u2033<\/td>\n<\/tr>\n<tr>\n<td class=\"AttributeName VerticalAlignMiddle AttributeBorder\">Reifengr\u00f6\u00dfe hinten<\/td>\n<td class=\"AttributeContent AttributeBorder\">18\u00d78,50-8\u2033<\/td>\n<\/tr>\n<tr>\n<td class=\"AttributeName VerticalAlignMiddle AttributeBorder\">Reifenprofil<\/td>\n<td class=\"AttributeContent AttributeBorder\">Rasenprofil<\/td>\n<\/tr>\n<tr>\n<td class=\"AttributeName VerticalAlignMiddle AttributeBorder\">Wendekreis<\/td>\n<td class=\"AttributeContent AttributeBorder\">65 cm<\/td>\n<\/tr>\n<tr>\n<td class=\"AttributeGroupHeader\" colspan=\"2\">M\u00e4hdaten<\/td>\n<\/tr>\n<tr>\n<td class=\"AttributeName VerticalAlignMiddle AttributeBorder\">max. Fl\u00e4che<\/td>\n<td class=\"AttributeContent AttributeBorder\">5000 m\u00b2<\/td>\n<\/tr>\n<tr>\n<td class=\"AttributeName VerticalAlignMiddle AttributeBorder\">Schnittbreite<\/td>\n<td class=\"AttributeContent AttributeBorder\">92 cm<\/td>\n<\/tr>\n<tr>\n<td class=\"AttributeName VerticalAlignMiddle AttributeBorder\">Anzahl Messer<\/td>\n<td class=\"AttributeContent AttributeBorder\">2<\/td>\n<\/tr>\n<tr>\n<td class=\"AttributeName VerticalAlignMiddle AttributeBorder\">Schnitth\u00f6hen<\/td>\n<td class=\"AttributeContent AttributeBorder\">30-90 mm<\/td>\n<\/tr>\n<tr>\n<td class=\"AttributeName VerticalAlignMiddle AttributeBorder\">Schnitth\u00f6henverstellung<\/td>\n<td class=\"AttributeContent AttributeBorder\">zentral<\/td>\n<\/tr>\n<tr>\n<td class=\"AttributeName VerticalAlignMiddle AttributeBorder\">M\u00e4hmethoden<\/td>\n<td class=\"AttributeContent AttributeBorder\">M\u00e4hen, Fangen, Mulchen<\/td>\n<\/tr>\n<tr>\n<td class=\"AttributeName VerticalAlignMiddle AttributeBorder\">Mulchkit<\/td>\n<td class=\"AttributeContent AttributeBorder\">Mulchkit als Zubeh\u00f6r erh\u00e4ltlich<\/td>\n<\/tr>\n<tr>\n<td class=\"AttributeName VerticalAlignMiddle AttributeBorder\">Fangen<\/td>\n<td class=\"AttributeContent AttributeBorder\">ja<\/td>\n<\/tr>\n<tr>\n<td class=\"AttributeName VerticalAlignMiddle AttributeBorder\">Volumen Fangkorb<\/td>\n<td class=\"AttributeContent AttributeBorder\">300 Liter<\/td>\n<\/tr>\n<tr>\n<td class=\"AttributeName VerticalAlignMiddle AttributeBorder\">Fangkorbentleerung<\/td>\n<td class=\"AttributeContent AttributeBorder\">manuell vom Sitz aus \u00fcber Teleskopstange<\/td>\n<\/tr>\n<tr>\n<td class=\"AttributeName VerticalAlignMiddle AttributeBorder\">Wasserschlauchanschluss<\/td>\n<td class=\"AttributeContent AttributeBorder\">ja<\/td>\n<\/tr>\n<tr>\n<td class=\"AttributeGroupHeader\" colspan=\"2\">Komfort<\/td>\n<\/tr>\n<tr>\n<td class=\"AttributeName VerticalAlignMiddle AttributeBorder\">Sitz<\/td>\n<td class=\"AttributeContent AttributeBorder\">Komfortsitz<\/td>\n<\/tr>\n<tr>\n<td class=\"AttributeName VerticalAlignMiddle AttributeBorder\">Scheinwerfer<\/td>\n<td class=\"AttributeContent AttributeBorder\">ja<\/td>\n<\/tr>\n<tr>\n<td class=\"AttributeName VerticalAlignMiddle AttributeBorder\">Zug\u00f6se<\/td>\n<td class=\"AttributeContent AttributeBorder\">nein<\/td>\n<\/tr>\n<tr>\n<td class=\"AttributeName VerticalAlignMiddle AttributeBorder\">Sto\u00dff\u00e4nger<\/td>\n<td class=\"AttributeContent AttributeBorder\">ja<\/td>\n<\/tr>\n<tr>\n<td class=\"AttributeGroupHeader\" colspan=\"2\">Umwelt, Ma\u00dfe und Gewicht<\/td>\n<\/tr>\n<tr>\n<td class=\"AttributeName VerticalAlignMiddle AttributeBorder\">Gewicht<\/td>\n<td class=\"AttributeContent AttributeBorder\">260 kg<\/td>\n<\/tr>\n<tr>\n<td class=\"AttributeName VerticalAlignMiddle AttributeBorder\">Abmessungen (L x B x H)<\/td>\n<td class=\"AttributeContent AttributeBorder\">248 x 95 x 112 cm<\/td>\n<\/tr>\n<tr>\n<td class=\"AttributeName VerticalAlignMiddle AttributeBorder\">Garantie<\/td>\n<td class=\"AttributeContent AttributeBorder\">2 Jahre bei privater Nutzung<\/td>\n<\/tr>\n<tr>\n<td class=\"AttributeGroupHeader\" colspan=\"2\">Artikel-Nr \/ EAN<\/td>\n<\/tr>\n<tr>\n<td class=\"AttributeName VerticalAlignMiddle AttributeBorder\">Artikel-Nr.:<\/td>\n<td class=\"AttributeContent AttributeBorder\">68129084<\/td>\n<\/tr>\n<tr>\n<td class=\"AttributeName VerticalAlignMiddle AttributeBorder\">EAN:<\/td>\n<\/tr>\n<\/tbody>\n<\/table>\n<\/div>\n","protected":false},"excerpt":{"rendered":"<ul>\n<li><strong>Auf Lager<\/strong><\/li>\n<li><strong>Lieferung nach Deutschland :\u00a0<\/strong>Gratisversand (5 \u2013 7 Tagen) : 0\u20ac\u00a0 \u00a0 \u00a0 \u00a0 \u00a0 \u00a0 \u00a0 \u00a0 \u00a0 \u00a0 \u00a0 \u00a0 \u00a0 \u00a0 \u00a0 \u00a0 \u00a0 \u00a0 \u00a0 \u00a0 \u00a0 \u00a0 \u00a0 \u00a0 \u00a0 \u00a0 \u00a0 \u00a0 \u00a0 \u00a0 \u00a0\u00a0Expressversand (1 \u2013 3 Tagen) : 59,99\u20ac<\/li>\n<li><strong>Lieferung in \u00d6sterreich &amp; Schweiz :\u00a0<\/strong>( 7 Tagen ) : 79,99\u20ac<\/li>\n<li><strong>R\u00fcckgabe innerhalb von 14 Tagen<\/strong><\/li>\n<\/ul>\n","protected":false},"featured_media":8818,"template":"","meta":[],"product_brand":[],"product_cat":[72],"product_tag":[143,78],"class_list":{"0":"post-9681","1":"product","2":"type-product","3":"status-publish","4":"has-post-thumbnail","6":"product_cat-gartentraktoren","7":"product_tag-efco","8":"product_tag-gartentraktoren","10":"first","11":"instock","12":"sale","13":"shipping-taxable","14":"purchasable","15":"product-type-simple"},"_links":{"self":[{"href":"https:\/\/rasenroboterplanet.com\/index.php\/wp-json\/wp\/v2\/product\/9681","targetHints":{"allow":["GET"]}}],"collection":[{"href":"https:\/\/rasenroboterplanet.com\/index.php\/wp-json\/wp\/v2\/product"}],"about":[{"href":"https:\/\/rasenroboterplanet.com\/index.php\/wp-json\/wp\/v2\/types\/product"}],"version-history":[{"count":1,"href":"https:\/\/rasenroboterplanet.com\/index.php\/wp-json\/wp\/v2\/product\/9681\/revisions"}],"predecessor-version":[{"id":10312,"href":"https:\/\/rasenroboterplanet.com\/index.php\/wp-json\/wp\/v2\/product\/9681\/revisions\/10312"}],"wp:featuredmedia":[{"embeddable":true,"href":"https:\/\/rasenroboterplanet.com\/index.php\/wp-json\/wp\/v2\/media\/8818"}],"wp:attachment":[{"href":"https:\/\/rasenroboterplanet.com\/index.php\/wp-json\/wp\/v2\/media?parent=9681"}],"wp:term":[{"taxonomy":"product_brand","embeddable":true,"href":"https:\/\/rasenroboterplanet.com\/index.php\/wp-json\/wp\/v2\/product_brand?post=9681"},{"taxonomy":"product_cat","embeddable":true,"href":"https:\/\/rasenroboterplanet.com\/index.php\/wp-json\/wp\/v2\/product_cat?post=9681"},{"taxonomy":"product_tag","embeddable":true,"href":"https:\/\/rasenroboterplanet.com\/index.php\/wp-json\/wp\/v2\/product_tag?post=9681"}],"curies":[{"name":"wp","href":"https:\/\/api.w.org\/{rel}","templated":true}]}}