{"id":9661,"date":"2023-02-25T14:12:21","date_gmt":"2023-02-25T13:12:21","guid":{"rendered":"https:\/\/rasenroboterplanet.com\/index.php\/produit\/as-motor-aufsitz-allmaeher-900-enduro-modell-2022-2\/"},"modified":"2023-03-05T01:32:48","modified_gmt":"2023-03-05T00:32:48","slug":"as-motor-aufsitz-allmaeher-900-enduro-modell-2022-2","status":"publish","type":"product","link":"https:\/\/rasenroboterplanet.com\/index.php\/produit\/as-motor-aufsitz-allmaeher-900-enduro-modell-2022-2\/","title":{"rendered":"AS-Motor Aufsitz Allm\u00e4her 900 Enduro \u2013 Modell 2022"},"content":{"rendered":"<p><b>Aufsitzm\u00e4her: mit niedrigem Schwerpunkt erfolgreich<\/b><\/p>\n<p>Souver\u00e4n und komfortabel: der Aufsitz Wiesenm\u00e4her AS 900 ist geschaffen f\u00fcrs M\u00e4hen und Mulchen von Hochgras. Mit niedrigem Schwerpunkt bringt er Sie sicher durchs h\u00fcgelige Gel\u00e4nde, bergauf und bergab. Zuverl\u00e4ssige Begleiter bringen Sie sicher ans Ziel \u2013 z. B. der breite Radstand, die kompakte Bauweise und der kraftvolle Vortrieb des Vanguard 2-Zylinder-Motors von Briggs &amp; Stratton. \u00dcber das stufenlose Hydrostatgetriebe und die Differenzialsperre leitet er die Power traktionsstark an die Hinterachse. Der enge Wendekreis, die Fl\u00e4chenleistung bei hohen Wiesen und das Seitenauswurf-M\u00e4hwerk mit \u201cscharfen\u201d Komponenten sind beeindruckende Details.<\/p>\n<h2>Vorteile<\/h2>\n<div>\n<div class=\"table-wrapper\">\n<table class=\"UserAttributes\">\n<tbody>\n<tr class=\"PSR1\">\n<td class=\"AttributeLabel VerticalAlignMiddle\"><\/td>\n<td class=\"AttributeContent\">besonders laufruhiger, vibrationsarmer und langlebiger Motor durch 2-Zylinder-Technik<\/td>\n<\/tr>\n<tr class=\"PSR2\">\n<td class=\"AttributeLabel VerticalAlignMiddle\"><\/td>\n<td class=\"AttributeContent\">bequemes Anlassen des Motors per Z\u00fcndschl\u00fcssel<\/td>\n<\/tr>\n<tr class=\"PSR3\">\n<td class=\"AttributeLabel VerticalAlignMiddle\"><\/td>\n<td class=\"AttributeContent\">Zuverl\u00e4ssiger Motor von Briggs &amp; Stratton, dem gr\u00f6\u00dften Hersteller weltweit von luftgek\u00fchlten Ottomotoren.<\/td>\n<\/tr>\n<tr class=\"PSR4\">\n<td class=\"AttributeLabel VerticalAlignMiddle\"><\/td>\n<td class=\"AttributeContent\">Die pendelnde Vorderachse h\u00e4lt unabh\u00e4ngig vom starren Rahmen der Maschine durchg\u00e4ngig Bodenkontakt. Das M\u00e4hwerk folgt dieser Bewegung, so dass das Schnittbild auch bei leichten Unebenheiten gleichm\u00e4\u00dfig ist.<\/td>\n<\/tr>\n<tr class=\"PSR5\">\n<td class=\"AttributeLabel VerticalAlignMiddle\"><\/td>\n<td class=\"AttributeContent\">Hydrostat-Getriebe erlaubt stufenlose Wahl der Fahrgeschwindigkeit<\/td>\n<\/tr>\n<tr class=\"PSR6\">\n<td class=\"AttributeLabel VerticalAlignMiddle\"><\/td>\n<td class=\"AttributeContent\">Hydrostat-Getriebe erm\u00f6glicht Geschwindigkeitsver\u00e4nderung sowie Wechsel zwischen vorw\u00e4rts und r\u00fcckw\u00e4rts fahren ohne schalten oder kuppeln zu m\u00fcssen<\/td>\n<\/tr>\n<tr class=\"PSR7\">\n<td class=\"AttributeLabel VerticalAlignMiddle\"><\/td>\n<td class=\"AttributeContent\">Die Differentialsperre sorgt f\u00fcr bessere Traktion beim Fahren an Steigungen oder auf nassem Gras.<\/td>\n<\/tr>\n<tr class=\"PSR8\">\n<td class=\"AttributeLabel VerticalAlignMiddle\"><\/td>\n<td class=\"AttributeContent\">Die Differentialsperre sorgt f\u00fcr bessere Traktion beim Fahren an Steigungen oder auf nassem Gras.<\/td>\n<\/tr>\n<\/tbody>\n<\/table>\n<\/div>\n<\/div>\n<p>&nbsp;<\/p>\n<h2>Technische Daten<\/h2>\n<div class=\"table-wrapper\">\n<table class=\"HBOUserAttributes\">\n<tbody>\n<tr>\n<td class=\"AttributeGroupHeader\" colspan=\"2\">Motor &amp; Ausstattung<\/td>\n<\/tr>\n<tr>\n<td class=\"AttributeName VerticalAlignMiddle AttributeBorder\">Marke Motor<\/td>\n<td class=\"AttributeContent AttributeBorder\">Briggs &amp; Stratton<\/td>\n<\/tr>\n<tr>\n<td class=\"AttributeName VerticalAlignMiddle AttributeBorder\">Motorbezeichnung<\/td>\n<td class=\"AttributeContent AttributeBorder\">Intek Serie 7<\/td>\n<\/tr>\n<tr>\n<td class=\"AttributeName VerticalAlignMiddle AttributeBorder\">Anzahl Zylinder<\/td>\n<td class=\"AttributeContent AttributeBorder\">2<\/td>\n<\/tr>\n<tr>\n<td class=\"AttributeName VerticalAlignMiddle AttributeBorder\">Hubraum<\/td>\n<td class=\"AttributeContent AttributeBorder\">656 cm\u00b3<\/td>\n<\/tr>\n<tr>\n<td class=\"AttributeName VerticalAlignMiddle AttributeBorder\">Motorleistung<\/td>\n<td class=\"AttributeContent AttributeBorder\">11,9 kW \/ 16,2 PS bei 3600 U\/Min<\/td>\n<\/tr>\n<tr>\n<td class=\"AttributeName VerticalAlignMiddle AttributeBorder\">Ger\u00e4teleistung<\/td>\n<td class=\"AttributeContent AttributeBorder\">11,1 KW \/ 15,1 PS bei 3300 U\/Min<\/td>\n<\/tr>\n<tr>\n<td class=\"AttributeName VerticalAlignMiddle AttributeBorder\">Kraftstoff<\/td>\n<td class=\"AttributeContent AttributeBorder\">Benzin<\/td>\n<\/tr>\n<tr>\n<td class=\"AttributeName VerticalAlignMiddle AttributeBorder\">Elektrostart<\/td>\n<td class=\"AttributeContent AttributeBorder\">ja<\/td>\n<\/tr>\n<tr>\n<td class=\"AttributeName VerticalAlignMiddle AttributeBorder\">Kraftstofftank<\/td>\n<td class=\"AttributeContent AttributeBorder\">15 Liter<\/td>\n<\/tr>\n<tr>\n<td class=\"AttributeName VerticalAlignMiddle AttributeBorder\">Lenkungsmechanismus<\/td>\n<td class=\"AttributeContent AttributeBorder\">Vorderrad-Lenkung<\/td>\n<\/tr>\n<tr>\n<td class=\"AttributeName VerticalAlignMiddle AttributeBorder\">Choke<\/td>\n<td class=\"AttributeContent AttributeBorder\">Gashebel mit integrierter Choke-Funktion<\/td>\n<\/tr>\n<tr>\n<td class=\"AttributeName VerticalAlignMiddle AttributeBorder\">Anzahl G\u00e4nge (V\/R)<\/td>\n<td class=\"AttributeContent AttributeBorder\">stufenlos<\/td>\n<\/tr>\n<tr>\n<td class=\"AttributeName VerticalAlignMiddle AttributeBorder\">Art der Motorschmierung<\/td>\n<td class=\"AttributeContent AttributeBorder\">\u00d6ldruckumlaufschmierung<\/td>\n<\/tr>\n<tr>\n<td class=\"AttributeName VerticalAlignMiddle AttributeBorder\">Geschwindigkeit r\u00fcckw\u00e4rts<\/td>\n<td class=\"AttributeContent AttributeBorder\">9,5 km\/h<\/td>\n<\/tr>\n<tr>\n<td class=\"AttributeName VerticalAlignMiddle AttributeBorder\">Getriebe<\/td>\n<td class=\"AttributeContent AttributeBorder\">Hydrostatgetriebe mit Differentialsperre<\/td>\n<\/tr>\n<tr>\n<td class=\"AttributeName VerticalAlignMiddle AttributeBorder\">Differentialsperre<\/td>\n<td class=\"AttributeContent AttributeBorder\">ja<\/td>\n<\/tr>\n<tr>\n<td class=\"AttributeName VerticalAlignMiddle AttributeBorder\">Antrieb<\/td>\n<td class=\"AttributeContent AttributeBorder\">Hinterradantrieb<\/td>\n<\/tr>\n<tr>\n<td class=\"AttributeName VerticalAlignMiddle AttributeBorder\">Max. Geschwindigkeit<\/td>\n<td class=\"AttributeContent AttributeBorder\">10 km\/h<\/td>\n<\/tr>\n<tr>\n<td class=\"AttributeName VerticalAlignMiddle AttributeBorder\">Reifengr\u00f6\u00dfe vorne<\/td>\n<td class=\"AttributeContent AttributeBorder\">13\u00d73,50-6\u201c<\/td>\n<\/tr>\n<tr>\n<td class=\"AttributeName VerticalAlignMiddle AttributeBorder\">Reifengr\u00f6\u00dfe hinten<\/td>\n<td class=\"AttributeContent AttributeBorder\">17\u00d78,00-8\u2033<\/td>\n<\/tr>\n<tr>\n<td class=\"AttributeName VerticalAlignMiddle AttributeBorder\">Reifenprofil<\/td>\n<td class=\"AttributeContent AttributeBorder\">Ackerstollen-Bereifung<\/td>\n<\/tr>\n<tr>\n<td class=\"AttributeName VerticalAlignMiddle AttributeBorder\">Lenkung<\/td>\n<td class=\"AttributeContent AttributeBorder\">Zahnradlenkung<\/td>\n<\/tr>\n<tr>\n<td class=\"AttributeName VerticalAlignMiddle AttributeBorder\">Wendekreis<\/td>\n<td class=\"AttributeContent AttributeBorder\">80 cm<\/td>\n<\/tr>\n<tr>\n<td class=\"AttributeName VerticalAlignMiddle AttributeBorder\">Vorderachse pendelnd<\/td>\n<td class=\"AttributeContent AttributeBorder\">ja<\/td>\n<\/tr>\n<tr>\n<td class=\"AttributeName VerticalAlignMiddle AttributeBorder\">Bordspannung<\/td>\n<td class=\"AttributeContent AttributeBorder\">12 V<\/td>\n<\/tr>\n<tr>\n<td class=\"AttributeName VerticalAlignMiddle AttributeBorder\">Fahrtrichtungswahl<\/td>\n<td class=\"AttributeContent AttributeBorder\">\u00fcber Hebel am Lenkrad zur Einstellung vorw\u00e4rts oder r\u00fcckwarts fahren, Fahrt selbst erfolgt anschlie\u00dfend \u00fcber Bet\u00e4tigung des Fahrpedals,<\/td>\n<\/tr>\n<tr>\n<td class=\"AttributeGroupHeader\" colspan=\"2\">M\u00e4hdaten<\/td>\n<\/tr>\n<tr>\n<td class=\"AttributeName VerticalAlignMiddle AttributeBorder\">Schnittbreite<\/td>\n<td class=\"AttributeContent AttributeBorder\">90 cm<\/td>\n<\/tr>\n<tr>\n<td class=\"AttributeName VerticalAlignMiddle AttributeBorder\">Anzahl Messer<\/td>\n<td class=\"AttributeContent AttributeBorder\">1<\/td>\n<\/tr>\n<tr>\n<td class=\"AttributeName VerticalAlignMiddle AttributeBorder\">Schnitth\u00f6hen<\/td>\n<td class=\"AttributeContent AttributeBorder\">30-90 mm<\/td>\n<\/tr>\n<tr>\n<td class=\"AttributeName VerticalAlignMiddle AttributeBorder\">Anzahl Schnitth\u00f6hen<\/td>\n<td class=\"AttributeContent AttributeBorder\">4<\/td>\n<\/tr>\n<tr>\n<td class=\"AttributeName VerticalAlignMiddle AttributeBorder\">Schnitth\u00f6henverstellung<\/td>\n<td class=\"AttributeContent AttributeBorder\">zentral, manuell mit Gasdruckd\u00e4mpfer<\/td>\n<\/tr>\n<tr>\n<td class=\"AttributeName VerticalAlignMiddle AttributeBorder\">M\u00e4hmethoden<\/td>\n<td class=\"AttributeContent AttributeBorder\">Seitenauswurf<\/td>\n<\/tr>\n<tr>\n<td class=\"AttributeName VerticalAlignMiddle AttributeBorder\">M\u00e4hwerkseinschaltung<\/td>\n<td class=\"AttributeContent AttributeBorder\">elektromagnetische Messerkupplung<\/td>\n<\/tr>\n<tr>\n<td class=\"AttributeName VerticalAlignMiddle AttributeBorder\">M\u00e4hwerkstyp<\/td>\n<td class=\"AttributeContent AttributeBorder\">aus Stahl gefertigt und verschwei\u00dft mit stabilen Verstrebungen<\/td>\n<\/tr>\n<tr>\n<td class=\"AttributeName VerticalAlignMiddle AttributeBorder\">max. Aufwuchsh\u00f6he<\/td>\n<td class=\"AttributeContent AttributeBorder\">120 cm<\/td>\n<\/tr>\n<tr>\n<td class=\"AttributeGroupHeader\" colspan=\"2\">Komfort<\/td>\n<\/tr>\n<tr>\n<td class=\"AttributeName VerticalAlignMiddle AttributeBorder\">Sitz<\/td>\n<td class=\"AttributeContent AttributeBorder\">L\u00e4ngenverstellbarer Schalensitz<\/td>\n<\/tr>\n<tr>\n<td class=\"AttributeName VerticalAlignMiddle AttributeBorder\">Sitzfederung<\/td>\n<td class=\"AttributeContent AttributeBorder\">optional erh\u00e4ltlich<\/td>\n<\/tr>\n<tr>\n<td class=\"AttributeName VerticalAlignMiddle AttributeBorder\">Betriebsstundenz\u00e4hler<\/td>\n<td class=\"AttributeContent AttributeBorder\">ja<\/td>\n<\/tr>\n<tr>\n<td class=\"AttributeName VerticalAlignMiddle AttributeBorder\">Zug\u00f6se<\/td>\n<td class=\"AttributeContent AttributeBorder\">als Zubeh\u00f6r erh\u00e4ltlich<\/td>\n<\/tr>\n<tr>\n<td class=\"AttributeGroupHeader\" colspan=\"2\">Umwelt, Ma\u00dfe und Gewicht<\/td>\n<\/tr>\n<tr>\n<td class=\"AttributeName VerticalAlignMiddle AttributeBorder\">Gewicht<\/td>\n<td class=\"AttributeContent AttributeBorder\">298 kg<\/td>\n<\/tr>\n<tr>\n<td class=\"AttributeName VerticalAlignMiddle AttributeBorder\">Abmessungen (L x B x H)<\/td>\n<td class=\"AttributeContent AttributeBorder\">183 x 100 x 95 cm<\/td>\n<\/tr>\n<tr>\n<td class=\"AttributeName VerticalAlignMiddle AttributeBorder\">garantierter Schallleistungspegel (LWA)<\/td>\n<td class=\"AttributeContent AttributeBorder\">100 dB(A)<\/td>\n<\/tr>\n<tr>\n<td class=\"AttributeName VerticalAlignMiddle AttributeBorder\">Schalldruckpegel am Ohr der Bedienperson<\/td>\n<td class=\"AttributeContent AttributeBorder\">98 dB(A)<\/td>\n<\/tr>\n<tr>\n<td class=\"AttributeName VerticalAlignMiddle AttributeBorder\">Vibration am Lenkrad<\/td>\n<td class=\"AttributeContent AttributeBorder\">3,8 m\/s\u00b2<\/td>\n<\/tr>\n<tr>\n<td class=\"AttributeName VerticalAlignMiddle AttributeBorder\">Vibration am Sitz<\/td>\n<td class=\"AttributeContent AttributeBorder\">0,9 m\/s\u00b2<\/td>\n<\/tr>\n<tr>\n<td class=\"AttributeGroupHeader\" colspan=\"2\">Artikel-Nr \/ EAN<\/td>\n<\/tr>\n<tr>\n<td class=\"AttributeName VerticalAlignMiddle AttributeBorder\">Artikel-Nr.:<\/td>\n<td class=\"AttributeContent AttributeBorder\">G06600102<\/td>\n<\/tr>\n<tr>\n<td class=\"AttributeName VerticalAlignMiddle AttributeBorder\">EAN:<\/td>\n<\/tr>\n<\/tbody>\n<\/table>\n<\/div>\n","protected":false},"excerpt":{"rendered":"<ul>\n<li><strong>Auf Lager<\/strong><\/li>\n<li><strong>Lieferung nach Deutschland :\u00a0<\/strong>Gratisversand (5 \u2013 7 Tagen) : 0\u20ac\u00a0 \u00a0 \u00a0 \u00a0 \u00a0 \u00a0 \u00a0 \u00a0 \u00a0 \u00a0 \u00a0 \u00a0 \u00a0 \u00a0 \u00a0 \u00a0 \u00a0 \u00a0 \u00a0 \u00a0 \u00a0 \u00a0 \u00a0 \u00a0 \u00a0 \u00a0 \u00a0 \u00a0 \u00a0 \u00a0 \u00a0\u00a0Expressversand (1 \u2013 3 Tagen) : 59,99\u20ac<\/li>\n<li><strong>Lieferung in \u00d6sterreich &amp; Schweiz :\u00a0<\/strong>( 7 Tagen ) : 79,99\u20ac<\/li>\n<li><strong>R\u00fcckgabe innerhalb von 14 Tagen<\/strong><\/li>\n<\/ul>\n","protected":false},"featured_media":8778,"template":"","meta":[],"product_brand":[],"product_cat":[75],"product_tag":[124,79],"class_list":{"0":"post-9661","1":"product","2":"type-product","3":"status-publish","4":"has-post-thumbnail","6":"product_cat-aufsitzfrontmaeher","7":"product_tag-as-motor","8":"product_tag-aufsitzfrontmaeher","10":"first","11":"instock","12":"sale","13":"shipping-taxable","14":"purchasable","15":"product-type-simple"},"_links":{"self":[{"href":"https:\/\/rasenroboterplanet.com\/index.php\/wp-json\/wp\/v2\/product\/9661","targetHints":{"allow":["GET"]}}],"collection":[{"href":"https:\/\/rasenroboterplanet.com\/index.php\/wp-json\/wp\/v2\/product"}],"about":[{"href":"https:\/\/rasenroboterplanet.com\/index.php\/wp-json\/wp\/v2\/types\/product"}],"version-history":[{"count":2,"href":"https:\/\/rasenroboterplanet.com\/index.php\/wp-json\/wp\/v2\/product\/9661\/revisions"}],"predecessor-version":[{"id":11002,"href":"https:\/\/rasenroboterplanet.com\/index.php\/wp-json\/wp\/v2\/product\/9661\/revisions\/11002"}],"wp:featuredmedia":[{"embeddable":true,"href":"https:\/\/rasenroboterplanet.com\/index.php\/wp-json\/wp\/v2\/media\/8778"}],"wp:attachment":[{"href":"https:\/\/rasenroboterplanet.com\/index.php\/wp-json\/wp\/v2\/media?parent=9661"}],"wp:term":[{"taxonomy":"product_brand","embeddable":true,"href":"https:\/\/rasenroboterplanet.com\/index.php\/wp-json\/wp\/v2\/product_brand?post=9661"},{"taxonomy":"product_cat","embeddable":true,"href":"https:\/\/rasenroboterplanet.com\/index.php\/wp-json\/wp\/v2\/product_cat?post=9661"},{"taxonomy":"product_tag","embeddable":true,"href":"https:\/\/rasenroboterplanet.com\/index.php\/wp-json\/wp\/v2\/product_tag?post=9661"}],"curies":[{"name":"wp","href":"https:\/\/api.w.org\/{rel}","templated":true}]}}