{"id":8635,"date":"2023-02-20T19:26:05","date_gmt":"2023-02-20T18:26:05","guid":{"rendered":"https:\/\/rasenroboterplanet.com\/?post_type=product&#038;p=8635"},"modified":"2023-03-04T18:36:58","modified_gmt":"2023-03-04T17:36:58","slug":"roboter-rasenmaeherie","status":"publish","type":"product","link":"https:\/\/rasenroboterplanet.com\/index.php\/produit\/roboter-rasenmaeherie\/","title":{"rendered":"Gardena Roboter-Rasenm\u00e4her SILENO+ 4055-60 \u2013 Modell 2021"},"content":{"rendered":"<p><strong>Der M\u00e4hroboter f\u00fcr mehr Freizeit und einen perfekt gepflegten Garten. F\u00fcr gro\u00dfe Rasenfl\u00e4chen und komplexe G\u00e4rten. Mit extra Features.<\/strong><\/p>\n<p>Du wirst \u00fcberrascht sein, wie einfach die Rasenpflege sein kann! Der intuitiv zu bedienende GARDENA SILENO+ h\u00e4lt die Halme akkurat auf L\u00e4nge und Du kannst Deine Freizeit genie\u00dfen. Wenn der M\u00e4hroboter zu arbeiten beginnt, hinterl\u00e4sst er keine Streifen, sondern nur einen perfekt gepflegten Rasenteppich \u2013 dank der SensorCut-Funktion. Er ist so leise, dass man ihn kaum h\u00f6rt, wenn er das Gras m\u00e4ht und anschlie\u00dfend vollautomatisch zur Ladestation zur\u00fcckkehrt. Die M\u00e4hzeiten sind frei programmierbar, so dass der M\u00e4hroboter nur dann in Betrieb ist, wenn Du es w\u00fcnschst. Dein pers\u00f6nlicher Helfer im Garten ist ziemlich clever: Er bestimmt mit der SensorControl-Funktion selbst, wie oft er m\u00e4ht und ob \u00fcberhaupt gem\u00e4ht werden muss. Ebenso ist die SpotCutting-Funktion des M\u00e4hroboter sehr hilfreich und ideal f\u00fcr gro\u00dfe und komplexe G\u00e4rten. Die SpotCutting-Funktion hilft Dir beim M\u00e4hen von schwer zug\u00e4nglichen Bereichen, wie zum Beispiel unter Gartenm\u00f6beln. Dank seines kraftvollen Hinterradantriebs bew\u00e4ltigt der GARDENA SILENO+ Bodenunebenheiten und sogar Steigungen von bis zu 35 Prozent. Genie\u00dfe die Zeit in Deinem Garten \u2013 dank Deines SILENO+ von GARDENA.<\/p>\n<h2>Vorteile<\/h2>\n<div>\n<div class=\"table-wrapper\">\n<table class=\"UserAttributes\">\n<tbody>\n<tr class=\"PSR1\">\n<td class=\"AttributeLabel VerticalAlignMiddle\"><\/td>\n<td class=\"AttributeContent\">Dank des freien Bewegungsmusters wird der Rasen optimal geschnitten und erh\u00e4lt hierdurch eine wundersch\u00f6ne und teppich\u00e4hnliche Struktur<\/td>\n<\/tr>\n<tr class=\"PSR2\">\n<td class=\"AttributeLabel VerticalAlignMiddle\"><\/td>\n<td class=\"AttributeContent\">\u00fcber die Displaybedienung k\u00f6nnen spezifische Einstellungen vorgenommen werden, um den Roboter-Rasenm\u00e4her den Anforderungen des Gartens entsprechend anzupassen<\/td>\n<\/tr>\n<tr class=\"PSR3\">\n<td class=\"AttributeLabel VerticalAlignMiddle\"><\/td>\n<td class=\"AttributeContent\">Wenn die Batteriekapazit\u00e4t des M\u00e4hroboters niedrig ist, findet er selbstst\u00e4ndig seinen Weg zur\u00fcck zur Ladestation.<\/td>\n<\/tr>\n<tr class=\"PSR4\">\n<td class=\"AttributeLabel VerticalAlignMiddle\"><\/td>\n<td class=\"AttributeContent\">Enge Passagen mit einer Mindestbreite von 60 cm bew\u00e4ltigt das Ger\u00e4t problemlos.<\/td>\n<\/tr>\n<tr class=\"PSR5\">\n<td class=\"AttributeLabel VerticalAlignMiddle\"><\/td>\n<td class=\"AttributeContent\">In Zeiten geringen Rasenwachstums reduziert der M\u00e4hroboter seine M\u00e4hzeit automatisch und schont so M\u00e4her und Rasen.<\/td>\n<\/tr>\n<tr class=\"PSR6\">\n<td class=\"AttributeLabel VerticalAlignMiddle\"><\/td>\n<td class=\"AttributeContent\">F\u00fcr Diebe unattraktiv: Der Roboter ist durch einen individuellen PIN-Code gesch\u00fctzt.<\/td>\n<\/tr>\n<tr class=\"PSR7\">\n<td class=\"AttributeLabel VerticalAlignMiddle\"><\/td>\n<td class=\"AttributeContent\">Der Eco-Modus reduziert den Energieverbrauch des Ger\u00e4tes indem es w\u00e4hrend des Ladevorgangs die Stromzufuhr am<br \/>\nBegrenzungskabel einstellt<\/td>\n<\/tr>\n<tr class=\"PSR8\">\n<td class=\"AttributeLabel VerticalAlignMiddle\"><\/td>\n<td class=\"AttributeContent\">Systematische Passagenm\u00e4hfunktion erm\u00f6glicht ein schnelles Durchqueren und ein sch\u00f6nes M\u00e4hergebnis<\/td>\n<\/tr>\n<tr class=\"PSR9\">\n<td class=\"AttributeLabel VerticalAlignMiddle\"><\/td>\n<td class=\"AttributeContent\">hohe Sicherheit, da durch einen Hebesensor das M\u00e4hmesser gestoppt wird, sobald der M\u00e4hroboter angehoben wird.<\/td>\n<\/tr>\n<tr class=\"PSR10\">\n<td class=\"AttributeLabel VerticalAlignMiddle\"><\/td>\n<td class=\"AttributeContent\">Der Neigungssensor stellt sicher, dass bei \u00dcberschreitung der maximalen Hangneigung die Fahrtrichtung ge\u00e4ndert wird. Bei einem \u00dcberschlag wird der Fahrantrieb und der M\u00e4hmotor gestoppt.<\/td>\n<\/tr>\n<\/tbody>\n<\/table>\n<\/div>\n<\/div>\n<p>&nbsp;<\/p>\n<h2>Technische Daten<\/h2>\n<div class=\"table-wrapper\">\n<table class=\"HBOUserAttributes\" style=\"height: 1414px;\" width=\"729\">\n<tbody>\n<tr>\n<td class=\"AttributeGroupHeader\" colspan=\"2\">Motor &amp; Ausstattung<\/td>\n<\/tr>\n<tr>\n<td class=\"AttributeName VerticalAlignMiddle AttributeBorder\">Ladestrom<\/td>\n<td class=\"AttributeContent AttributeBorder\">1,3 A<\/td>\n<\/tr>\n<tr>\n<td class=\"AttributeName VerticalAlignMiddle AttributeBorder\">Ladesystem<\/td>\n<td class=\"AttributeContent AttributeBorder\">automatisch<\/td>\n<\/tr>\n<tr>\n<td class=\"AttributeName VerticalAlignMiddle AttributeBorder\">Bluetooth Empf\u00e4nger<\/td>\n<td class=\"AttributeContent AttributeBorder\">nein<\/td>\n<\/tr>\n<tr>\n<td class=\"AttributeName VerticalAlignMiddle AttributeBorder\">Akkutyp<\/td>\n<td class=\"AttributeContent AttributeBorder\">Lithium Ion<\/td>\n<\/tr>\n<tr>\n<td class=\"AttributeName VerticalAlignMiddle AttributeBorder\">Batteriespannung<\/td>\n<td class=\"AttributeContent AttributeBorder\">18 V<\/td>\n<\/tr>\n<tr>\n<td class=\"AttributeName VerticalAlignMiddle AttributeBorder\">Begrenzungskabel<\/td>\n<td class=\"AttributeContent AttributeBorder\">250 Meter<\/td>\n<\/tr>\n<tr>\n<td class=\"AttributeName VerticalAlignMiddle AttributeBorder\">Rasenn\u00e4gel<\/td>\n<td class=\"AttributeContent AttributeBorder\">400 St\u00fcck<\/td>\n<\/tr>\n<tr>\n<td class=\"AttributeName VerticalAlignMiddle AttributeBorder\">Ladestation im Lieferumfang enthalten<\/td>\n<td class=\"AttributeContent AttributeBorder\">Ja<\/td>\n<\/tr>\n<tr>\n<td class=\"AttributeGroupHeader\" colspan=\"2\">M\u00e4hdaten<\/td>\n<\/tr>\n<tr>\n<td class=\"AttributeName VerticalAlignMiddle AttributeBorder\">maximale Fl\u00e4chenleistung<\/td>\n<td class=\"AttributeContent AttributeBorder\">1600 m\u00b2<\/td>\n<\/tr>\n<tr>\n<td class=\"AttributeName VerticalAlignMiddle AttributeBorder\">Schnittbreite<\/td>\n<td class=\"AttributeContent AttributeBorder\">22 cm<\/td>\n<\/tr>\n<tr>\n<td class=\"AttributeName VerticalAlignMiddle AttributeBorder\">Messertyp<\/td>\n<td class=\"AttributeContent AttributeBorder\">Messerscheibe mit 3 Messern<\/td>\n<\/tr>\n<tr>\n<td class=\"AttributeName VerticalAlignMiddle AttributeBorder\">Schnitth\u00f6he, min-max<\/td>\n<td class=\"AttributeContent AttributeBorder\">20-60 mm<\/td>\n<\/tr>\n<tr>\n<td class=\"AttributeName VerticalAlignMiddle AttributeBorder\">Schneidsystem<\/td>\n<td class=\"AttributeContent AttributeBorder\">3 rotierende Klingen<\/td>\n<\/tr>\n<tr>\n<td class=\"AttributeName VerticalAlignMiddle AttributeBorder\">zus\u00e4tzliche Messer im Lieferumfang<\/td>\n<td class=\"AttributeContent AttributeBorder\">9<\/td>\n<\/tr>\n<tr>\n<td class=\"AttributeName VerticalAlignMiddle AttributeBorder\">kleinste Breite Passage<\/td>\n<td class=\"AttributeContent AttributeBorder\">60 cm<\/td>\n<\/tr>\n<tr>\n<td class=\"AttributeName VerticalAlignMiddle AttributeBorder\">Steigung Schnittbereich max.<\/td>\n<td class=\"AttributeContent AttributeBorder\">35 %<\/td>\n<\/tr>\n<tr>\n<td class=\"AttributeName VerticalAlignMiddle AttributeBorder\">Navigationssystem<\/td>\n<td class=\"AttributeContent AttributeBorder\">zuf\u00e4llig<\/td>\n<\/tr>\n<tr>\n<td class=\"AttributeName VerticalAlignMiddle AttributeBorder\">Max. L\u00e4nge Suchkabel<\/td>\n<td class=\"AttributeContent AttributeBorder\">400 m<\/td>\n<\/tr>\n<tr>\n<td class=\"AttributeName VerticalAlignMiddle AttributeBorder\">Suchsystem<\/td>\n<td class=\"AttributeContent AttributeBorder\">1-fach<\/td>\n<\/tr>\n<tr>\n<td class=\"AttributeName VerticalAlignMiddle AttributeBorder\">Steigung am Begrenzungskabel max.<\/td>\n<td class=\"AttributeContent AttributeBorder\">15 %<\/td>\n<\/tr>\n<tr>\n<td class=\"AttributeName VerticalAlignMiddle AttributeBorder\">M\u00e4hzeit mit einer Akkuladung max.<\/td>\n<td class=\"AttributeContent AttributeBorder\">65 Minuten<\/td>\n<\/tr>\n<tr>\n<td class=\"AttributeName VerticalAlignMiddle AttributeBorder\">Ladezeit bei leerem Akku max.<\/td>\n<td class=\"AttributeContent AttributeBorder\">60 Minuten<\/td>\n<\/tr>\n<tr>\n<td class=\"AttributeName VerticalAlignMiddle AttributeBorder\">Ersatzmesser<\/td>\n<td class=\"AttributeContent AttributeBorder\">9 St\u00fcck<\/td>\n<\/tr>\n<tr>\n<td class=\"AttributeGroupHeader\" colspan=\"2\">Komfort<\/td>\n<\/tr>\n<tr>\n<td class=\"AttributeName VerticalAlignMiddle AttributeBorder\">Displaybedienung<\/td>\n<td class=\"AttributeContent AttributeBorder\">ja<\/td>\n<\/tr>\n<tr>\n<td class=\"AttributeName VerticalAlignMiddle AttributeBorder\">Elektronische H\u00f6heneinstellung<\/td>\n<td class=\"AttributeContent AttributeBorder\">nein<\/td>\n<\/tr>\n<tr>\n<td class=\"AttributeName VerticalAlignMiddle AttributeBorder\">PIN-Code-Sperre<\/td>\n<td class=\"AttributeContent AttributeBorder\">ja<\/td>\n<\/tr>\n<tr>\n<td class=\"AttributeName VerticalAlignMiddle AttributeBorder\">Neigungssensor<\/td>\n<td class=\"AttributeContent AttributeBorder\">ja<\/td>\n<\/tr>\n<tr>\n<td class=\"AttributeName VerticalAlignMiddle AttributeBorder\">Wachstums-Timer<\/td>\n<td class=\"AttributeContent AttributeBorder\">ja<\/td>\n<\/tr>\n<tr>\n<td class=\"AttributeName VerticalAlignMiddle AttributeBorder\">Diebstahlsicherung<\/td>\n<td class=\"AttributeContent AttributeBorder\">Ja, zus\u00e4tzlicher Alarm<\/td>\n<\/tr>\n<tr>\n<td class=\"AttributeName VerticalAlignMiddle AttributeBorder\">Hebesensor<\/td>\n<td class=\"AttributeContent AttributeBorder\">Ja<\/td>\n<\/tr>\n<tr>\n<td class=\"AttributeName VerticalAlignMiddle AttributeBorder\">Sto\u00dfsensor<\/td>\n<td class=\"AttributeContent AttributeBorder\">ja<\/td>\n<\/tr>\n<tr>\n<td class=\"AttributeGroupHeader\" colspan=\"2\">Umwelt &amp; Ma\u00dfe<\/td>\n<\/tr>\n<tr>\n<td class=\"AttributeName VerticalAlignMiddle AttributeBorder\">IP-Schutzart M\u00e4hroboter<\/td>\n<td class=\"AttributeContent AttributeBorder\">IPX4<\/td>\n<\/tr>\n<tr>\n<td class=\"AttributeName VerticalAlignMiddle AttributeBorder\">IP-Schutzart Stromversorgung<\/td>\n<td class=\"AttributeContent AttributeBorder\">IPX44<\/td>\n<\/tr>\n<tr>\n<td class=\"AttributeName VerticalAlignMiddle AttributeBorder\">gemessener Schallleistungspegel dB(A)<\/td>\n<td class=\"AttributeContent AttributeBorder\">58 dB(A)<\/td>\n<\/tr>\n<tr>\n<td class=\"AttributeName VerticalAlignMiddle AttributeBorder\">Ladestation im Lieferumfang enthalten<\/td>\n<td class=\"AttributeContent AttributeBorder\">ja<\/td>\n<\/tr>\n<tr>\n<td class=\"AttributeName VerticalAlignMiddle AttributeBorder\">IP-Schutzart Ladestation<\/td>\n<td class=\"AttributeContent AttributeBorder\">IPX1<\/td>\n<\/tr>\n<tr>\n<td class=\"AttributeGroupHeader\" colspan=\"2\">Sonstiges<\/td>\n<\/tr>\n<tr>\n<td class=\"AttributeName VerticalAlignMiddle AttributeBorder\">Gewicht<\/td>\n<td class=\"AttributeContent AttributeBorder\">9,8 kg<\/td>\n<\/tr>\n<tr>\n<td class=\"AttributeName VerticalAlignMiddle AttributeBorder\">Abmessungen (L x B x H)<\/td>\n<td class=\"AttributeContent AttributeBorder\">63 x 51 x 25 cm<\/td>\n<\/tr>\n<tr>\n<td class=\"AttributeName VerticalAlignMiddle AttributeBorder\">Garantie<\/td>\n<td class=\"AttributeContent AttributeBorder\">2 Jahre bei privater Nutzung<\/td>\n<\/tr>\n<tr>\n<td class=\"AttributeGroupHeader\" colspan=\"2\">Artikel-Nr \/ EAN<\/td>\n<\/tr>\n<tr>\n<td class=\"AttributeName VerticalAlignMiddle AttributeBorder\">Artikel-Nr.:<\/td>\n<td class=\"AttributeContent AttributeBorder\">4055-60<\/td>\n<\/tr>\n<tr>\n<td class=\"AttributeName VerticalAlignMiddle AttributeBorder\">EAN:<\/td>\n<td class=\"AttributeContent AttributeBorder\">4078500035125<\/td>\n<\/tr>\n<\/tbody>\n<\/table>\n<\/div>\n","protected":false},"excerpt":{"rendered":"<ul>\n<li><strong>Auf Lager<\/strong><\/li>\n<li><strong>Lieferung nach Deutschland :\u00a0<\/strong>Gratisversand (5 \u2013 7 Tagen) : 0\u20ac\u00a0 \u00a0 \u00a0 \u00a0 \u00a0 \u00a0 \u00a0 \u00a0 \u00a0 \u00a0 \u00a0 \u00a0 \u00a0 \u00a0 \u00a0 \u00a0 \u00a0 \u00a0 \u00a0 \u00a0 \u00a0 \u00a0 \u00a0 \u00a0 \u00a0 \u00a0 \u00a0 \u00a0 \u00a0 \u00a0 \u00a0\u00a0Expressversand (1 \u2013 3 Tagen) : 59,99\u20ac<\/li>\n<li><strong>Lieferung in \u00d6sterreich &amp; Schweiz :\u00a0<\/strong>( 7 Tagen ) : 79,99\u20ac<\/li>\n<li><strong>R\u00fcckgabe innerhalb von 14 Tagen<\/strong><\/li>\n<li><\/li>\n<\/ul>\n","protected":false},"featured_media":10094,"template":"","meta":[],"product_brand":[],"product_cat":[71],"product_tag":[103,76],"class_list":{"0":"post-8635","1":"product","2":"type-product","3":"status-publish","4":"has-post-thumbnail","6":"product_cat-mahroboter","7":"product_tag-gardena","8":"product_tag-maehroboter","10":"first","11":"instock","12":"sale","13":"shipping-taxable","14":"purchasable","15":"product-type-simple"},"_links":{"self":[{"href":"https:\/\/rasenroboterplanet.com\/index.php\/wp-json\/wp\/v2\/product\/8635","targetHints":{"allow":["GET"]}}],"collection":[{"href":"https:\/\/rasenroboterplanet.com\/index.php\/wp-json\/wp\/v2\/product"}],"about":[{"href":"https:\/\/rasenroboterplanet.com\/index.php\/wp-json\/wp\/v2\/types\/product"}],"version-history":[{"count":3,"href":"https:\/\/rasenroboterplanet.com\/index.php\/wp-json\/wp\/v2\/product\/8635\/revisions"}],"predecessor-version":[{"id":10095,"href":"https:\/\/rasenroboterplanet.com\/index.php\/wp-json\/wp\/v2\/product\/8635\/revisions\/10095"}],"wp:featuredmedia":[{"embeddable":true,"href":"https:\/\/rasenroboterplanet.com\/index.php\/wp-json\/wp\/v2\/media\/10094"}],"wp:attachment":[{"href":"https:\/\/rasenroboterplanet.com\/index.php\/wp-json\/wp\/v2\/media?parent=8635"}],"wp:term":[{"taxonomy":"product_brand","embeddable":true,"href":"https:\/\/rasenroboterplanet.com\/index.php\/wp-json\/wp\/v2\/product_brand?post=8635"},{"taxonomy":"product_cat","embeddable":true,"href":"https:\/\/rasenroboterplanet.com\/index.php\/wp-json\/wp\/v2\/product_cat?post=8635"},{"taxonomy":"product_tag","embeddable":true,"href":"https:\/\/rasenroboterplanet.com\/index.php\/wp-json\/wp\/v2\/product_tag?post=8635"}],"curies":[{"name":"wp","href":"https:\/\/api.w.org\/{rel}","templated":true}]}}