{"id":11138,"date":"2023-03-06T12:32:46","date_gmt":"2023-03-06T11:32:46","guid":{"rendered":"https:\/\/rasenroboterplanet.com\/?post_type=product&#038;p=11138"},"modified":"2023-03-06T12:32:46","modified_gmt":"2023-03-06T11:32:46","slug":"husqvarna-r-316tx-awd-aufsitzfrontmaeher","status":"publish","type":"product","link":"https:\/\/rasenroboterplanet.com\/index.php\/produit\/husqvarna-r-316tx-awd-aufsitzfrontmaeher\/","title":{"rendered":"HUSQVARNA R\u202f316TX AWD Aufsitzfrontm\u00e4her"},"content":{"rendered":"<p>Der Husqvarna R\u202f316TX AWD ist ein smarter, leistungsstarker Aufsitzrasenm\u00e4her, der von einem leistungsstarken Zweizylinder-Motor angetrieben wird und auch h\u00e4rtere Aufgaben bew\u00e4ltigen kann. Es kann zwischen verschiedenen Combi-M\u00e4hdecks f\u00fcr optionales BioClip\u00ae Mulchen oder Heckauswurf gew\u00e4hlt werden. Der Allradantrieb und die Knicklenkung sorgen daf\u00fcr, dass Sie auch in schwierigem Gel\u00e4nde die Kontrolle behalten. Die Motorhaube verf\u00fcgt \u00fcber integrierte Schienen, an denen Sie Zubeh\u00f6r wie den Gep\u00e4cktr\u00e4ger befestigen k\u00f6nnen. LED-Leuchten vorne und hinten sorgen f\u00fcr bessere Sichtbarkeit in der dunklen Jahreszeit. Vorbereitet f\u00fcr Husqvarna Connect mit Bluetooth\u00ae. Exkl. M\u00e4hdeck. Passende M\u00e4hdecks: Combi 94, Combi 103 oder Combi 112.<\/p>\n<table class=\"hbd-table hbd-spec-table\">\n<thead><\/thead>\n<tbody>\n<tr class=\"hbd-spec-table__group-start hbd-spec-table__column-sticky\">\n<td class=\"hbd-spec-table__group-name hui-text-subtitle1\">Motor<\/td>\n<td class=\"hbd-spec-table__article hui-text-body2 hbd-spec-table__article--active\">\n<div>R\u202f316TX AWD<\/div>\n<div class=\"hbd-spec-table__article-number\"><\/div>\n<\/td>\n<\/tr>\n<tr class=\"hbd-spec-table__spec-row hbd-spec-table__column-sticky\">\n<th class=\"hbd-spec-table__spec-name hui-text-body2\">Kraftstoffsorte<\/th>\n<td class=\"hbd-spec-table__spec-value hui-text-body2 hbd-spec-table__spec-value--active\">Benzin<\/td>\n<\/tr>\n<tr class=\"hbd-spec-table__spec-row hbd-spec-table__column-sticky\">\n<th class=\"hbd-spec-table__spec-name hui-text-body2\">Nettoleistung bei U\/min Energy<\/th>\n<td class=\"hbd-spec-table__spec-value hui-text-body2 hbd-spec-table__spec-value--active\">9,6 kW<\/td>\n<\/tr>\n<tr class=\"hbd-spec-table__spec-row hbd-spec-table__column-sticky\">\n<th class=\"hbd-spec-table__spec-name hui-text-body2\">Motorhersteller<\/th>\n<td class=\"hbd-spec-table__spec-value hui-text-body2 hbd-spec-table__spec-value--active\">Kawasaki<\/td>\n<\/tr>\n<tr class=\"hbd-spec-table__spec-row hbd-spec-table__column-sticky\">\n<th class=\"hbd-spec-table__spec-name hui-text-body2\">Motor<\/th>\n<td class=\"hbd-spec-table__spec-value hui-text-body2 hbd-spec-table__spec-value--active\">FS Series V-Twin<\/td>\n<\/tr>\n<tr class=\"hbd-spec-table__spec-row hbd-spec-table__column-sticky\">\n<th class=\"hbd-spec-table__spec-name hui-text-body2\">Hubraum<\/th>\n<td class=\"hbd-spec-table__spec-value hui-text-body2 hbd-spec-table__spec-value--active\">603 cm\u00b3<\/td>\n<\/tr>\n<tr class=\"hbd-spec-table__spec-row hbd-spec-table__column-sticky\">\n<th class=\"hbd-spec-table__spec-name hui-text-body2\">Zylinder<\/th>\n<td class=\"hbd-spec-table__spec-value hui-text-body2 hbd-spec-table__spec-value--active\">2<\/td>\n<\/tr>\n<tr class=\"hbd-spec-table__spec-row hbd-spec-table__column-sticky\">\n<th class=\"hbd-spec-table__spec-name hui-text-body2\">Motork\u00fchlung<\/th>\n<td class=\"hbd-spec-table__spec-value hui-text-body2 hbd-spec-table__spec-value--active\">Luft<\/td>\n<\/tr>\n<tr class=\"hbd-spec-table__spec-row hbd-spec-table__column-sticky\">\n<th class=\"hbd-spec-table__spec-name hui-text-body2\">Motorschmierung<\/th>\n<td class=\"hbd-spec-table__spec-value hui-text-body2 hbd-spec-table__spec-value--active\">Druckschmierung<\/td>\n<\/tr>\n<tr class=\"hbd-spec-table__spec-row hbd-spec-table__column-sticky\">\n<th class=\"hbd-spec-table__spec-name hui-text-body2\">\u00d6lfilter<\/th>\n<td class=\"hbd-spec-table__spec-value hui-text-body2 hbd-spec-table__spec-value--active\">Ja<\/td>\n<\/tr>\n<tr class=\"hbd-spec-table__group-start hbd-spec-table__column-sticky\">\n<td class=\"hbd-spec-table__group-name hui-text-subtitle1\">Emissionen<\/td>\n<td class=\"hbd-spec-table__article hui-text-body2 hbd-spec-table__article--active\"><\/td>\n<\/tr>\n<tr class=\"hbd-spec-table__spec-row hbd-spec-table__column-sticky\">\n<th class=\"hbd-spec-table__spec-name hui-text-body2\">\n<div class=\"\">Abgasemissionen (CO2 EU V)<\/div>\n<\/th>\n<td class=\"hbd-spec-table__spec-value hui-text-body2 hbd-spec-table__spec-value--active\">851 g\/kWh<\/td>\n<\/tr>\n<tr class=\"hbd-spec-table__group-start hbd-spec-table__column-sticky\">\n<td class=\"hbd-spec-table__group-name hui-text-subtitle1\">Akku<\/td>\n<td class=\"hbd-spec-table__article hui-text-body2 hbd-spec-table__article--active\"><\/td>\n<\/tr>\n<tr class=\"hbd-spec-table__spec-row hbd-spec-table__column-sticky\">\n<th class=\"hbd-spec-table__spec-name hui-text-body2\">Akku-Kapazit\u00e4t<\/th>\n<td class=\"hbd-spec-table__spec-value hui-text-body2 hbd-spec-table__spec-value--active\">24 Ah<\/td>\n<\/tr>\n<tr class=\"hbd-spec-table__spec-row hbd-spec-table__column-sticky\">\n<th class=\"hbd-spec-table__spec-name hui-text-body2\">Akku-Typ<\/th>\n<td class=\"hbd-spec-table__spec-value hui-text-body2 hbd-spec-table__spec-value--active\">Blei\/S\u00e4ure<\/td>\n<\/tr>\n<tr class=\"hbd-spec-table__spec-row hbd-spec-table__column-sticky\">\n<th class=\"hbd-spec-table__spec-name hui-text-body2\">Gewicht Akku<\/th>\n<td class=\"hbd-spec-table__spec-value hui-text-body2 hbd-spec-table__spec-value--active\">7 kg<\/td>\n<\/tr>\n<tr class=\"hbd-spec-table__spec-row hbd-spec-table__column-sticky\">\n<th class=\"hbd-spec-table__spec-name hui-text-body2\">Akkuhersteller<\/th>\n<td class=\"hbd-spec-table__spec-value hui-text-body2 hbd-spec-table__spec-value--active\">Global<\/td>\n<\/tr>\n<tr class=\"hbd-spec-table__group-start hbd-spec-table__column-sticky\">\n<td class=\"hbd-spec-table__group-name hui-text-subtitle1\">M\u00e4hdeck<\/td>\n<td class=\"hbd-spec-table__article hui-text-body2 hbd-spec-table__article--active\"><\/td>\n<\/tr>\n<tr class=\"hbd-spec-table__spec-row hbd-spec-table__column-sticky\">\n<th class=\"hbd-spec-table__spec-name hui-text-body2\">Ungem\u00e4hte innere Kreisfl\u00e4che<\/th>\n<td class=\"hbd-spec-table__spec-value hui-text-body2 hbd-spec-table__spec-value--active\">30 cm<\/td>\n<\/tr>\n<tr class=\"hbd-spec-table__spec-row hbd-spec-table__column-sticky\">\n<th class=\"hbd-spec-table__spec-name hui-text-body2\">Schnittbreite, min<\/th>\n<td class=\"hbd-spec-table__spec-value hui-text-body2 hbd-spec-table__spec-value--active\">94 cm<\/td>\n<\/tr>\n<tr class=\"hbd-spec-table__spec-row hbd-spec-table__column-sticky\">\n<th class=\"hbd-spec-table__spec-name hui-text-body2\">Schnittbreite, max<\/th>\n<td class=\"hbd-spec-table__spec-value hui-text-body2 hbd-spec-table__spec-value--active\">112 cm<\/td>\n<\/tr>\n<tr class=\"hbd-spec-table__spec-row hbd-spec-table__column-sticky\">\n<th class=\"hbd-spec-table__spec-name hui-text-body2\">Schnitth\u00f6he, min<\/th>\n<td class=\"hbd-spec-table__spec-value hui-text-body2 hbd-spec-table__spec-value--active\">25 mm<\/td>\n<\/tr>\n<tr class=\"hbd-spec-table__spec-row hbd-spec-table__column-sticky\">\n<th class=\"hbd-spec-table__spec-name hui-text-body2\">Schnitth\u00f6he, max<\/th>\n<td class=\"hbd-spec-table__spec-value hui-text-body2 hbd-spec-table__spec-value--active\">75 mm<\/td>\n<\/tr>\n<tr class=\"hbd-spec-table__spec-row hbd-spec-table__column-sticky\">\n<th class=\"hbd-spec-table__spec-name hui-text-body2\">Messerzuschaltung<\/th>\n<td class=\"hbd-spec-table__spec-value hui-text-body2 hbd-spec-table__spec-value--active\">Automatisch<\/td>\n<\/tr>\n<tr class=\"hbd-spec-table__group-start hbd-spec-table__column-sticky\">\n<td class=\"hbd-spec-table__group-name hui-text-subtitle1\">Abmessungen<\/td>\n<td class=\"hbd-spec-table__article hui-text-body2 hbd-spec-table__article--active\"><\/td>\n<\/tr>\n<tr class=\"hbd-spec-table__spec-row hbd-spec-table__column-sticky\">\n<th class=\"hbd-spec-table__spec-name hui-text-body2\">Reifengr\u00f6\u00dfe, vorn<\/th>\n<td class=\"hbd-spec-table__spec-value hui-text-body2 hbd-spec-table__spec-value--active\">170\/60-8<\/td>\n<\/tr>\n<tr class=\"hbd-spec-table__spec-row hbd-spec-table__column-sticky\">\n<th class=\"hbd-spec-table__spec-name hui-text-body2\">Reifengr\u00f6\u00dfe, hinten<\/th>\n<td class=\"hbd-spec-table__spec-value hui-text-body2 hbd-spec-table__spec-value--active\">170\/60-8<\/td>\n<\/tr>\n<tr class=\"hbd-spec-table__spec-row hbd-spec-table__column-sticky\">\n<th class=\"hbd-spec-table__spec-name hui-text-body2\">Radstand<\/th>\n<td class=\"hbd-spec-table__spec-value hui-text-body2 hbd-spec-table__spec-value--active\">88,7 cm<\/td>\n<\/tr>\n<tr class=\"hbd-spec-table__spec-row hbd-spec-table__column-sticky\">\n<th class=\"hbd-spec-table__spec-name hui-text-body2\">Bodenfreiheit<\/th>\n<td class=\"hbd-spec-table__spec-value hui-text-body2 hbd-spec-table__spec-value--active\">90 mm<\/td>\n<\/tr>\n<tr class=\"hbd-spec-table__spec-row hbd-spec-table__column-sticky\">\n<th class=\"hbd-spec-table__spec-name hui-text-body2\">Grundger\u00e4t, L\u00e4nge<\/th>\n<td class=\"hbd-spec-table__spec-value hui-text-body2 hbd-spec-table__spec-value--active\">202,4 cm<\/td>\n<\/tr>\n<tr class=\"hbd-spec-table__spec-row hbd-spec-table__column-sticky\">\n<th class=\"hbd-spec-table__spec-name hui-text-body2\">Grundger\u00e4t, Breite<\/th>\n<td class=\"hbd-spec-table__spec-value hui-text-body2 hbd-spec-table__spec-value--active\">88,3 cm<\/td>\n<\/tr>\n<tr class=\"hbd-spec-table__spec-row hbd-spec-table__column-sticky\">\n<th class=\"hbd-spec-table__spec-name hui-text-body2\">Grundger\u00e4t, H\u00f6he<\/th>\n<td class=\"hbd-spec-table__spec-value hui-text-body2 hbd-spec-table__spec-value--active\">118,1 cm<\/td>\n<\/tr>\n<tr class=\"hbd-spec-table__spec-row hbd-spec-table__column-sticky\">\n<th class=\"hbd-spec-table__spec-name hui-text-body2\">\n<div class=\"\">Max. Zuglast<\/div>\n<\/th>\n<td class=\"hbd-spec-table__spec-value hui-text-body2 hbd-spec-table__spec-value--active\">125 kg<\/td>\n<\/tr>\n<tr class=\"hbd-spec-table__spec-row hbd-spec-table__column-sticky\">\n<th class=\"hbd-spec-table__spec-name hui-text-body2\">Gewicht (exkl. Schneidausr\u00fcstung)<\/th>\n<td class=\"hbd-spec-table__spec-value hui-text-body2 hbd-spec-table__spec-value--active\">238 kg<\/td>\n<\/tr>\n<tr class=\"hbd-spec-table__group-start hbd-spec-table__column-sticky\">\n<td class=\"hbd-spec-table__group-name hui-text-subtitle1\">Antriebssystem<\/td>\n<td class=\"hbd-spec-table__article hui-text-body2 hbd-spec-table__article--active\"><\/td>\n<\/tr>\n<tr class=\"hbd-spec-table__spec-row hbd-spec-table__column-sticky\">\n<th class=\"hbd-spec-table__spec-name hui-text-body2\">PTO (Power Take Off)<\/th>\n<td class=\"hbd-spec-table__spec-value hui-text-body2 hbd-spec-table__spec-value--active\">Belt Drive<\/td>\n<\/tr>\n<tr class=\"hbd-spec-table__spec-row hbd-spec-table__column-sticky\">\n<th class=\"hbd-spec-table__spec-name hui-text-body2\">Getriebeart<\/th>\n<td class=\"hbd-spec-table__spec-value hui-text-body2 hbd-spec-table__spec-value--active\">Hydrostatisch<\/td>\n<\/tr>\n<tr class=\"hbd-spec-table__spec-row hbd-spec-table__column-sticky\">\n<th class=\"hbd-spec-table__spec-name hui-text-body2\">Antrieb<\/th>\n<td class=\"hbd-spec-table__spec-value hui-text-body2 hbd-spec-table__spec-value--active\">Dual pedal-operation<\/td>\n<\/tr>\n<tr class=\"hbd-spec-table__spec-row hbd-spec-table__column-sticky\">\n<th class=\"hbd-spec-table__spec-name hui-text-body2\">Geschwindigkeit, max<\/th>\n<td class=\"hbd-spec-table__spec-value hui-text-body2 hbd-spec-table__spec-value--active\">9 km\/h<\/td>\n<\/tr>\n<tr class=\"hbd-spec-table__spec-row hbd-spec-table__column-sticky\">\n<th class=\"hbd-spec-table__spec-name hui-text-body2\">R\u00fcckw\u00e4rtsgeschwindigkeit, min-max max<\/th>\n<td class=\"hbd-spec-table__spec-value hui-text-body2 hbd-spec-table__spec-value--active\">5,6 mph<\/td>\n<\/tr>\n<tr class=\"hbd-spec-table__spec-row hbd-spec-table__column-sticky\">\n<th class=\"hbd-spec-table__spec-name hui-text-body2\">R\u00fcckw\u00e4rtsgeschwindigkeit, min-max max<\/th>\n<td class=\"hbd-spec-table__spec-value hui-text-body2 hbd-spec-table__spec-value--active\">6 km\/h<\/td>\n<\/tr>\n<tr class=\"hbd-spec-table__group-start hbd-spec-table__column-sticky\">\n<td class=\"hbd-spec-table__group-name hui-text-subtitle1\">Ausr\u00fcstung<\/td>\n<td class=\"hbd-spec-table__article hui-text-body2 hbd-spec-table__article--active\"><\/td>\n<\/tr>\n<tr class=\"hbd-spec-table__spec-row hbd-spec-table__column-sticky\">\n<th class=\"hbd-spec-table__spec-name hui-text-body2\">Sitzfederung<\/th>\n<td class=\"hbd-spec-table__spec-value hui-text-body2 hbd-spec-table__spec-value--active\">Ja<\/td>\n<\/tr>\n<tr class=\"hbd-spec-table__spec-row hbd-spec-table__column-sticky\">\n<th class=\"hbd-spec-table__spec-name hui-text-body2\">Betriebsstundenz\u00e4hler<\/th>\n<td class=\"hbd-spec-table__spec-value hui-text-body2 hbd-spec-table__spec-value--active\">Digital mit vorprogrammierten Serviceintervallen<\/td>\n<\/tr>\n<tr class=\"hbd-spec-table__spec-row hbd-spec-table__column-sticky\">\n<th class=\"hbd-spec-table__spec-name hui-text-body2\">Sitz Material<\/th>\n<td class=\"hbd-spec-table__spec-value hui-text-body2 hbd-spec-table__spec-value--active\">Vinyl<\/td>\n<\/tr>\n<tr class=\"hbd-spec-table__spec-row hbd-spec-table__column-sticky\">\n<th class=\"hbd-spec-table__spec-name hui-text-body2\">Sitz R\u00fcckenlehnenh\u00f6he<\/th>\n<td class=\"hbd-spec-table__spec-value hui-text-body2 hbd-spec-table__spec-value--active\">Hoch<\/td>\n<\/tr>\n<tr class=\"hbd-spec-table__spec-row hbd-spec-table__column-sticky\">\n<th class=\"hbd-spec-table__spec-name hui-text-body2\">Klappbarer Sitz<\/th>\n<td class=\"hbd-spec-table__spec-value hui-text-body2 hbd-spec-table__spec-value--active\">Ja<\/td>\n<\/tr>\n<tr class=\"hbd-spec-table__spec-row hbd-spec-table__column-sticky\">\n<th class=\"hbd-spec-table__spec-name hui-text-body2\">Lenkrad<\/th>\n<td class=\"hbd-spec-table__spec-value hui-text-body2 hbd-spec-table__spec-value--active\">Komfort<\/td>\n<\/tr>\n<tr class=\"hbd-spec-table__spec-row hbd-spec-table__column-sticky\">\n<th class=\"hbd-spec-table__spec-name hui-text-body2\">Feststellbremse, Typ<\/th>\n<td class=\"hbd-spec-table__spec-value hui-text-body2 hbd-spec-table__spec-value--active\">Scheibe<\/td>\n<\/tr>\n<tr class=\"hbd-spec-table__group-start hbd-spec-table__column-sticky\">\n<td class=\"hbd-spec-table__group-name hui-text-subtitle1\">Vibrationen<\/td>\n<td class=\"hbd-spec-table__article hui-text-body2 hbd-spec-table__article--active\"><\/td>\n<\/tr>\n<tr class=\"hbd-spec-table__spec-row hbd-spec-table__column-sticky\">\n<th class=\"hbd-spec-table__spec-name hui-text-body2\">Vibrationslevel Lenkrad<\/th>\n<td class=\"hbd-spec-table__spec-value hui-text-body2 hbd-spec-table__spec-value--active\">2,5 m\/s\u00b2<\/td>\n<\/tr>\n<tr class=\"hbd-spec-table__spec-row hbd-spec-table__column-sticky\">\n<th class=\"hbd-spec-table__spec-name hui-text-body2\">Vibrationslevel Sitz<\/th>\n<td class=\"hbd-spec-table__spec-value hui-text-body2 hbd-spec-table__spec-value--active\">0,7 m\/s\u00b2<\/td>\n<\/tr>\n<tr class=\"hbd-spec-table__group-start hbd-spec-table__column-sticky\">\n<td class=\"hbd-spec-table__group-name hui-text-subtitle1\">Ger\u00e4uschemissionen<\/td>\n<td class=\"hbd-spec-table__article hui-text-body2 hbd-spec-table__article--active\"><\/td>\n<\/tr>\n<tr class=\"hbd-spec-table__spec-row hbd-spec-table__column-sticky\">\n<th class=\"hbd-spec-table__spec-name hui-text-body2\">Schalldruckpegel am Ohr der Bedienperson<\/th>\n<td class=\"hbd-spec-table__spec-value hui-text-body2 hbd-spec-table__spec-value--active\">86 dB(A)<\/td>\n<\/tr>\n<tr class=\"hbd-spec-table__spec-row hbd-spec-table__column-sticky\">\n<th class=\"hbd-spec-table__spec-name hui-text-body2\">Schallleistungspegel, LWA<\/th>\n<td class=\"hbd-spec-table__spec-value hui-text-body2 hbd-spec-table__spec-value--active\">98 dB(A)<\/td>\n<\/tr>\n<tr class=\"hbd-spec-table__spec-row hbd-spec-table__column-sticky\">\n<th class=\"hbd-spec-table__spec-name hui-text-body2\">Schallleistungspegel, gemessen<\/th>\n<td class=\"hbd-spec-table__spec-value hui-text-body2 hbd-spec-table__spec-value--active\">97 dB(A)<\/td>\n<\/tr>\n<\/tbody>\n<\/table>\n","protected":false},"excerpt":{"rendered":"<p>Aufsitzfrontm\u00e4her f\u00fcr privaten Bereich :\u00a0<strong>HUSQVARNA R\u202f316TX AWD<\/strong><br \/>\n\u2013 Kraftstoffsorte : Benzin<br \/>\n\u2013 Schnittbreite, min : 94 cm<br \/>\n\u2013 Optional Combi cutting deck<br \/>\n\u2013 Verstellbares Lenkrad<br \/>\n\u2013 Schwebendes M\u00e4hdeck<br \/>\n\u2013 Digitales HMI-Display<\/p>\n","protected":false},"featured_media":11139,"template":"","meta":[],"product_brand":[],"product_cat":[75],"product_tag":[79,99],"class_list":{"0":"post-11138","1":"product","2":"type-product","3":"status-publish","4":"has-post-thumbnail","6":"product_cat-aufsitzfrontmaeher","7":"product_tag-aufsitzfrontmaeher","8":"product_tag-husqvarna","10":"first","11":"instock","12":"sale","13":"shipping-taxable","14":"purchasable","15":"product-type-simple"},"_links":{"self":[{"href":"https:\/\/rasenroboterplanet.com\/index.php\/wp-json\/wp\/v2\/product\/11138","targetHints":{"allow":["GET"]}}],"collection":[{"href":"https:\/\/rasenroboterplanet.com\/index.php\/wp-json\/wp\/v2\/product"}],"about":[{"href":"https:\/\/rasenroboterplanet.com\/index.php\/wp-json\/wp\/v2\/types\/product"}],"version-history":[{"count":1,"href":"https:\/\/rasenroboterplanet.com\/index.php\/wp-json\/wp\/v2\/product\/11138\/revisions"}],"predecessor-version":[{"id":11142,"href":"https:\/\/rasenroboterplanet.com\/index.php\/wp-json\/wp\/v2\/product\/11138\/revisions\/11142"}],"wp:featuredmedia":[{"embeddable":true,"href":"https:\/\/rasenroboterplanet.com\/index.php\/wp-json\/wp\/v2\/media\/11139"}],"wp:attachment":[{"href":"https:\/\/rasenroboterplanet.com\/index.php\/wp-json\/wp\/v2\/media?parent=11138"}],"wp:term":[{"taxonomy":"product_brand","embeddable":true,"href":"https:\/\/rasenroboterplanet.com\/index.php\/wp-json\/wp\/v2\/product_brand?post=11138"},{"taxonomy":"product_cat","embeddable":true,"href":"https:\/\/rasenroboterplanet.com\/index.php\/wp-json\/wp\/v2\/product_cat?post=11138"},{"taxonomy":"product_tag","embeddable":true,"href":"https:\/\/rasenroboterplanet.com\/index.php\/wp-json\/wp\/v2\/product_tag?post=11138"}],"curies":[{"name":"wp","href":"https:\/\/api.w.org\/{rel}","templated":true}]}}