{"id":10831,"date":"2023-03-03T12:03:18","date_gmt":"2023-03-03T11:03:18","guid":{"rendered":"https:\/\/rasenroboterplanet.com\/?post_type=product&#038;p=10831"},"modified":"2023-03-04T19:13:26","modified_gmt":"2023-03-04T18:13:26","slug":"husqvarna-lc-347ivx","status":"publish","type":"product","link":"https:\/\/rasenroboterplanet.com\/index.php\/produit\/husqvarna-lc-347ivx\/","title":{"rendered":"Husqvarna LC 347iVX"},"content":{"rendered":"<ul class=\"datasheet-list expanded\">\n<li>\n<ul>\n<li class=\"datasheet-listItem datasheet-listItem--properties \"><span class=\"datasheet-listItemKey small-6 larger-4 columns\">Rasenm\u00e4hertyp<\/span><span class=\"datasheet-listItemValue small-6 larger-8 columns\">Akku-Rasenm\u00e4her<\/span><\/li>\n<li class=\"datasheet-listItem datasheet-listItem--properties \"><span class=\"datasheet-listItemKey small-6 larger-4 columns\">Serie<\/span><span class=\"datasheet-listItemValue small-6 larger-8 columns\">Husqvarna LC<\/span><\/li>\n<\/ul>\n<\/li>\n<li class=\"datasheet-listItem datasheet-listItem--group \">Schnittleistung<\/li>\n<li>\n<ul>\n<li class=\"datasheet-listItem datasheet-listItem--properties \"><span class=\"datasheet-listItemKey small-6 larger-4 columns\">Schnittbreite<\/span><span class=\"datasheet-listItemValue small-6 larger-8 columns\">47\u00a0cm<\/span><\/li>\n<li class=\"datasheet-listItem datasheet-listItem--properties \"><span class=\"datasheet-listItemKey small-6 larger-4 columns\">min. Schnitth\u00f6he<\/span><span class=\"datasheet-listItemValue small-6 larger-8 columns\">20\u00a0mm<\/span><\/li>\n<li class=\"datasheet-listItem datasheet-listItem--properties \"><span class=\"datasheet-listItemKey small-6 larger-4 columns\">max. Schnitth\u00f6he<\/span><span class=\"datasheet-listItemValue small-6 larger-8 columns\">75\u00a0mm<\/span><\/li>\n<li class=\"datasheet-listItem datasheet-listItem--properties \"><span class=\"datasheet-listItemKey small-6 larger-4 columns\">Schnitth\u00f6henverstellung<\/span><span class=\"datasheet-listItemValue small-6 larger-8 columns\">6-stufig<\/span><\/li>\n<li class=\"datasheet-listItem datasheet-listItem--properties \"><span class=\"datasheet-listItemKey small-6 larger-4 columns\">Messerdrehzahl<\/span><span class=\"datasheet-listItemValue small-6 larger-8 columns\">3.000\u00a0U\/min<\/span><\/li>\n<\/ul>\n<\/li>\n<li class=\"datasheet-listItem datasheet-listItem--group \">Leistungsdaten &amp; Motor<\/li>\n<li>\n<ul>\n<li class=\"datasheet-listItem datasheet-listItem--properties \"><span class=\"datasheet-listItemKey small-6 larger-4 columns\">Leistung (Watt)<\/span><span class=\"datasheet-listItemValue small-6 larger-8 columns\">750\u00a0Watt<\/span><\/li>\n<li class=\"datasheet-listItem datasheet-listItem--properties \"><span class=\"datasheet-listItemKey small-6 larger-4 columns\">Nennleistung<\/span><span class=\"datasheet-listItemValue small-6 larger-8 columns\">0,75\u00a0kW<\/span><\/li>\n<li class=\"datasheet-listItem datasheet-listItem--properties \"><span class=\"datasheet-listItemKey small-6 larger-4 columns\">Energieversorgung<\/span><span class=\"datasheet-listItemValue small-6 larger-8 columns\">Akku<\/span><\/li>\n<li class=\"datasheet-listItem datasheet-listItem--properties \"><span class=\"datasheet-listItemKey small-6 larger-4 columns\">Schalldruckpegel<\/span><span class=\"datasheet-listItemValue small-6 larger-8 columns\">82\u00a0dB<\/span><\/li>\n<li class=\"datasheet-listItem datasheet-listItem--properties \"><span class=\"datasheet-listItemKey small-6 larger-4 columns\">max. Schallleistungspegel<\/span><span class=\"datasheet-listItemValue small-6 larger-8 columns\">95\u00a0dB<\/span><\/li>\n<\/ul>\n<\/li>\n<li class=\"datasheet-listItem datasheet-listItem--group \">Leistungsdaten &amp; Akku<\/li>\n<li>\n<ul>\n<li class=\"datasheet-listItem datasheet-listItem--properties datasheet-listItem--collapsible\"><span class=\"datasheet-listItemKey small-6 larger-4 columns\">Akkuspannung<\/span><span class=\"datasheet-listItemValue small-6 larger-8 columns\">36\u00a0V<\/span><\/li>\n<li class=\"datasheet-listItem datasheet-listItem--properties datasheet-listItem--collapsible\"><span class=\"datasheet-listItemKey small-6 larger-4 columns\">Akkusystem<\/span><span class=\"datasheet-listItemValue small-6 larger-8 columns\">Lithium-Ionen<\/span><\/li>\n<\/ul>\n<\/li>\n<li class=\"datasheet-listItem datasheet-listItem--group datasheet-listItem--collapsible\">Schnittgut<\/li>\n<li>\n<ul>\n<li class=\"datasheet-listItem datasheet-listItem--properties datasheet-listItem--collapsible\"><span class=\"datasheet-listItemKey small-6 larger-4 columns\">Funktionen<\/span><span class=\"datasheet-listItemValue small-6 larger-8 columns\">Fangen, Mulchen, M\u00e4hen<\/span><\/li>\n<li class=\"datasheet-listItem datasheet-listItem--properties datasheet-listItem--collapsible\"><span class=\"datasheet-listItemKey small-6 larger-4 columns\">Fangkorbvolumen<\/span><span class=\"datasheet-listItemValue small-6 larger-8 columns\">55\u00a0Liter<\/span><\/li>\n<li class=\"datasheet-listItem datasheet-listItem--properties datasheet-listItem--collapsible\"><span class=\"datasheet-listItemKey small-6 larger-4 columns\">Fangkorb-Material<\/span><span class=\"datasheet-listItemValue small-6 larger-8 columns\">Textil<\/span><\/li>\n<li class=\"datasheet-listItem datasheet-listItem--properties datasheet-listItem--collapsible\"><span class=\"datasheet-listItemKey small-6 larger-4 columns\">Mulchen<\/span><span class=\"datasheet-listItemValue small-6 larger-8 columns\">ja<\/span><\/li>\n<li class=\"datasheet-listItem datasheet-listItem--properties datasheet-listItem--collapsible\"><span class=\"datasheet-listItemKey small-6 larger-4 columns\">Auswurfrichtung<\/span><span class=\"datasheet-listItemValue small-6 larger-8 columns\">Heckauswurf<\/span><\/li>\n<\/ul>\n<\/li>\n<li class=\"datasheet-listItem datasheet-listItem--group datasheet-listItem--collapsible\">Fahreigenschaften<\/li>\n<li>\n<ul>\n<li class=\"datasheet-listItem datasheet-listItem--properties datasheet-listItem--collapsible\"><span class=\"datasheet-listItemKey small-6 larger-4 columns\">R\u00e4der<\/span><span class=\"datasheet-listItemValue small-6 larger-8 columns\">kugelgelagerte R\u00e4der<\/span><\/li>\n<li class=\"datasheet-listItem datasheet-listItem--properties datasheet-listItem--collapsible\"><span class=\"datasheet-listItemKey small-6 larger-4 columns\">Antriebsfunktion<\/span><span class=\"datasheet-listItemValue small-6 larger-8 columns\">mit Hinterradantrieb<\/span><\/li>\n<li class=\"datasheet-listItem datasheet-listItem--properties datasheet-listItem--collapsible\"><span class=\"datasheet-listItemKey small-6 larger-4 columns\">Geschwindigkeit<\/span><span class=\"datasheet-listItemValue small-6 larger-8 columns\">4,5\u00a0km\/h<\/span><\/li>\n<li class=\"datasheet-listItem datasheet-listItem--properties datasheet-listItem--collapsible\"><span class=\"datasheet-listItemKey small-6 larger-4 columns\">Raddurchmesser vorn<\/span><span class=\"datasheet-listItemValue small-6 larger-8 columns\">170\u00a0mm<\/span><\/li>\n<li class=\"datasheet-listItem datasheet-listItem--properties datasheet-listItem--collapsible\"><span class=\"datasheet-listItemKey small-6 larger-4 columns\">Raddurchmesser hinten<\/span><span class=\"datasheet-listItemValue small-6 larger-8 columns\">210\u00a0mm<\/span><\/li>\n<li class=\"datasheet-listItem datasheet-listItem--properties datasheet-listItem--collapsible\"><span class=\"datasheet-listItemKey small-6 larger-4 columns\">Vibration<\/span><span class=\"datasheet-listItemValue small-6 larger-8 columns\">0,42\u00a0m\/s\u00b2<\/span><\/li>\n<\/ul>\n<\/li>\n<li class=\"datasheet-listItem datasheet-listItem--group datasheet-listItem--collapsible\">Ausstattung<\/li>\n<li>\n<ul>\n<li class=\"datasheet-listItem datasheet-listItem--properties datasheet-listItem--collapsible\"><span class=\"datasheet-listItemKey small-6 larger-4 columns\">Ausstattung<\/span><span class=\"datasheet-listItemValue small-6 larger-8 columns\">mit Motordrehzahlregler, mit zentraler Schnitth\u00f6heneinstellung, mit ergonomischem F\u00fchrungsholm, mit h\u00f6henverstellbarem Holm, mit Softgrip-Handgriff<\/span><\/li>\n<li class=\"datasheet-listItem datasheet-listItem--properties datasheet-listItem--collapsible\"><span class=\"datasheet-listItemKey small-6 larger-4 columns\">Bedienm\u00f6glichkeit<\/span><span class=\"datasheet-listItemValue small-6 larger-8 columns\">per App steuerbar<\/span><\/li>\n<li class=\"datasheet-listItem datasheet-listItem--properties datasheet-listItem--collapsible\"><span class=\"datasheet-listItemKey small-6 larger-4 columns\">Daten\u00fcbertragung<\/span><span class=\"datasheet-listItemValue small-6 larger-8 columns\">Bluetooth<\/span><\/li>\n<\/ul>\n<\/li>\n<li class=\"datasheet-listItem datasheet-listItem--group datasheet-listItem--collapsible\">weitere Eigenschaften<\/li>\n<li>\n<ul>\n<li class=\"datasheet-listItem datasheet-listItem--properties datasheet-listItem--collapsible\"><span class=\"datasheet-listItemKey small-6 larger-4 columns\">Gewicht<\/span><span class=\"datasheet-listItemValue small-6 larger-8 columns\">26\u00a0kg<\/span><\/li>\n<\/ul>\n<\/li>\n<li><\/li>\n<li><\/li>\n<\/ul>\n","protected":false},"excerpt":{"rendered":"<p><span class=\"oopStage-productInfoTopItem\">Akku-Rasenm\u00e4her\u00a0<\/span>\u00a0<span class=\"oopStage-productInfoTopItem\">Schnittbreite\u00a047\u00a0cm\u00a0<\/span>\u00a0<span class=\"oopStage-productInfoTopItem\">Schnitth\u00f6henverstellung\u00a06-stufig\u00a0<\/span>\u00a0<span class=\"oopStage-productInfoTopItem\">750\u00a0Watt\u00a0<\/span>\u00a0<span class=\"oopStage-productInfoTopItem\">Akku\u00a0<\/span>\u00a0<span class=\"oopStage-productInfoTopItem\">36\u00a0V\u00a0<\/span><\/p>\n","protected":false},"featured_media":10832,"template":"","meta":[],"product_brand":[],"product_cat":[73],"product_tag":[99,82,80],"class_list":{"0":"post-10831","1":"product","2":"type-product","3":"status-publish","4":"has-post-thumbnail","6":"product_cat-rasenmaeher","7":"product_tag-husqvarna","8":"product_tag-profi-rasenmaeher","9":"product_tag-rasenmaeher","11":"first","12":"instock","13":"sale","14":"shipping-taxable","15":"purchasable","16":"product-type-simple"},"_links":{"self":[{"href":"https:\/\/rasenroboterplanet.com\/index.php\/wp-json\/wp\/v2\/product\/10831","targetHints":{"allow":["GET"]}}],"collection":[{"href":"https:\/\/rasenroboterplanet.com\/index.php\/wp-json\/wp\/v2\/product"}],"about":[{"href":"https:\/\/rasenroboterplanet.com\/index.php\/wp-json\/wp\/v2\/types\/product"}],"version-history":[{"count":1,"href":"https:\/\/rasenroboterplanet.com\/index.php\/wp-json\/wp\/v2\/product\/10831\/revisions"}],"predecessor-version":[{"id":10833,"href":"https:\/\/rasenroboterplanet.com\/index.php\/wp-json\/wp\/v2\/product\/10831\/revisions\/10833"}],"wp:featuredmedia":[{"embeddable":true,"href":"https:\/\/rasenroboterplanet.com\/index.php\/wp-json\/wp\/v2\/media\/10832"}],"wp:attachment":[{"href":"https:\/\/rasenroboterplanet.com\/index.php\/wp-json\/wp\/v2\/media?parent=10831"}],"wp:term":[{"taxonomy":"product_brand","embeddable":true,"href":"https:\/\/rasenroboterplanet.com\/index.php\/wp-json\/wp\/v2\/product_brand?post=10831"},{"taxonomy":"product_cat","embeddable":true,"href":"https:\/\/rasenroboterplanet.com\/index.php\/wp-json\/wp\/v2\/product_cat?post=10831"},{"taxonomy":"product_tag","embeddable":true,"href":"https:\/\/rasenroboterplanet.com\/index.php\/wp-json\/wp\/v2\/product_tag?post=10831"}],"curies":[{"name":"wp","href":"https:\/\/api.w.org\/{rel}","templated":true}]}}