{"id":10806,"date":"2023-03-02T19:54:07","date_gmt":"2023-03-02T18:54:07","guid":{"rendered":"https:\/\/rasenroboterplanet.com\/?post_type=product&#038;p=10806"},"modified":"2023-03-04T23:44:35","modified_gmt":"2023-03-04T22:44:35","slug":"akku-rasenmaeher-worx-nitrhghhh","status":"publish","type":"product","link":"https:\/\/rasenroboterplanet.com\/index.php\/produit\/akku-rasenmaeher-worx-nitrhghhh\/","title":{"rendered":"Akku Rasenm\u00e4her WORX NITRO 80 V WG761E inkl."},"content":{"rendered":"<p>Leerlaufdrehzahl: 2800-3400\/min<br \/>\nDeckbreite: 53cm<br \/>\nVorderrad Durchmesser: 200mm<br \/>\nHinterrad Durchmesser: 250mm<\/p>\n<p>B\u00fcrstenloser Motor<br \/>\nIntelliCut-Technologie<br \/>\nBatterieanzeige<\/p>\n<p>Angetrieben von 4x 20V\/4Ah Batterien, bis zu 1000qm mit einer Ladung<br \/>\nHocheffizienter b\u00fcrstenloser Motor &#8211; f\u00fcr h\u00f6here Leistung, l\u00e4ngere Laufzeit und l\u00e4ngere Lebensdauer.<br \/>\nRadantrieb, mit variabler Geschwindigkeitseinstellung<br \/>\nDie Auto-Intellicut-Technologie passt die Motorleistung automatisch an, um je nach Grasbeschaffenheit die maximale Schnittleistung oder Laufzeit zu erreichen<br \/>\n3-in-1: Grasfangsack\/Mulchen\/Seitenauswurf<br \/>\nDas Stahlm\u00e4hdeck bietet Haltbarkeit und erstklassige Mulchfunktionen<br \/>\nSchneller Moduswechsel zwischen Mulchen und M\u00e4hen<br \/>\nEinknopf-Schnellverschluss-Klappgriff f\u00fcr kompakte Aufbewahrung im Stehen<br \/>\nSchnell einstellbarer 3-Positionen-Griff f\u00fcr komfortable Bedienung<br \/>\nBatterieanzeige zur einfachen \u00dcberwachung des Batteriestatus<br \/>\nLED-Licht f\u00fcr bessere Sicht in dunklen Bereichen<br \/>\nsiebenfache H\u00f6henverstellung<\/p>\n<p>PowerShare Pro-Akku: Fortschrittliche Innovation in der Li-Ion-Technologie, bietet eine l\u00e4ngere Laufzeit, schnellere Ladezeit und l\u00e4ngere Lebensdauer.<br \/>\nArtikeltyp<br \/>\nM\u00e4her<br \/>\nAusf\u00fchrung<br \/>\nRasenm\u00e4her<br \/>\nAkkuspannung<br \/>\n80 V<br \/>\nAkkukapazit\u00e4t<br \/>\n4 Ah<br \/>\nAkkutechnik<br \/>\nLi-Ionen<br \/>\nAnzahl Akkus<br \/>\n4 Akkus<br \/>\nArt Ladeger\u00e4t<br \/>\nSchnellladeger\u00e4t<br \/>\nLadedauer<br \/>\n240 min<br \/>\nSchnittbreite<br \/>\n51 cm<br \/>\nFangvorrichtung<br \/>\nFangsack<br \/>\nVolumen Fangvorrichtung<br \/>\n70 l<br \/>\nH\u00f6henverstellung<br \/>\n7-fach<br \/>\nSchnitth\u00f6he min &#8211; max<br \/>\n20 mm &#8211; 80 mm<br \/>\nGewicht inkl. Akku<br \/>\n35 kg<br \/>\nMulchkit<br \/>\nInklusive<br \/>\nMaterial M\u00e4hdeck<br \/>\nStahlblech<br \/>\nAntriebsfunktion<br \/>\nMit Radantrieb<br \/>\nSeitenauswurf<br \/>\nJa<br \/>\nKugelgelagerte R\u00e4der<br \/>\nJa<br \/>\nEinsatzbereich<br \/>\nAu\u00dfen<br \/>\nAnwendung<br \/>\nM\u00e4hen<br \/>\nFl\u00e4chenempfehlung<br \/>\nF\u00fcr bis zu 1000 m\u00b2<br \/>\nAntriebsart<br \/>\nAkku<br \/>\nSchalldruckpegel (LpA)<br \/>\n81<br \/>\nSchallleistungspegel (LWA)<br \/>\n94<br \/>\nSystem<br \/>\nAkku-System WORX 20 V<br \/>\nIm Lieferumfang enthalten<br \/>\n4x 20V\/4.0Ah Akku (WA3014) rn80V Ladeger\u00e4t (WA3974)rnGras-SammelbeutelrnSeitenauswurf Kit<br \/>\nHinweis zur Entsorgung<br \/>\nBitte beachten Sie die Hinweise zur Entsorgung: www.hornbach.de\/entsorgung<br \/>\nLieferanten-Artikelnummer<br \/>\nWG761E<br \/>\nEAN<br \/>\n6924328394334<\/p>\n","protected":false},"excerpt":{"rendered":"<p>Akkus 4x20V und Ladeger\u00e4t, 1000m\u00b2<br \/>\nArt-Nr. 10520545<br \/>\nSchnittbreite: 51 cm<br \/>\nAkkuspannung: 80 V<br \/>\nAntriebsfunktion: Mit Radantrieb<\/p>\n","protected":false},"featured_media":10807,"template":"","meta":[],"product_brand":[],"product_cat":[73],"product_tag":[80,112],"class_list":{"0":"post-10806","1":"product","2":"type-product","3":"status-publish","4":"has-post-thumbnail","6":"product_cat-rasenmaeher","7":"product_tag-rasenmaeher","8":"product_tag-worx","10":"first","11":"instock","12":"sale","13":"shipping-taxable","14":"purchasable","15":"product-type-simple"},"_links":{"self":[{"href":"https:\/\/rasenroboterplanet.com\/index.php\/wp-json\/wp\/v2\/product\/10806","targetHints":{"allow":["GET"]}}],"collection":[{"href":"https:\/\/rasenroboterplanet.com\/index.php\/wp-json\/wp\/v2\/product"}],"about":[{"href":"https:\/\/rasenroboterplanet.com\/index.php\/wp-json\/wp\/v2\/types\/product"}],"version-history":[{"count":3,"href":"https:\/\/rasenroboterplanet.com\/index.php\/wp-json\/wp\/v2\/product\/10806\/revisions"}],"predecessor-version":[{"id":10814,"href":"https:\/\/rasenroboterplanet.com\/index.php\/wp-json\/wp\/v2\/product\/10806\/revisions\/10814"}],"wp:featuredmedia":[{"embeddable":true,"href":"https:\/\/rasenroboterplanet.com\/index.php\/wp-json\/wp\/v2\/media\/10807"}],"wp:attachment":[{"href":"https:\/\/rasenroboterplanet.com\/index.php\/wp-json\/wp\/v2\/media?parent=10806"}],"wp:term":[{"taxonomy":"product_brand","embeddable":true,"href":"https:\/\/rasenroboterplanet.com\/index.php\/wp-json\/wp\/v2\/product_brand?post=10806"},{"taxonomy":"product_cat","embeddable":true,"href":"https:\/\/rasenroboterplanet.com\/index.php\/wp-json\/wp\/v2\/product_cat?post=10806"},{"taxonomy":"product_tag","embeddable":true,"href":"https:\/\/rasenroboterplanet.com\/index.php\/wp-json\/wp\/v2\/product_tag?post=10806"}],"curies":[{"name":"wp","href":"https:\/\/api.w.org\/{rel}","templated":true}]}}