{"id":10801,"date":"2023-03-02T19:47:34","date_gmt":"2023-03-02T18:47:34","guid":{"rendered":"https:\/\/rasenroboterplanet.com\/?post_type=product&#038;p=10801"},"modified":"2023-03-04T20:48:30","modified_gmt":"2023-03-04T19:48:30","slug":"akku-rasenmaeher-makita-dlm463pt2-18v-2x50ah-inkl-akkus-und-ladegeraet","status":"publish","type":"product","link":"https:\/\/rasenroboterplanet.com\/index.php\/produit\/akku-rasenmaeher-makita-dlm463pt2-18v-2x50ah-inkl-akkus-und-ladegeraet\/","title":{"rendered":"Akku Rasenm\u00e4her MAKITA DLM463PT2 18V 2&#215;5,0Ah inkl."},"content":{"rendered":"<p>Ger\u00e4uscharmer 2 x 18 V Akku-Rasenm\u00e4her mit robustem Stahldeck f\u00fcr mittelgro\u00dfe Rasenfl\u00e4chen. Einschaltbarer Leise-Modus f\u00fcr ein ger\u00e4uschempfindliches Umfeld. Er hat eine Schnittbreite von 46 cm und verf\u00fcgt \u00fcber eine F\u00fcllstandsanzeige im 60 Liter Grasfangkorb. Mit Akku-Ladestandanzeige direkt am F\u00fchrungsholm. 3 in 1: M\u00e4hen, Sammeln, Mulchen.<br \/>\nArtikeltyp<br \/>\nM\u00e4her<br \/>\nAusf\u00fchrung<br \/>\nRasenm\u00e4her<br \/>\nAkkuspannung<br \/>\n36 V<br \/>\nAkkukapazit\u00e4t<br \/>\n2 x 5 Ah<br \/>\nAkkutechnik<br \/>\nLi-Ionen<br \/>\nAnzahl Akkus<br \/>\n2 Akkus<br \/>\nArt Ladeger\u00e4t<br \/>\nSchnellladeger\u00e4t<br \/>\nSchnittbreite<br \/>\n46 cm<br \/>\nFangvorrichtung<br \/>\nFangkorb<br \/>\nVolumen Fangvorrichtung<br \/>\n60 l<br \/>\nH\u00f6henverstellung<br \/>\n10-fach<br \/>\nSchnitth\u00f6he min &#8211; max<br \/>\n20 mm &#8211; 75 mm<br \/>\nGewicht inkl. Akku<br \/>\n27,6 kg<br \/>\nMulchkit<br \/>\nIntegriert<br \/>\nMaterial M\u00e4hdeck<br \/>\nStahlblech<br \/>\nAntriebsfunktion<br \/>\nOhne<br \/>\nSeitenauswurf<br \/>\nNein<br \/>\nEinsatzbereich<br \/>\nAu\u00dfen<br \/>\nAnwendung<br \/>\nMulchen, M\u00e4hen<br \/>\nFl\u00e4chenempfehlung<br \/>\nF\u00fcr bis zu 800 m\u00b2<br \/>\nAntriebsart<br \/>\nAkku<br \/>\nSchalldruckpegel (LpA)<br \/>\n79<br \/>\nSchallleistungspegel (LWA)<br \/>\n91<br \/>\nLieferanten-Artikelnummer<br \/>\nDLM463PT2<br \/>\nEAN<br \/>\n088381735025, 2007008839395<\/p>\n","protected":false},"excerpt":{"rendered":"<p>Art-Nr. 10502092<br \/>\nSchnittbreite: 46 cm<br \/>\nAkkuspannung: 36 V<br \/>\nAntriebsfunktion: Ohne<\/p>\n","protected":false},"featured_media":10802,"template":"","meta":[],"product_brand":[],"product_cat":[73],"product_tag":[106,80],"class_list":{"0":"post-10801","1":"product","2":"type-product","3":"status-publish","4":"has-post-thumbnail","6":"product_cat-rasenmaeher","7":"product_tag-makita","8":"product_tag-rasenmaeher","10":"first","11":"instock","12":"sale","13":"shipping-taxable","14":"purchasable","15":"product-type-simple"},"_links":{"self":[{"href":"https:\/\/rasenroboterplanet.com\/index.php\/wp-json\/wp\/v2\/product\/10801","targetHints":{"allow":["GET"]}}],"collection":[{"href":"https:\/\/rasenroboterplanet.com\/index.php\/wp-json\/wp\/v2\/product"}],"about":[{"href":"https:\/\/rasenroboterplanet.com\/index.php\/wp-json\/wp\/v2\/types\/product"}],"version-history":[{"count":3,"href":"https:\/\/rasenroboterplanet.com\/index.php\/wp-json\/wp\/v2\/product\/10801\/revisions"}],"predecessor-version":[{"id":10805,"href":"https:\/\/rasenroboterplanet.com\/index.php\/wp-json\/wp\/v2\/product\/10801\/revisions\/10805"}],"wp:featuredmedia":[{"embeddable":true,"href":"https:\/\/rasenroboterplanet.com\/index.php\/wp-json\/wp\/v2\/media\/10802"}],"wp:attachment":[{"href":"https:\/\/rasenroboterplanet.com\/index.php\/wp-json\/wp\/v2\/media?parent=10801"}],"wp:term":[{"taxonomy":"product_brand","embeddable":true,"href":"https:\/\/rasenroboterplanet.com\/index.php\/wp-json\/wp\/v2\/product_brand?post=10801"},{"taxonomy":"product_cat","embeddable":true,"href":"https:\/\/rasenroboterplanet.com\/index.php\/wp-json\/wp\/v2\/product_cat?post=10801"},{"taxonomy":"product_tag","embeddable":true,"href":"https:\/\/rasenroboterplanet.com\/index.php\/wp-json\/wp\/v2\/product_tag?post=10801"}],"curies":[{"name":"wp","href":"https:\/\/api.w.org\/{rel}","templated":true}]}}