{"id":10798,"date":"2023-03-02T19:43:15","date_gmt":"2023-03-02T18:43:15","guid":{"rendered":"https:\/\/rasenroboterplanet.com\/?post_type=product&#038;p=10798"},"modified":"2023-03-04T20:49:17","modified_gmt":"2023-03-04T19:49:17","slug":"akku-rasenmaeher-makita-dlm534z-2x18v-ohne-akku-und-ladegeraet","status":"publish","type":"product","link":"https:\/\/rasenroboterplanet.com\/index.php\/produit\/akku-rasenmaeher-makita-dlm534z-2x18v-ohne-akku-und-ladegeraet\/","title":{"rendered":"Akku Rasenm\u00e4her MAKITA DLM534Z 2x18V ohne Akku und Ladeger\u00e4t"},"content":{"rendered":"<p>Akkuspannung 2x18V bitte korrigieren<br \/>\nohne Akku, ohne Ladeger\u00e4t<br \/>\nGrasfangkorb 70l<br \/>\n2 Schneidmodi: Normal\/Ger\u00e4uschreduziert<\/p>\n<p>er\u00e4uscharmer 2 x 18 V Akku-Rasenm\u00e4her mit<br \/>\nrobustem Stahldeck f\u00fcr gro\u00dfe Rasenfl\u00e4chen. Mit vier<br \/>\nAkku-Steckpl\u00e4tzen zur Verdoppelung der<br \/>\nReichweite. Einschaltbarer Leise-Modus f\u00fcr ein<br \/>\nger\u00e4uschempfindliches Umfeld. F\u00fcllstandsanzeige<br \/>\nam 70 Liter Grasfangkorb. Mit Akku-<br \/>\nLadestandanzeige direkt am F\u00fchrungsholm. 4 in 1:<br \/>\nM\u00e4hen, Sammeln, Mulchen, Seitenauswurf.<br \/>\nArtikeltyp<br \/>\nM\u00e4her<br \/>\nAusf\u00fchrung<br \/>\nRasenm\u00e4her<br \/>\nAkkuspannung<br \/>\n36 V<br \/>\nAkkukapazit\u00e4t<br \/>\n&#8211;<br \/>\nAkkutechnik<br \/>\nLi-Ionen<br \/>\nAnzahl Akkus<br \/>\nOhne Akku<br \/>\nArt Ladeger\u00e4t<br \/>\nKein Ladeger\u00e4t<br \/>\nSchnittbreite<br \/>\n53 cm<br \/>\nH\u00f6henverstellung<br \/>\nZentral<br \/>\nSchnitth\u00f6he min &#8211; max<br \/>\n20 mm &#8211; 100 mm<br \/>\nGewicht inkl. Akku<br \/>\n38,7 kg<br \/>\nMulchkit<br \/>\nIntegriert<br \/>\nMaterial M\u00e4hdeck<br \/>\nStahlblech<br \/>\nAntriebsfunktion<br \/>\nMit Radantrieb<br \/>\nSeitenauswurf<br \/>\nJa<br \/>\nEinsatzbereich<br \/>\nAu\u00dfen<br \/>\nAnwendung<br \/>\nM\u00e4hen, Mulchen<br \/>\nFl\u00e4chenempfehlung<br \/>\nF\u00fcr bis zu 2000 m\u00b2<br \/>\nAntriebsart<br \/>\nAkku<br \/>\nSchalldruckpegel (LpA)<br \/>\n78<br \/>\nSchallleistungspegel (LWA)<br \/>\n90,3<br \/>\nIm Lieferumfang enthalten<br \/>\nohne Akku, ohne Ladeger\u00e4t<br \/>\nElektroaltger\u00e4t-R\u00fccknahme<br \/>\nIm Bestellverlauf k\u00f6nnen Sie ausw\u00e4hlen, ob Sie ihr Elektro-Ger\u00e4t kostenlos zur\u00fcckgeben m\u00f6chten. Bitte beachten Sie die Hinweise zur Entsorgung: www.hornbach.de\/entsorgung<br \/>\nHinweis zur Entsorgung<br \/>\nBitte beachten Sie die Hinweise zur Entsorgung: www.hornbach.de\/entsorgung<br \/>\nLieferanten-Artikelnummer<br \/>\nDLM534Z<br \/>\nEAN<br \/>\n088381764483, 2007009114392<\/p>\n","protected":false},"excerpt":{"rendered":"<p>Art-Nr. 10584891<br \/>\nSchnittbreite: 53 cm<br \/>\nAkkuspannung: 36 V<br \/>\nAntriebsfunktion: Mit Radantrieb<\/p>\n","protected":false},"featured_media":10799,"template":"","meta":[],"product_brand":[],"product_cat":[73],"product_tag":[106,80],"class_list":{"0":"post-10798","1":"product","2":"type-product","3":"status-publish","4":"has-post-thumbnail","6":"product_cat-rasenmaeher","7":"product_tag-makita","8":"product_tag-rasenmaeher","10":"first","11":"instock","12":"sale","13":"shipping-taxable","14":"purchasable","15":"product-type-simple"},"_links":{"self":[{"href":"https:\/\/rasenroboterplanet.com\/index.php\/wp-json\/wp\/v2\/product\/10798","targetHints":{"allow":["GET"]}}],"collection":[{"href":"https:\/\/rasenroboterplanet.com\/index.php\/wp-json\/wp\/v2\/product"}],"about":[{"href":"https:\/\/rasenroboterplanet.com\/index.php\/wp-json\/wp\/v2\/types\/product"}],"version-history":[{"count":1,"href":"https:\/\/rasenroboterplanet.com\/index.php\/wp-json\/wp\/v2\/product\/10798\/revisions"}],"predecessor-version":[{"id":10800,"href":"https:\/\/rasenroboterplanet.com\/index.php\/wp-json\/wp\/v2\/product\/10798\/revisions\/10800"}],"wp:featuredmedia":[{"embeddable":true,"href":"https:\/\/rasenroboterplanet.com\/index.php\/wp-json\/wp\/v2\/media\/10799"}],"wp:attachment":[{"href":"https:\/\/rasenroboterplanet.com\/index.php\/wp-json\/wp\/v2\/media?parent=10798"}],"wp:term":[{"taxonomy":"product_brand","embeddable":true,"href":"https:\/\/rasenroboterplanet.com\/index.php\/wp-json\/wp\/v2\/product_brand?post=10798"},{"taxonomy":"product_cat","embeddable":true,"href":"https:\/\/rasenroboterplanet.com\/index.php\/wp-json\/wp\/v2\/product_cat?post=10798"},{"taxonomy":"product_tag","embeddable":true,"href":"https:\/\/rasenroboterplanet.com\/index.php\/wp-json\/wp\/v2\/product_tag?post=10798"}],"curies":[{"name":"wp","href":"https:\/\/api.w.org\/{rel}","templated":true}]}}