{"id":10791,"date":"2023-03-02T19:38:58","date_gmt":"2023-03-02T18:38:58","guid":{"rendered":"https:\/\/rasenroboterplanet.com\/?post_type=product&#038;p=10791"},"modified":"2023-03-04T20:50:12","modified_gmt":"2023-03-04T19:50:12","slug":"akku-rasenmaeher-makita-dlm537z-2x18v-ohne-akku-und-ladegeraet","status":"publish","type":"product","link":"https:\/\/rasenroboterplanet.com\/index.php\/produit\/akku-rasenmaeher-makita-dlm537z-2x18v-ohne-akku-und-ladegeraet\/","title":{"rendered":"Akku Rasenm\u00e4her MAKITA DLM537Z 2x18V ohne Akku und Ladeger\u00e4t"},"content":{"rendered":"<p>Akkuspannung 2x18V. Bitte korrigieren.<\/p>\n<p>Ger\u00e4uscharmer 2 x 18 V Akku-Rasenm\u00e4her mit<br \/>\nrobustem rostfreiem Aluminiumdeck f\u00fcr gro\u00dfe<br \/>\nRasenfl\u00e4chen. Mit vier Akku-Steckpl\u00e4tzen zur<br \/>\nVerdoppelung der Reichweite. Der Radantrieb ist<br \/>\nautark und ohne M\u00e4hwerk nutzbar Einschaltbarer.<br \/>\nLeise-Modus f\u00fcr ein ger\u00e4uschempfindliches Umfeld.<br \/>\nF\u00fcllstandsanzeige am 70 Liter Grasfangkorb. Mit<br \/>\nAkku-Ladestandanzeige direkt am F\u00fchrungsholm. 3<br \/>\nin 1: M\u00e4hen, Sammeln, Mulchen. Stabilit\u00e4t durch gro\u00dfe Reifen.<br \/>\nArtikeltyp<br \/>\nM\u00e4her<br \/>\nAusf\u00fchrung<br \/>\nRasenm\u00e4her<br \/>\nAkkuspannung<br \/>\n36 V<br \/>\nAkkukapazit\u00e4t<br \/>\n&#8211;<br \/>\nAkkutechnik<br \/>\nLi-Ionen<br \/>\nAnzahl Akkus<br \/>\nOhne Akku<br \/>\nArt Ladeger\u00e4t<br \/>\nKein Ladeger\u00e4t<br \/>\nSchnittbreite<br \/>\n53 cm<br \/>\nH\u00f6henverstellung<br \/>\nZentral<br \/>\nSchnitth\u00f6he min &#8211; max<br \/>\n20 mm &#8211; 100 mm<br \/>\nGewicht inkl. Akku<br \/>\n46,7 kg<br \/>\nMulchkit<br \/>\nInklusive<br \/>\nMaterial M\u00e4hdeck<br \/>\n&#8211;<br \/>\nAntriebsfunktion<br \/>\nMit Radantrieb<br \/>\nSeitenauswurf<br \/>\nJa<br \/>\nEinsatzbereich<br \/>\nAu\u00dfen<br \/>\nAnwendung<br \/>\nM\u00e4hen, Mulchen<br \/>\nFl\u00e4chenempfehlung<br \/>\nF\u00fcr bis zu 2000 m\u00b2<br \/>\nAntriebsart<br \/>\nAkku<br \/>\nSchalldruckpegel (LpA)<br \/>\n81<br \/>\nSchallleistungspegel (LWA)<br \/>\n92<br \/>\nElektroaltger\u00e4t-R\u00fccknahme<br \/>\nIm Bestellverlauf k\u00f6nnen Sie ausw\u00e4hlen, ob Sie ihr Elektro-Ger\u00e4t kostenlos zur\u00fcckgeben m\u00f6chten. Bitte beachten Sie die Hinweise zur Entsorgung: www.hornbach.de\/entsorgung<br \/>\nHinweis zur Entsorgung<br \/>\nBitte beachten Sie die Hinweise zur Entsorgung: www.hornbach.de\/entsorgung<br \/>\nLieferanten-Artikelnummer<br \/>\nDLM537Z<br \/>\nEAN<br \/>\n088381735162, 2007009114408<\/p>\n","protected":false},"excerpt":{"rendered":"<p>Art-Nr. 10584892<br \/>\nSchnittbreite: 53 cm<br \/>\nAkkuspannung: 36 V<br \/>\nAntriebsfunktion: Mit Radantrieb<\/p>\n","protected":false},"featured_media":10796,"template":"","meta":[],"product_brand":[],"product_cat":[73],"product_tag":[106,80],"class_list":{"0":"post-10791","1":"product","2":"type-product","3":"status-publish","4":"has-post-thumbnail","6":"product_cat-rasenmaeher","7":"product_tag-makita","8":"product_tag-rasenmaeher","10":"first","11":"instock","12":"sale","13":"shipping-taxable","14":"purchasable","15":"product-type-simple"},"_links":{"self":[{"href":"https:\/\/rasenroboterplanet.com\/index.php\/wp-json\/wp\/v2\/product\/10791","targetHints":{"allow":["GET"]}}],"collection":[{"href":"https:\/\/rasenroboterplanet.com\/index.php\/wp-json\/wp\/v2\/product"}],"about":[{"href":"https:\/\/rasenroboterplanet.com\/index.php\/wp-json\/wp\/v2\/types\/product"}],"version-history":[{"count":1,"href":"https:\/\/rasenroboterplanet.com\/index.php\/wp-json\/wp\/v2\/product\/10791\/revisions"}],"predecessor-version":[{"id":10797,"href":"https:\/\/rasenroboterplanet.com\/index.php\/wp-json\/wp\/v2\/product\/10791\/revisions\/10797"}],"wp:featuredmedia":[{"embeddable":true,"href":"https:\/\/rasenroboterplanet.com\/index.php\/wp-json\/wp\/v2\/media\/10796"}],"wp:attachment":[{"href":"https:\/\/rasenroboterplanet.com\/index.php\/wp-json\/wp\/v2\/media?parent=10791"}],"wp:term":[{"taxonomy":"product_brand","embeddable":true,"href":"https:\/\/rasenroboterplanet.com\/index.php\/wp-json\/wp\/v2\/product_brand?post=10791"},{"taxonomy":"product_cat","embeddable":true,"href":"https:\/\/rasenroboterplanet.com\/index.php\/wp-json\/wp\/v2\/product_cat?post=10791"},{"taxonomy":"product_tag","embeddable":true,"href":"https:\/\/rasenroboterplanet.com\/index.php\/wp-json\/wp\/v2\/product_tag?post=10791"}],"curies":[{"name":"wp","href":"https:\/\/api.w.org\/{rel}","templated":true}]}}