{"id":10783,"date":"2023-03-02T19:15:00","date_gmt":"2023-03-02T18:15:00","guid":{"rendered":"https:\/\/rasenroboterplanet.com\/?post_type=product&#038;p=10783"},"modified":"2023-03-04T14:06:45","modified_gmt":"2023-03-04T13:06:45","slug":"stiga-benzin-rasenmaeher-combi-553-se","status":"publish","type":"product","link":"https:\/\/rasenroboterplanet.com\/index.php\/produit\/stiga-benzin-rasenmaeher-combi-553-se\/","title":{"rendered":"Stiga Benzin-Rasenm\u00e4her COMBI 553 SE"},"content":{"rendered":"<p>Der kraftvolle Stiga Benzin-Rasenm\u00e4her COMBI 553 SE macht die Rasenpflege zum Vergn\u00fcgen. So garantiert er, durch seinen Radantrieb und einer beachtlichen Schnittbreite von 51 cm, ein komfortables M\u00e4hen von Rasenfl\u00e4chen mit einer Fl\u00e4che von bis zu 1800 m\u00b2. Die Schnitth\u00f6he kann zentrale reguliert werden und bietet. mit 6 Positionen, von 22 bis 80 mm, immer eine passende Schnitth\u00f6he. Das Herzst\u00fcck des COMBI 553 SE ist der leistungsstarke und zuverl\u00e4ssige Stiga ST 170 LS OHV Autochoke Motor, der mit einem Hubraum von 166 cm\u00b3 und einer Leistung von 2,6 kW \/ 3,5 PS bei 2900 U\/min aufwartet. Ausgestattet mit einem Lithium-Ionen-Akku erm\u00f6glicht er einen komfortablen Start per Knopfdruck. Der Motor sitzt auf einem robusten Stahlblechgeh\u00e4use, das f\u00fcr die n\u00f6tige Sicherheit beim Rasenm\u00e4hen sorgt. Mit dem Fulcrum-System stellen wir unsere innovative Weiterentwicklung des Rasenm\u00e4her-Holms vor. So kann der Fulcrum-Holm seitlich, in eine Richtung, verstellt werden und erm\u00f6glicht so besonders dicht an W\u00e4nden und Hecken zu m\u00e4hen, ohne selbst in der Hecke zu verschwinden! Zudem erm\u00f6glicht das System, mit dem Drehklappgriff, ein schnelles und platzsparendes Verstauen. Die kugelgelagerten R\u00e4der und der praktische Tragegriff runden die Ausstattung des COMBI 553 SE ab. Akku, Ladeger\u00e4t und 60 Liter Hardtop-Fangkorb sind im Lieferumfang enthalten.<\/p>\n<p>Technische Daten<br \/>\nProduktmerkmale<br \/>\nGer\u00e4teleistung: 2,6 kW (3,54 PS) bei 2900\/min (Umdrehungen)<br \/>\nHubraum: 166 cm\u00b3<br \/>\nSchnittbreite: 51 cm<br \/>\nRadantrieb: Ja<br \/>\nMulchfunktion: Ja<br \/>\nZentrale Schnitth\u00f6henverstellung: Ja<br \/>\nMin. Schnitth\u00f6he: 22 mm<br \/>\nMax. Schnitth\u00f6he: 80 mm<br \/>\nFangvolumen: 60 l<br \/>\nGrasauswurf: Heckauswurf &amp; Seitenauswurf<br \/>\nMaterial (Geh\u00e4use): Stahl<br \/>\nRadlager: Kugellager<br \/>\nAnzahl Schnitth\u00f6henabstufungen: 6 St\u00fcck<br \/>\nRad-Durchmesser vorne: 20 cm<br \/>\nFl\u00e4chenempfehlung: bis 1800 m\u00b2<br \/>\nMa\u00dfe und Gewicht<br \/>\nGewicht: 37,0 kg<br \/>\nH\u00f6he: 120,0 cm<br \/>\nBreite: 55,0 cm<br \/>\nTiefe: 159,0 cm<\/p>\n","protected":false},"excerpt":{"rendered":"<p>Kraftvoller 166 cm\u00b3 Stiga ST 140 OHV Motor mit 2,6 kW (3,5 PS)<br \/>\nEinfaches Starten, dank Elektrostart per Knopfdruck<br \/>\n51 cm Schnittbreite und gro\u00dfer 60 Liter Hardtop-Fangkorb<br \/>\nFulcrum-Holm f\u00fcr komfortables m\u00e4hen an W\u00e4nden und Hecken<br \/>\nKomfortabler Radantrieb erleichtert die M\u00e4harbeiten<\/p>\n","protected":false},"featured_media":10785,"template":"","meta":[],"product_brand":[],"product_cat":[73],"product_tag":[80,88],"class_list":{"0":"post-10783","1":"product","2":"type-product","3":"status-publish","4":"has-post-thumbnail","6":"product_cat-rasenmaeher","7":"product_tag-rasenmaeher","8":"product_tag-stiga","10":"first","11":"instock","12":"sale","13":"shipping-taxable","14":"purchasable","15":"product-type-simple"},"_links":{"self":[{"href":"https:\/\/rasenroboterplanet.com\/index.php\/wp-json\/wp\/v2\/product\/10783","targetHints":{"allow":["GET"]}}],"collection":[{"href":"https:\/\/rasenroboterplanet.com\/index.php\/wp-json\/wp\/v2\/product"}],"about":[{"href":"https:\/\/rasenroboterplanet.com\/index.php\/wp-json\/wp\/v2\/types\/product"}],"version-history":[{"count":2,"href":"https:\/\/rasenroboterplanet.com\/index.php\/wp-json\/wp\/v2\/product\/10783\/revisions"}],"predecessor-version":[{"id":10904,"href":"https:\/\/rasenroboterplanet.com\/index.php\/wp-json\/wp\/v2\/product\/10783\/revisions\/10904"}],"wp:featuredmedia":[{"embeddable":true,"href":"https:\/\/rasenroboterplanet.com\/index.php\/wp-json\/wp\/v2\/media\/10785"}],"wp:attachment":[{"href":"https:\/\/rasenroboterplanet.com\/index.php\/wp-json\/wp\/v2\/media?parent=10783"}],"wp:term":[{"taxonomy":"product_brand","embeddable":true,"href":"https:\/\/rasenroboterplanet.com\/index.php\/wp-json\/wp\/v2\/product_brand?post=10783"},{"taxonomy":"product_cat","embeddable":true,"href":"https:\/\/rasenroboterplanet.com\/index.php\/wp-json\/wp\/v2\/product_cat?post=10783"},{"taxonomy":"product_tag","embeddable":true,"href":"https:\/\/rasenroboterplanet.com\/index.php\/wp-json\/wp\/v2\/product_tag?post=10783"}],"curies":[{"name":"wp","href":"https:\/\/api.w.org\/{rel}","templated":true}]}}