{"id":10777,"date":"2023-03-02T19:05:59","date_gmt":"2023-03-02T18:05:59","guid":{"rendered":"https:\/\/rasenroboterplanet.com\/?post_type=product&#038;p=10777"},"modified":"2023-03-04T23:09:41","modified_gmt":"2023-03-04T22:09:41","slug":"texas-4in1-benzin-rasenmaeher-razor-5180tr-we","status":"publish","type":"product","link":"https:\/\/rasenroboterplanet.com\/index.php\/produit\/texas-4in1-benzin-rasenmaeher-razor-5180tr-we\/","title":{"rendered":"Texas 4in1 Benzin-Rasenm\u00e4her Razor 5180TR\/WE"},"content":{"rendered":"<p>Der Texas 4in1 Benzin-Rasenm\u00e4her Razor 5180TR\/WE ist ein selbstfahrender M\u00e4her mit einem leistungsstarken B&amp;S-Motor von 163 cm\u00b3, der sich ideal f\u00fcr die Pflege gro\u00dfer Rasenfl\u00e4chen bis 1.000 m\u00b2 eignet. Er erm\u00f6glicht Ihnen das Mulchen, Aufsammeln sowie den Seiten- und Heckauswurf in einem Ger\u00e4t.<\/p>\n<p>Der Razor 5180TR\/WE hat eine Schnittbreite von 51 cm sowie einen gro\u00dfen Grasfangkorb mit einem Fassungsvolumen von 65 l. Dabei haben Sie die M\u00f6glichkeit, den Grasschnitt zu sammeln, abzuschneiden oder alternativ den Sammler zu demontieren und das Gras nach hinten zu packen. Er verf\u00fcgt \u00fcber eine Schnitth\u00f6henverstellung in 6 verschiedenen Positionen von 28 mm &#8211; 75 mm. F\u00fcr die individuelle Einstellung heben Sie den Griff einfach vor oder zur\u00fcck, um die Maschine auf Ihre gew\u00fcnschte Schnitth\u00f6he anzupassen.<\/p>\n<p>Der 4in1 Benzin-Rasenm\u00e4her ist f\u00fcr Anwender geeignet, die hohe Anforderungen an Ihren Rasenm\u00e4her stellen. Er ist zudem mit kugelgelagerten R\u00e4dern sowie einem Wasseranschluss f\u00fcr die Reinigung und 18 V E-Start ausgestattet. Die Hinterr\u00e4der sind besonders gro\u00df ausgef\u00fchrt, um Ihnen das Man\u00f6vrieren im Garten zu erleichtern. Zus\u00e4tzlich k\u00f6nnen Sie die variable Geschwindigkeit einstellen und Ihrem jeweiligen Tempo anpassen.<\/p>\n<p>Der Rasenm\u00e4her wird ohne Motor\u00f6l ausgeliefert.<\/p>\n<p>Technische Daten<br \/>\nProduktmerkmale<br \/>\nGer\u00e4teleistung: 2,6 kW (3,6 PS) bei 2800\/min (Umdrehungen)<br \/>\nHubraum: 161 cm\u00b3<br \/>\nSchnittbreite: 51 cm<br \/>\nMulchfunktion: Ja<br \/>\nZentrale Schnitth\u00f6henverstellung: Ja<br \/>\nMin. Schnitth\u00f6he: 28 mm<br \/>\nMax. Schnitth\u00f6he: 75 mm<br \/>\nFangvolumen: 65 l<br \/>\nGrasauswurf: Heckauswurf &amp; Seitenauswurf<br \/>\nMaterial (Geh\u00e4use): Stahl<br \/>\nRadlager: Kugellager<br \/>\nAnzahl Schnitth\u00f6henabstufungen: 6 St\u00fcck<br \/>\nRad-Durchmesser vorne: 20,5 cm<br \/>\nFl\u00e4chenempfehlung: bis 1000 m\u00b2<br \/>\nMa\u00dfe und Gewicht<br \/>\nGewicht: 41,0 kg<br \/>\nH\u00f6he: 107,0 cm<br \/>\nBreite: 57,0 cm<br \/>\nTiefe: 150,0 cm<\/p>\n","protected":false},"excerpt":{"rendered":"<p>Mulchen, Sammeln, Heck- und Seitenauswurf in einem Ger\u00e4t<br \/>\nSelbstfahrend, f\u00fcr gro\u00dfe Rasenfl\u00e4chen von 1.000 m\u00b2 geeignet<br \/>\nSchnittbreite von 51 cm<br \/>\nMit Wasseranschluss, zentraler H\u00f6henverstellung und kugelgelagerten R\u00e4dern<br \/>\nLeistungsstarker B&amp;S-Motor mit 163 cm\u00b3 mit 18 V E-Start und variabler Geschwindigkeit<\/p>\n","protected":false},"featured_media":10778,"template":"","meta":[],"product_brand":[],"product_cat":[73],"product_tag":[80,101],"class_list":{"0":"post-10777","1":"product","2":"type-product","3":"status-publish","4":"has-post-thumbnail","6":"product_cat-rasenmaeher","7":"product_tag-rasenmaeher","8":"product_tag-texas","10":"first","11":"instock","12":"sale","13":"shipping-taxable","14":"purchasable","15":"product-type-simple"},"_links":{"self":[{"href":"https:\/\/rasenroboterplanet.com\/index.php\/wp-json\/wp\/v2\/product\/10777","targetHints":{"allow":["GET"]}}],"collection":[{"href":"https:\/\/rasenroboterplanet.com\/index.php\/wp-json\/wp\/v2\/product"}],"about":[{"href":"https:\/\/rasenroboterplanet.com\/index.php\/wp-json\/wp\/v2\/types\/product"}],"version-history":[{"count":2,"href":"https:\/\/rasenroboterplanet.com\/index.php\/wp-json\/wp\/v2\/product\/10777\/revisions"}],"predecessor-version":[{"id":10959,"href":"https:\/\/rasenroboterplanet.com\/index.php\/wp-json\/wp\/v2\/product\/10777\/revisions\/10959"}],"wp:featuredmedia":[{"embeddable":true,"href":"https:\/\/rasenroboterplanet.com\/index.php\/wp-json\/wp\/v2\/media\/10778"}],"wp:attachment":[{"href":"https:\/\/rasenroboterplanet.com\/index.php\/wp-json\/wp\/v2\/media?parent=10777"}],"wp:term":[{"taxonomy":"product_brand","embeddable":true,"href":"https:\/\/rasenroboterplanet.com\/index.php\/wp-json\/wp\/v2\/product_brand?post=10777"},{"taxonomy":"product_cat","embeddable":true,"href":"https:\/\/rasenroboterplanet.com\/index.php\/wp-json\/wp\/v2\/product_cat?post=10777"},{"taxonomy":"product_tag","embeddable":true,"href":"https:\/\/rasenroboterplanet.com\/index.php\/wp-json\/wp\/v2\/product_tag?post=10777"}],"curies":[{"name":"wp","href":"https:\/\/api.w.org\/{rel}","templated":true}]}}