{"id":10773,"date":"2023-03-02T19:01:44","date_gmt":"2023-03-02T18:01:44","guid":{"rendered":"https:\/\/rasenroboterplanet.com\/?post_type=product&#038;p=10773"},"modified":"2023-03-04T23:13:41","modified_gmt":"2023-03-04T22:13:41","slug":"texas-benzin-balkenmaeher-cb8700","status":"publish","type":"product","link":"https:\/\/rasenroboterplanet.com\/index.php\/produit\/texas-benzin-balkenmaeher-cb8700\/","title":{"rendered":"Texas Benzin-Balkenm\u00e4her CB8700"},"content":{"rendered":"<p>Der Texas Benzin-Balkenm\u00e4her CB8700 ist ein sehr praktischer Balkenm\u00e4her mit 87 cm Arbeitsbreite f\u00fcr die gro\u00dfen Fl\u00e4chen, wo der Rasen wild und hoch w\u00e4chst. Sehr hohes Gras ist absolut kein Problem. Der Balkenm\u00e4her CB8700 schneidet leicht durch das Gras und die R\u00e4der mit Traktormuster sorgen f\u00fcr robustes fahren. Das Modell ist mit einem Starken 159 cc Loncin Motor ausgestattet, der einfach zu starten ist.<\/p>\n<p>Technische Daten<br \/>\nProduktmerkmale<br \/>\nHubraum: 159 cm\u00b3<br \/>\nSchnittbreite: 87 cm<br \/>\nRadantrieb: Ja<br \/>\nMaterial (Geh\u00e4use): Stahl<br \/>\nRadlager: Kugellager<br \/>\nMa\u00dfe und Gewicht<br \/>\nGewicht: 61,0 kg<br \/>\nH\u00f6he: 5,8 cm<br \/>\nBreite: 5,7 cm<br \/>\nTiefe: 8,6 cm<\/p>\n","protected":false},"excerpt":{"rendered":"<p>Leistungsstarker Benzinmotor 159 cc<br \/>\nIdeal f\u00fcr gro\u00dfe Fl\u00e4chen<br \/>\nRobuste Reifen<\/p>\n","protected":false},"featured_media":10776,"template":"","meta":[],"product_brand":[],"product_cat":[73],"product_tag":[80,101],"class_list":{"0":"post-10773","1":"product","2":"type-product","3":"status-publish","4":"has-post-thumbnail","6":"product_cat-rasenmaeher","7":"product_tag-rasenmaeher","8":"product_tag-texas","10":"first","11":"instock","12":"sale","13":"shipping-taxable","14":"purchasable","15":"product-type-simple"},"_links":{"self":[{"href":"https:\/\/rasenroboterplanet.com\/index.php\/wp-json\/wp\/v2\/product\/10773","targetHints":{"allow":["GET"]}}],"collection":[{"href":"https:\/\/rasenroboterplanet.com\/index.php\/wp-json\/wp\/v2\/product"}],"about":[{"href":"https:\/\/rasenroboterplanet.com\/index.php\/wp-json\/wp\/v2\/types\/product"}],"version-history":[{"count":1,"href":"https:\/\/rasenroboterplanet.com\/index.php\/wp-json\/wp\/v2\/product\/10773\/revisions"}],"predecessor-version":[{"id":10774,"href":"https:\/\/rasenroboterplanet.com\/index.php\/wp-json\/wp\/v2\/product\/10773\/revisions\/10774"}],"wp:featuredmedia":[{"embeddable":true,"href":"https:\/\/rasenroboterplanet.com\/index.php\/wp-json\/wp\/v2\/media\/10776"}],"wp:attachment":[{"href":"https:\/\/rasenroboterplanet.com\/index.php\/wp-json\/wp\/v2\/media?parent=10773"}],"wp:term":[{"taxonomy":"product_brand","embeddable":true,"href":"https:\/\/rasenroboterplanet.com\/index.php\/wp-json\/wp\/v2\/product_brand?post=10773"},{"taxonomy":"product_cat","embeddable":true,"href":"https:\/\/rasenroboterplanet.com\/index.php\/wp-json\/wp\/v2\/product_cat?post=10773"},{"taxonomy":"product_tag","embeddable":true,"href":"https:\/\/rasenroboterplanet.com\/index.php\/wp-json\/wp\/v2\/product_tag?post=10773"}],"curies":[{"name":"wp","href":"https:\/\/api.w.org\/{rel}","templated":true}]}}