{"id":10754,"date":"2023-03-02T18:28:05","date_gmt":"2023-03-02T17:28:05","guid":{"rendered":"https:\/\/rasenroboterplanet.com\/?post_type=product&#038;p=10754"},"modified":"2023-03-04T23:20:40","modified_gmt":"2023-03-04T22:20:40","slug":"texas-akku-rasenmaeher-lmz5800tr-inkl-akku-58-v-4-0-ah-ladegeraet-mit-mulch-kit","status":"publish","type":"product","link":"https:\/\/rasenroboterplanet.com\/index.php\/produit\/texas-akku-rasenmaeher-lmz5800tr-inkl-akku-58-v-4-0-ah-ladegeraet-mit-mulch-kit\/","title":{"rendered":"Texas Akku-Rasenm\u00e4her LMZ5800TR inkl."},"content":{"rendered":"<p>Der Texas Akku-Rasenm\u00e4her LMZ5800TR inkl. Akku 58 V-4.0 Ah Ladeger\u00e4t mit Mulch-Kit bietet viele Vorteile wie einfache Bedienung, minimale Wartung, weniger Vibrationen, geringes Gewicht und keine CO2-Emissionen an.<\/p>\n<p>M\u00e4hen Sie mit diesem leistungsstarken Antriebrasenm\u00e4her bis zu 400 m\u00b2 pro Aufladung mit dem mitgelieferten 58V-4.0Ah-Akku<\/p>\n<p>In der Motoreinheit ist Platz f\u00fcr 2 Akkus, damit Sie auch Platz f\u00fcr die Aufbewahrung eines zus\u00e4tzlichen Akkus haben. Es dauert 120 Minuten der Akku voll aufzuladen.<\/p>\n<p>Die Fahrgeschwindigkeit ist variabel und wird elektronisch am Lenkerpanel eingestellt. Hier wird auch der Batteriestatus des Akkus angezeigt.<\/p>\n<p>Der LMZ 5800TR hat 3in1 Funktion: Er verf\u00fcgt \u00fcber einen gro\u00dfen 60 Liter Fangkorb, der das Gras effizient aufsammelt. Wenn der Fangkorb nicht montiert ist, wird das Gras entweder von Hinten ausgeworfen oder die Mulchfunktion kann mit der mitgelieferten Mulch-Kit aktiviert werden.<\/p>\n<p>Der Akkurasenm\u00e4her l\u00e4sst sich einfach durch Knopfdr\u00fcck starten.<\/p>\n<p>Die Schnitth\u00f6he wird zentral eingestellt (1 Griff) und der Lenker kann in 2 H\u00f6henpositionen eingestellt werden.<\/p>\n<p>Die Sicherheit wird durch einen speziellen Schl\u00fcssel geleistet, der sichert, dass unbefugte Personen die Maschine nicht anlassen k\u00f6nnen.<\/p>\n<p>Akku (4.0Ah), Ladeger\u00e4t und Mulch-Kit im Lieferumfang enthalten<\/p>\n<p>Technische Daten<br \/>\nProduktmerkmale<br \/>\nSchnittbreite: 51 cm<br \/>\nMulchfunktion: Ja<br \/>\nZentrale Schnitth\u00f6henverstellung: Ja<br \/>\nMin. Schnitth\u00f6he: 40 mm<br \/>\nMax. Schnitth\u00f6he: 100 mm<br \/>\nFangvolumen: 60 l<br \/>\nRadlager: Kugellager<br \/>\nSchnellladeger\u00e4t: Ja<br \/>\nAkkuspannung: 58 V<br \/>\nAkkuladung: 4 Ah<br \/>\nAnzahl Schnitth\u00f6henabstufungen: 7 St\u00fcck<br \/>\nFl\u00e4chenempfehlung: bis 600 m\u00b2<br \/>\nMa\u00dfe und Gewicht<br \/>\nGewicht: 30,0 kg<br \/>\nH\u00f6he: 6,0 cm<br \/>\nBreite: 5,3 cm<br \/>\nTiefe: 9,0 cm<\/p>\n","protected":false},"excerpt":{"rendered":"<p>Akku 58 V-4.0 Ah Ladeger\u00e4t mit Mulch-Kit<br \/>\nLeistungsstarker Motor<br \/>\nMit Antrieb<br \/>\n3 in 1 Heckauswurf, 60 Liter Fangkorb und Mulchfunktion<br \/>\nMit Flaschenhalter<br \/>\nStahlschirm<br \/>\nSchnitth\u00f6he 40 &#8211; 100 mm<br \/>\nSchnittbreite: 51 cm<\/p>\n","protected":false},"featured_media":10755,"template":"","meta":[],"product_brand":[],"product_cat":[73],"product_tag":[80,101],"class_list":{"0":"post-10754","1":"product","2":"type-product","3":"status-publish","4":"has-post-thumbnail","6":"product_cat-rasenmaeher","7":"product_tag-rasenmaeher","8":"product_tag-texas","10":"first","11":"instock","12":"sale","13":"shipping-taxable","14":"purchasable","15":"product-type-simple"},"_links":{"self":[{"href":"https:\/\/rasenroboterplanet.com\/index.php\/wp-json\/wp\/v2\/product\/10754","targetHints":{"allow":["GET"]}}],"collection":[{"href":"https:\/\/rasenroboterplanet.com\/index.php\/wp-json\/wp\/v2\/product"}],"about":[{"href":"https:\/\/rasenroboterplanet.com\/index.php\/wp-json\/wp\/v2\/types\/product"}],"version-history":[{"count":3,"href":"https:\/\/rasenroboterplanet.com\/index.php\/wp-json\/wp\/v2\/product\/10754\/revisions"}],"predecessor-version":[{"id":10765,"href":"https:\/\/rasenroboterplanet.com\/index.php\/wp-json\/wp\/v2\/product\/10754\/revisions\/10765"}],"wp:featuredmedia":[{"embeddable":true,"href":"https:\/\/rasenroboterplanet.com\/index.php\/wp-json\/wp\/v2\/media\/10755"}],"wp:attachment":[{"href":"https:\/\/rasenroboterplanet.com\/index.php\/wp-json\/wp\/v2\/media?parent=10754"}],"wp:term":[{"taxonomy":"product_brand","embeddable":true,"href":"https:\/\/rasenroboterplanet.com\/index.php\/wp-json\/wp\/v2\/product_brand?post=10754"},{"taxonomy":"product_cat","embeddable":true,"href":"https:\/\/rasenroboterplanet.com\/index.php\/wp-json\/wp\/v2\/product_cat?post=10754"},{"taxonomy":"product_tag","embeddable":true,"href":"https:\/\/rasenroboterplanet.com\/index.php\/wp-json\/wp\/v2\/product_tag?post=10754"}],"curies":[{"name":"wp","href":"https:\/\/api.w.org\/{rel}","templated":true}]}}