{"id":10188,"date":"2023-02-25T15:45:35","date_gmt":"2023-02-25T14:45:35","guid":{"rendered":"https:\/\/rasenroboterplanet.com\/index.php\/produit\/wiper-roboter-rasenmaeher-ciiky-xh-versandruecklaeufer\/"},"modified":"2023-03-03T17:24:39","modified_gmt":"2023-03-03T16:24:39","slug":"wiper-roboter-rasenmaeher-ciiky-xh-versandruecklaeufer","status":"publish","type":"product","link":"https:\/\/rasenroboterplanet.com\/index.php\/produit\/wiper-roboter-rasenmaeher-ciiky-xh-versandruecklaeufer\/","title":{"rendered":"Wiper Roboter-Rasenm\u00e4her Ciiky XH \u2013 Versandr\u00fcckl\u00e4ufer"},"content":{"rendered":"<h2>VORTEILE<\/h2>\n<div>\n<div class=\"table-wrapper\">\n<table class=\"UserAttributes\">\n<tbody>\n<tr>\n<td class=\"AttributeName VerticalAlignMiddle AttributeBorder\" colspan=\"2\">Arbeitszeit abh\u00e4ngig von Rasenart und Dichte<\/td>\n<\/tr>\n<tr>\n<td class=\"AttributeName VerticalAlignMiddle AttributeBorder\" colspan=\"2\">Der Sto\u00dfsensor sorgt daf\u00fcr, dass der Roboter-Rasenm\u00e4her bei Kollision mit einem Hindernis umdreht und in eine andere Richtung weiterm\u00e4ht.<\/td>\n<\/tr>\n<tr>\n<td class=\"AttributeName VerticalAlignMiddle AttributeBorder\" colspan=\"2\">Der Hebesensor ist eine Schutzvorrichtung und unterbricht das Messer, sobald der Roboter-Rasenm\u00e4her angehoben wird.<\/td>\n<\/tr>\n<tr>\n<td class=\"AttributeName VerticalAlignMiddle AttributeBorder\" colspan=\"2\">Der Kippsensor ist eine Schutzeinrichtung und unterbricht den Motor, sobald sich der Roboter-Rasenm\u00e4her zu starkt neigt und droht umzufallen.<\/td>\n<\/tr>\n<tr>\n<td class=\"AttributeName VerticalAlignMiddle AttributeBorder\" colspan=\"2\">Der Hitzesensor sch\u00fctzt M\u00e4h- und Fahrwerk vor \u00dcberhitzung<\/td>\n<\/tr>\n<\/tbody>\n<\/table>\n<\/div>\n<\/div>\n<p>&nbsp;<\/p>\n<h2>Technische Daten<\/h2>\n<div class=\"table-wrapper\">\n<table class=\"HBOUserAttributes\" style=\"height: 318px;\" width=\"735\">\n<tbody>\n<tr>\n<td class=\"AttributeName VerticalAlignMiddle AttributeBorder\" colspan=\"2\">Fl\u00e4chenleistung bis ca. 1200 m\u00b2<\/td>\n<\/tr>\n<tr>\n<td class=\"AttributeName VerticalAlignMiddle AttributeBorder\" colspan=\"2\">2 x 2.5 Ah Lithium-Ionen-Akku<\/td>\n<\/tr>\n<tr>\n<td class=\"AttributeName VerticalAlignMiddle AttributeBorder\" colspan=\"2\">M\u00e4hen bis zu einer Steigung von 45% m\u00f6glich<\/td>\n<\/tr>\n<tr>\n<td class=\"AttributeName VerticalAlignMiddle AttributeBorder\" colspan=\"2\">Schnittbreite: 25 cm; Schnitth\u00f6he: 25 \u2013 60 mm<\/td>\n<\/tr>\n<tr>\n<td class=\"AttributeName VerticalAlignMiddle AttributeBorder\" colspan=\"2\">\u00d8 Arbeitszeit pro Einsatz 2 Std. 30 Min.<\/td>\n<\/tr>\n<tr>\n<td class=\"AttributeName VerticalAlignMiddle AttributeBorder\" colspan=\"2\">Sto\u00dfsensor. Hebesensor. Kippsensor und Hitzesensor serienm\u00e4\u00dfig<\/td>\n<\/tr>\n<tr>\n<td class=\"AttributeName VerticalAlignMiddle AttributeBorder\" colspan=\"2\">Ger\u00e4uschpegel gemessen: 65 dB(A). garantiert: 72 dB(A)<\/td>\n<\/tr>\n<tr>\n<td class=\"AttributeName VerticalAlignMiddle AttributeBorder\" colspan=\"2\">inkl. Netzteil<\/td>\n<\/tr>\n<tr>\n<td class=\"AttributeName VerticalAlignMiddle AttributeBorder\" colspan=\"2\">Das Ger\u00e4t kann f\u00fcr vier unterschiedliche Zonen programmiert werden<\/td>\n<\/tr>\n<tr>\n<td class=\"AttributeName VerticalAlignMiddle AttributeBorder\" colspan=\"2\">Ma\u00dfe: 50 x 43 x 30 cm; Gewicht: 9.8 kg<\/td>\n<\/tr>\n<tr>\n<td class=\"AttributeName VerticalAlignMiddle AttributeBorder\" colspan=\"2\">Garantie: 2 Jahre<\/td>\n<\/tr>\n<\/tbody>\n<\/table>\n<\/div>\n","protected":false},"excerpt":{"rendered":"<ul>\n<li><strong>Auf Lager<\/strong><\/li>\n<li><strong>Lieferung nach Deutschland :\u00a0<\/strong>Gratisversand (5 \u2013 7 Tagen) : 0\u20ac\u00a0 \u00a0 \u00a0 \u00a0 \u00a0 \u00a0 \u00a0 \u00a0 \u00a0 \u00a0 \u00a0 \u00a0 \u00a0 \u00a0 \u00a0 \u00a0 \u00a0 \u00a0 \u00a0 \u00a0 \u00a0 \u00a0 \u00a0 \u00a0 \u00a0 \u00a0 \u00a0 \u00a0 \u00a0 \u00a0 \u00a0\u00a0Expressversand (1 \u2013 3 Tagen) : 59,99\u20ac<\/li>\n<li><strong>Lieferung in \u00d6sterreich &amp; Schweiz :\u00a0<\/strong>( 7 Tagen ) : 79,99\u20ac<\/li>\n<li><strong>R\u00fcckgabe innerhalb von 14 Tagen<\/strong><\/li>\n<\/ul>\n","protected":false},"featured_media":10187,"template":"","meta":[],"product_brand":[],"product_cat":[71],"product_tag":[76,87],"class_list":{"0":"post-10188","1":"product","2":"type-product","3":"status-publish","4":"has-post-thumbnail","6":"product_cat-mahroboter","7":"product_tag-maehroboter","8":"product_tag-wiper","10":"first","11":"instock","12":"sale","13":"shipping-taxable","14":"purchasable","15":"product-type-simple"},"_links":{"self":[{"href":"https:\/\/rasenroboterplanet.com\/index.php\/wp-json\/wp\/v2\/product\/10188","targetHints":{"allow":["GET"]}}],"collection":[{"href":"https:\/\/rasenroboterplanet.com\/index.php\/wp-json\/wp\/v2\/product"}],"about":[{"href":"https:\/\/rasenroboterplanet.com\/index.php\/wp-json\/wp\/v2\/types\/product"}],"version-history":[{"count":2,"href":"https:\/\/rasenroboterplanet.com\/index.php\/wp-json\/wp\/v2\/product\/10188\/revisions"}],"predecessor-version":[{"id":10268,"href":"https:\/\/rasenroboterplanet.com\/index.php\/wp-json\/wp\/v2\/product\/10188\/revisions\/10268"}],"wp:featuredmedia":[{"embeddable":true,"href":"https:\/\/rasenroboterplanet.com\/index.php\/wp-json\/wp\/v2\/media\/10187"}],"wp:attachment":[{"href":"https:\/\/rasenroboterplanet.com\/index.php\/wp-json\/wp\/v2\/media?parent=10188"}],"wp:term":[{"taxonomy":"product_brand","embeddable":true,"href":"https:\/\/rasenroboterplanet.com\/index.php\/wp-json\/wp\/v2\/product_brand?post=10188"},{"taxonomy":"product_cat","embeddable":true,"href":"https:\/\/rasenroboterplanet.com\/index.php\/wp-json\/wp\/v2\/product_cat?post=10188"},{"taxonomy":"product_tag","embeddable":true,"href":"https:\/\/rasenroboterplanet.com\/index.php\/wp-json\/wp\/v2\/product_tag?post=10188"}],"curies":[{"name":"wp","href":"https:\/\/api.w.org\/{rel}","templated":true}]}}