{"id":10170,"date":"2023-02-25T15:45:28","date_gmt":"2023-02-25T14:45:28","guid":{"rendered":"https:\/\/rasenroboterplanet.com\/index.php\/produit\/stihl-maehroboter-rmi-422-p-modell-2020\/"},"modified":"2023-03-04T13:57:01","modified_gmt":"2023-03-04T12:57:01","slug":"stihl-maehroboter-rmi-422-p-modell-2020","status":"publish","type":"product","link":"https:\/\/rasenroboterplanet.com\/index.php\/produit\/stihl-maehroboter-rmi-422-p-modell-2020\/","title":{"rendered":"STIHL M\u00e4hroboter RMI 422 P  \u2013 Modell 2020"},"content":{"rendered":"<h2>Vorteile<\/h2>\n<div>\n<div class=\"table-wrapper\">\n<table class=\"UserAttributes\">\n<tbody>\n<tr class=\"PSR1\">\n<td class=\"AttributeLabel VerticalAlignMiddle\"><\/td>\n<td class=\"AttributeContent\">Dank des freien Bewegungsmusters wird der Rasen optimal geschnitten und erh\u00e4lt hierdurch eine wundersch\u00f6ne und teppich\u00e4hnliche Struktur<\/td>\n<\/tr>\n<tr class=\"PSR2\">\n<td class=\"AttributeLabel VerticalAlignMiddle\"><\/td>\n<td class=\"AttributeContent\">\u00fcber die Displaybedienung k\u00f6nnen spezifische Einstellungen vorgenommen werden, um den Roboter-Rasenm\u00e4her den Anforderungen des Gartens entsprechend anzupassen<\/td>\n<\/tr>\n<tr class=\"PSR3\">\n<td class=\"AttributeLabel VerticalAlignMiddle\"><\/td>\n<td class=\"AttributeContent\">Wenn die Batteriekapazit\u00e4t des M\u00e4hroboters niedrig ist, findet er selbstst\u00e4ndig seinen Weg zur\u00fcck zur Ladestation.<\/td>\n<\/tr>\n<tr class=\"PSR4\">\n<td class=\"AttributeLabel VerticalAlignMiddle\"><\/td>\n<td class=\"AttributeContent\">Enge Passagen werden automatisch erkannt und die Fahrspur daraufhin variiert, um unerw\u00fcnschte Spuren im Rasen zu vermeiden.<\/td>\n<\/tr>\n<tr class=\"PSR5\">\n<td class=\"AttributeLabel VerticalAlignMiddle\"><\/td>\n<td class=\"AttributeContent\">\u00dcber den speziellen Kantenmodus kann der M\u00e4hroboter besonders nah an der Kante m\u00e4hen. Nachtr\u00e4gliches Kanten trimmen wird dadurch auf ein Minimum reduziert.<\/td>\n<\/tr>\n<tr class=\"PSR6\">\n<td class=\"AttributeLabel VerticalAlignMiddle\"><\/td>\n<td class=\"AttributeContent\">F\u00fcr Diebe unattraktiv: Der Roboter ist durch einen individuellen PIN-Code gesch\u00fctzt.<\/td>\n<\/tr>\n<tr class=\"PSR7\">\n<td class=\"AttributeLabel VerticalAlignMiddle\"><\/td>\n<td class=\"AttributeContent\">Akkubetriebene Gartenger\u00e4te zeichnen sich durch erheblich geringeren Wartungsaufwand aus. Kosten f\u00fcr Wartung und Ausfallzeiten sind dadurch wesentlich geringer.<\/td>\n<\/tr>\n<tr class=\"PSR8\">\n<td class=\"AttributeLabel VerticalAlignMiddle\"><\/td>\n<td class=\"AttributeContent\">durch die problemlose Bew\u00e4ltigung von Steigungen bis 40% ist dieser M\u00e4hroboter auch f\u00fcr h\u00fcgeliges Gel\u00e4nde geeignet.<\/td>\n<\/tr>\n<tr class=\"PSR9\">\n<td class=\"AttributeLabel VerticalAlignMiddle\"><\/td>\n<td class=\"AttributeContent\">Der Eco-Modus reduziert den Energieverbrauch des Ger\u00e4tes indem es w\u00e4hrend des Ladevorgangs die Stromzufuhr am<br \/>\nBegrenzungskabel einstellt<\/td>\n<\/tr>\n<tr class=\"PSR10\">\n<td class=\"AttributeLabel VerticalAlignMiddle\"><\/td>\n<td class=\"AttributeContent\">hohe Sicherheit, da durch einen Hebesensor das M\u00e4hmesser gestoppt wird, sobald der M\u00e4hroboter angehoben wird.<\/td>\n<\/tr>\n<tr class=\"PSR11\">\n<td class=\"AttributeLabel VerticalAlignMiddle\"><\/td>\n<td class=\"AttributeContent\">Der Neigungssensor stellt sicher, dass bei \u00dcberschreitung der maximalen Hangneigung die Fahrtrichtung ge\u00e4ndert wird. Bei einem \u00dcberschlag wird der Fahrantrieb und der M\u00e4hmotor gestoppt.<\/td>\n<\/tr>\n<tr class=\"PSR12\">\n<td class=\"AttributeLabel VerticalAlignMiddle\"><\/td>\n<td class=\"AttributeContent\">Besonders rasenschonend: Wenn es regnet, kehrt der M\u00e4hroboter automatisch in die Ladestation zur\u00fcck. Die Empfindlichkeit sowie die Zeit, die der M\u00e4hroboter nach einem Regen wartet, l\u00e4sst sich in 5 Stufen einstellen.<\/td>\n<\/tr>\n<\/tbody>\n<\/table>\n<\/div>\n<\/div>\n<p>&nbsp;<\/p>\n<h2>Technische Daten<\/h2>\n<div class=\"table-wrapper\">\n<table class=\"HBOUserAttributes\">\n<tbody>\n<tr>\n<td class=\"AttributeGroupHeader\" colspan=\"2\">Motor &amp; Ausstattung<\/td>\n<\/tr>\n<tr>\n<td class=\"AttributeName VerticalAlignMiddle AttributeBorder\">Ladesystem<\/td>\n<td class=\"AttributeContent AttributeBorder\">automatisch<\/td>\n<\/tr>\n<tr>\n<td class=\"AttributeName VerticalAlignMiddle AttributeBorder\">Akkutyp<\/td>\n<td class=\"AttributeContent AttributeBorder\">Li-Ion<\/td>\n<\/tr>\n<tr>\n<td class=\"AttributeName VerticalAlignMiddle AttributeBorder\">Batterieleistung, Ah<\/td>\n<td class=\"AttributeContent AttributeBorder\">3,8 Ah<\/td>\n<\/tr>\n<tr>\n<td class=\"AttributeName VerticalAlignMiddle AttributeBorder\">Batteriespannung<\/td>\n<td class=\"AttributeContent AttributeBorder\">18,5 V<\/td>\n<\/tr>\n<tr>\n<td class=\"AttributeName VerticalAlignMiddle AttributeBorder\">Leistungsaufnahme beim Schneiden<\/td>\n<td class=\"AttributeContent AttributeBorder\">60 W<\/td>\n<\/tr>\n<tr>\n<td class=\"AttributeName VerticalAlignMiddle AttributeBorder\">Ladestation im Lieferumfang enthalten<\/td>\n<td class=\"AttributeContent AttributeBorder\">Ja<\/td>\n<\/tr>\n<tr>\n<td class=\"AttributeGroupHeader\" colspan=\"2\">M\u00e4hdaten<\/td>\n<\/tr>\n<tr>\n<td class=\"AttributeName VerticalAlignMiddle AttributeBorder\">maximale Fl\u00e4chenleistung<\/td>\n<td class=\"AttributeContent AttributeBorder\">1500 m\u00b2<\/td>\n<\/tr>\n<tr>\n<td class=\"AttributeName VerticalAlignMiddle AttributeBorder\">Schnittbreite<\/td>\n<td class=\"AttributeContent AttributeBorder\">20 cm<\/td>\n<\/tr>\n<tr>\n<td class=\"AttributeName VerticalAlignMiddle AttributeBorder\">Messertyp<\/td>\n<td class=\"AttributeContent AttributeBorder\">Mulchmesser<\/td>\n<\/tr>\n<tr>\n<td class=\"AttributeName VerticalAlignMiddle AttributeBorder\">Schnitth\u00f6he, min-max<\/td>\n<td class=\"AttributeContent AttributeBorder\">20-60 mm<\/td>\n<\/tr>\n<tr>\n<td class=\"AttributeName VerticalAlignMiddle AttributeBorder\">Schneidsystem<\/td>\n<td class=\"AttributeContent AttributeBorder\">2-fach Stahlmesser, beidseitig geschliffen<\/td>\n<\/tr>\n<tr>\n<td class=\"AttributeName VerticalAlignMiddle AttributeBorder\">kleinste Breite Passage<\/td>\n<td class=\"AttributeContent AttributeBorder\">44 cm<\/td>\n<\/tr>\n<tr>\n<td class=\"AttributeName VerticalAlignMiddle AttributeBorder\">maximale t\u00e4gliche Betriebszeit<\/td>\n<td class=\"AttributeContent AttributeBorder\">16 h<\/td>\n<\/tr>\n<tr>\n<td class=\"AttributeName VerticalAlignMiddle AttributeBorder\">Steigung Schnittbereich max.<\/td>\n<td class=\"AttributeContent AttributeBorder\">40 %<\/td>\n<\/tr>\n<tr>\n<td class=\"AttributeName VerticalAlignMiddle AttributeBorder\">Anzahl Startpunkte<\/td>\n<td class=\"AttributeContent AttributeBorder\">4<\/td>\n<\/tr>\n<tr>\n<td class=\"AttributeName VerticalAlignMiddle AttributeBorder\">Navigationssystem<\/td>\n<td class=\"AttributeContent AttributeBorder\">zuf\u00e4llig<\/td>\n<\/tr>\n<tr>\n<td class=\"AttributeName VerticalAlignMiddle AttributeBorder\">Max. L\u00e4nge Suchkabel<\/td>\n<td class=\"AttributeContent AttributeBorder\">500 m<\/td>\n<\/tr>\n<tr>\n<td class=\"AttributeName VerticalAlignMiddle AttributeBorder\">Fl\u00e4chenleistung pro Stunde<\/td>\n<td class=\"AttributeContent AttributeBorder\">60 m\u00b2<\/td>\n<\/tr>\n<tr>\n<td class=\"AttributeName VerticalAlignMiddle AttributeBorder\">Kantenmodus<\/td>\n<td class=\"AttributeContent AttributeBorder\">ja<\/td>\n<\/tr>\n<tr>\n<td class=\"AttributeName VerticalAlignMiddle AttributeBorder\">Steigung am Begrenzungskabel max.<\/td>\n<td class=\"AttributeContent AttributeBorder\">27 %<\/td>\n<\/tr>\n<tr>\n<td class=\"AttributeGroupHeader\" colspan=\"2\">Komfort<\/td>\n<\/tr>\n<tr>\n<td class=\"AttributeName VerticalAlignMiddle AttributeBorder\">Displaybedienung<\/td>\n<td class=\"AttributeContent AttributeBorder\">ja<\/td>\n<\/tr>\n<tr>\n<td class=\"AttributeName VerticalAlignMiddle AttributeBorder\">GPS Theft Tracker<\/td>\n<td class=\"AttributeContent AttributeBorder\">nein<\/td>\n<\/tr>\n<tr>\n<td class=\"AttributeName VerticalAlignMiddle AttributeBorder\">GPS-gest\u00fctzte Navigation<\/td>\n<td class=\"AttributeContent AttributeBorder\">nein<\/td>\n<\/tr>\n<tr>\n<td class=\"AttributeName VerticalAlignMiddle AttributeBorder\">Beleuchtung<\/td>\n<td class=\"AttributeContent AttributeBorder\">nein<\/td>\n<\/tr>\n<tr>\n<td class=\"AttributeName VerticalAlignMiddle AttributeBorder\">PIN-Code-Sperre<\/td>\n<td class=\"AttributeContent AttributeBorder\">ja<\/td>\n<\/tr>\n<tr>\n<td class=\"AttributeName VerticalAlignMiddle AttributeBorder\">auf unterschiedliche Grundst\u00fcckprofile programmierbar<\/td>\n<td class=\"AttributeContent AttributeBorder\">ja<\/td>\n<\/tr>\n<tr>\n<td class=\"AttributeName VerticalAlignMiddle AttributeBorder\">Neigungssensor<\/td>\n<td class=\"AttributeContent AttributeBorder\">ja<\/td>\n<\/tr>\n<tr>\n<td class=\"AttributeName VerticalAlignMiddle AttributeBorder\">Diebstahlsicherung<\/td>\n<td class=\"AttributeContent AttributeBorder\">ja, akustischer Alarm nach dem Anheben bei aktivierter PIN-Abfrage<\/td>\n<\/tr>\n<tr>\n<td class=\"AttributeName VerticalAlignMiddle AttributeBorder\">Automatische Passagenanpassung<\/td>\n<td class=\"AttributeContent AttributeBorder\">ja<\/td>\n<\/tr>\n<tr>\n<td class=\"AttributeName VerticalAlignMiddle AttributeBorder\">Regensensor<\/td>\n<td class=\"AttributeContent AttributeBorder\">ja, 5-stufig einstellbar<\/td>\n<\/tr>\n<tr>\n<td class=\"AttributeName VerticalAlignMiddle AttributeBorder\">Hebesensor<\/td>\n<td class=\"AttributeContent AttributeBorder\">Ja<\/td>\n<\/tr>\n<tr>\n<td class=\"AttributeName VerticalAlignMiddle AttributeBorder\">Sto\u00dfsensor<\/td>\n<td class=\"AttributeContent AttributeBorder\">ja<\/td>\n<\/tr>\n<tr>\n<td class=\"AttributeGroupHeader\" colspan=\"2\">Umwelt &amp; Ma\u00dfe<\/td>\n<\/tr>\n<tr>\n<td class=\"AttributeName VerticalAlignMiddle AttributeBorder\">IP-Schutzart M\u00e4hroboter<\/td>\n<td class=\"AttributeContent AttributeBorder\">IPX4<\/td>\n<\/tr>\n<tr>\n<td class=\"AttributeName VerticalAlignMiddle AttributeBorder\">IP-Schutzart Stromversorgung<\/td>\n<td class=\"AttributeContent AttributeBorder\">IP67<\/td>\n<\/tr>\n<tr>\n<td class=\"AttributeName VerticalAlignMiddle AttributeBorder\">gemessener Schallleistungspegel dB(A)<\/td>\n<td class=\"AttributeContent AttributeBorder\">60 dB(A)<\/td>\n<\/tr>\n<tr>\n<td class=\"AttributeName VerticalAlignMiddle AttributeBorder\">Ladestation im Lieferumfang enthalten<\/td>\n<td class=\"AttributeContent AttributeBorder\">ja<\/td>\n<\/tr>\n<tr>\n<td class=\"AttributeName VerticalAlignMiddle AttributeBorder\">IP-Schutzart Ladestation<\/td>\n<td class=\"AttributeContent AttributeBorder\">IPX4<\/td>\n<\/tr>\n<tr>\n<td class=\"AttributeGroupHeader\" colspan=\"2\">Sonstiges<\/td>\n<\/tr>\n<tr>\n<td class=\"AttributeName VerticalAlignMiddle AttributeBorder\">Gewicht<\/td>\n<td class=\"AttributeContent AttributeBorder\">10 kg<\/td>\n<\/tr>\n<tr>\n<td class=\"AttributeName VerticalAlignMiddle AttributeBorder\">Abmessungen (L x B x H)<\/td>\n<td class=\"AttributeContent AttributeBorder\">60 x 43 x 27 cm<\/td>\n<\/tr>\n<\/tbody>\n<\/table>\n<\/div>\n<div class=\"table-wrapper\">\n<table style=\"height: 87px;\" width=\"730\" cellspacing=\"2\" cellpadding=\"2\">\n<tbody>\n<tr>\n<td>Artikel-Nr.<\/td>\n<td>63010111460<\/td>\n<\/tr>\n<tr>\n<td>EAN<\/td>\n<td>0886661911172<\/td>\n<\/tr>\n<\/tbody>\n<\/table>\n<\/div>\n","protected":false},"excerpt":{"rendered":"<ul>\n<li><strong>Auf Lager<\/strong><\/li>\n<li><strong>Lieferung nach Deutschland :\u00a0<\/strong>Gratisversand (5 \u2013 7 Tagen) : 0\u20ac\u00a0 \u00a0 \u00a0 \u00a0 \u00a0 \u00a0 \u00a0 \u00a0 \u00a0 \u00a0 \u00a0 \u00a0 \u00a0 \u00a0 \u00a0 \u00a0 \u00a0 \u00a0 \u00a0 \u00a0 \u00a0 \u00a0 \u00a0 \u00a0 \u00a0 \u00a0 \u00a0 \u00a0 \u00a0 \u00a0 \u00a0\u00a0Expressversand (1 \u2013 3 Tagen) : 59,99\u20ac<\/li>\n<li><strong>Lieferung in \u00d6sterreich &amp; Schweiz :\u00a0<\/strong>( 7 Tagen ) : 79,99\u20ac<\/li>\n<li><strong>R\u00fcckgabe innerhalb von 14 Tagen<\/strong><\/li>\n<\/ul>\n","protected":false},"featured_media":10169,"template":"","meta":[],"product_brand":[],"product_cat":[71],"product_tag":[76,85],"class_list":{"0":"post-10170","1":"product","2":"type-product","3":"status-publish","4":"has-post-thumbnail","6":"product_cat-mahroboter","7":"product_tag-maehroboter","8":"product_tag-stihl","10":"first","11":"instock","12":"sale","13":"shipping-taxable","14":"purchasable","15":"product-type-simple"},"_links":{"self":[{"href":"https:\/\/rasenroboterplanet.com\/index.php\/wp-json\/wp\/v2\/product\/10170","targetHints":{"allow":["GET"]}}],"collection":[{"href":"https:\/\/rasenroboterplanet.com\/index.php\/wp-json\/wp\/v2\/product"}],"about":[{"href":"https:\/\/rasenroboterplanet.com\/index.php\/wp-json\/wp\/v2\/types\/product"}],"version-history":[{"count":2,"href":"https:\/\/rasenroboterplanet.com\/index.php\/wp-json\/wp\/v2\/product\/10170\/revisions"}],"predecessor-version":[{"id":10253,"href":"https:\/\/rasenroboterplanet.com\/index.php\/wp-json\/wp\/v2\/product\/10170\/revisions\/10253"}],"wp:featuredmedia":[{"embeddable":true,"href":"https:\/\/rasenroboterplanet.com\/index.php\/wp-json\/wp\/v2\/media\/10169"}],"wp:attachment":[{"href":"https:\/\/rasenroboterplanet.com\/index.php\/wp-json\/wp\/v2\/media?parent=10170"}],"wp:term":[{"taxonomy":"product_brand","embeddable":true,"href":"https:\/\/rasenroboterplanet.com\/index.php\/wp-json\/wp\/v2\/product_brand?post=10170"},{"taxonomy":"product_cat","embeddable":true,"href":"https:\/\/rasenroboterplanet.com\/index.php\/wp-json\/wp\/v2\/product_cat?post=10170"},{"taxonomy":"product_tag","embeddable":true,"href":"https:\/\/rasenroboterplanet.com\/index.php\/wp-json\/wp\/v2\/product_tag?post=10170"}],"curies":[{"name":"wp","href":"https:\/\/api.w.org\/{rel}","templated":true}]}}