{"id":10156,"date":"2023-02-25T15:45:21","date_gmt":"2023-02-25T14:45:21","guid":{"rendered":"https:\/\/rasenroboterplanet.com\/index.php\/produit\/robomow-roboter-rasenmaeher-rk2000-modell-2021\/"},"modified":"2023-03-04T17:08:24","modified_gmt":"2023-03-04T16:08:24","slug":"robomow-roboter-rasenmaeher-rk2000-modell-2021","status":"publish","type":"product","link":"https:\/\/rasenroboterplanet.com\/index.php\/produit\/robomow-roboter-rasenmaeher-rk2000-modell-2021\/","title":{"rendered":"Robomow Roboter-Rasenm\u00e4her RK2000 \u2013 Modell 2021"},"content":{"rendered":"<h2>VORTEILE<\/h2>\n<div>\n<div class=\"table-wrapper\">\n<table class=\"UserAttributes\">\n<tbody>\n<tr class=\"PSR1\">\n<td class=\"AttributeLabel VerticalAlignMiddle\"><\/td>\n<td class=\"AttributeContent\">Dank des freien Bewegungsmusters wird der Rasen optimal geschnitten und erh\u00e4lt hierdurch eine wundersch\u00f6ne und teppich\u00e4hnliche Struktur<\/td>\n<\/tr>\n<tr class=\"PSR2\">\n<td class=\"AttributeLabel VerticalAlignMiddle\"><\/td>\n<td class=\"AttributeContent\">\u00fcber die Displaybedienung k\u00f6nnen spezifische Einstellungen vorgenommen werden, um den Roboter-Rasenm\u00e4her den Anforderungen des Gartens entsprechend anzupassen<\/td>\n<\/tr>\n<tr class=\"PSR3\">\n<td class=\"AttributeLabel VerticalAlignMiddle\"><\/td>\n<td class=\"AttributeContent\">Wenn die Batteriekapazit\u00e4t des M\u00e4hroboters niedrig ist, findet er selbstst\u00e4ndig seinen Weg zur\u00fcck zur Ladestation.<\/td>\n<\/tr>\n<tr class=\"PSR4\">\n<td class=\"AttributeLabel VerticalAlignMiddle\"><\/td>\n<td class=\"AttributeContent\">bequeme Bedienung des Roboters \u00fcber eine moderne App auf Smartphones oder Tablets.<\/td>\n<\/tr>\n<tr class=\"PSR5\">\n<td class=\"AttributeLabel VerticalAlignMiddle\"><\/td>\n<td class=\"AttributeContent\">besonders stabiles, extrem sicheres und leistungsstarkes Messer. Widerstandsf\u00e4hig bei Kontakt mit kleinen Fremdk\u00f6rpern wie zum Beispiel Tannenzapfen oder Zweigen.<\/td>\n<\/tr>\n<tr class=\"PSR6\">\n<td class=\"AttributeLabel VerticalAlignMiddle\"><\/td>\n<td class=\"AttributeContent\">Der Roboter kann bis zu 2 separate Zonen bearbeiten, die nicht mit der Hauptzone \u00fcber einen Weg oder Passage verbunden bzw. f\u00fcr den Roboter erreichbar sind.<\/td>\n<\/tr>\n<tr class=\"PSR7\">\n<td class=\"AttributeLabel VerticalAlignMiddle\"><\/td>\n<td class=\"AttributeContent\">F\u00fcr separate Zonen, die gr\u00f6\u00dfer als 100 m\u00b2 sind, ist eine weitere Ladestation f\u00fcr die separate Zone notwendig.<\/td>\n<\/tr>\n<tr class=\"PSR8\">\n<td class=\"AttributeLabel VerticalAlignMiddle\"><\/td>\n<td class=\"AttributeContent\">In Zeiten geringen Rasenwachstums reduziert der M\u00e4hroboter seine M\u00e4hzeit automatisch und schont so M\u00e4her und Rasen.<\/td>\n<\/tr>\n<tr class=\"PSR9\">\n<td class=\"AttributeLabel VerticalAlignMiddle\"><\/td>\n<td class=\"AttributeContent\">Besonders rasenschonend: Wenn es regnet, kehrt der M\u00e4hroboter automatisch in die Ladestation zur\u00fcck und m\u00e4hrt erst weiter, wenn es aufgeh\u00f6rt hat, zu regnen.<\/td>\n<\/tr>\n<tr class=\"PSR10\">\n<td class=\"AttributeLabel VerticalAlignMiddle\"><\/td>\n<td class=\"AttributeContent\">F\u00fcr Diebe unattraktiv: Der Roboter ist durch einen individuellen PIN-Code gesch\u00fctzt.<\/td>\n<\/tr>\n<tr class=\"PSR11\">\n<td class=\"AttributeLabel VerticalAlignMiddle\"><\/td>\n<td class=\"AttributeContent\">Das gro\u00dfe Messer macht diesen M\u00e4hroboter besonders geeignet f\u00fcr G\u00e4rten mit Baumbestand.<\/td>\n<\/tr>\n<tr class=\"PSR12\">\n<td class=\"AttributeLabel VerticalAlignMiddle\"><\/td>\n<td class=\"AttributeContent\">Akkubetriebene Gartenger\u00e4te zeichnen sich durch erheblich geringeren Wartungsaufwand aus. Kosten f\u00fcr Wartung und Ausfallzeiten sind dadurch wesentlich geringer.<\/td>\n<\/tr>\n<tr class=\"PSR13\">\n<td class=\"AttributeLabel VerticalAlignMiddle\"><\/td>\n<td class=\"AttributeContent\">Der Eco-Modus reduziert den Energieverbrauch des Ger\u00e4tes indem es w\u00e4hrend des Ladevorgangs die Stromzufuhr am<br \/>\nBegrenzungskabel einstellt<\/td>\n<\/tr>\n<tr class=\"PSR14\">\n<td class=\"AttributeLabel VerticalAlignMiddle\"><\/td>\n<td class=\"AttributeContent\">hohe Sicherheit, da durch einen Hebesensor das M\u00e4hmesser gestoppt wird, sobald der M\u00e4hroboter angehoben wird.<\/td>\n<\/tr>\n<tr class=\"PSR15\">\n<td class=\"AttributeLabel VerticalAlignMiddle\"><\/td>\n<td class=\"AttributeContent\">Der Neigungssensor stellt sicher, dass bei \u00dcberschreitung der maximalen Hangneigung die Fahrtrichtung ge\u00e4ndert wird. Bei einem \u00dcberschlag wird der Fahrantrieb und der M\u00e4hmotor gestoppt.<\/td>\n<\/tr>\n<\/tbody>\n<\/table>\n<\/div>\n<\/div>\n<p>&nbsp;<\/p>\n<h2>Technische Daten<\/h2>\n<div class=\"table-wrapper\">\n<table class=\"HBOUserAttributes\" style=\"height: 1281px;\" width=\"723\">\n<tbody>\n<tr>\n<td class=\"AttributeGroupHeader\" colspan=\"2\">Motor &amp; Ausstattung<\/td>\n<\/tr>\n<tr>\n<td class=\"AttributeName VerticalAlignMiddle AttributeBorder\">Ladesystem<\/td>\n<td class=\"AttributeContent AttributeBorder\">automatisch<\/td>\n<\/tr>\n<tr>\n<td class=\"AttributeName VerticalAlignMiddle AttributeBorder\">Antriebsmotor, Typ<\/td>\n<td class=\"AttributeContent AttributeBorder\">DC B\u00fcrstenmotor<\/td>\n<\/tr>\n<tr>\n<td class=\"AttributeName VerticalAlignMiddle AttributeBorder\">Messermotor, Typ<\/td>\n<td class=\"AttributeContent AttributeBorder\">DC B\u00fcrstenmotor<\/td>\n<\/tr>\n<tr>\n<td class=\"AttributeName VerticalAlignMiddle AttributeBorder\">Akkutyp<\/td>\n<td class=\"AttributeContent AttributeBorder\">Li-Ion<\/td>\n<\/tr>\n<tr>\n<td class=\"AttributeName VerticalAlignMiddle AttributeBorder\">Batterieleistung, Ah<\/td>\n<td class=\"AttributeContent AttributeBorder\">10,2 Ah<\/td>\n<\/tr>\n<tr>\n<td class=\"AttributeName VerticalAlignMiddle AttributeBorder\">Batteriespannung<\/td>\n<td class=\"AttributeContent AttributeBorder\">26 V<\/td>\n<\/tr>\n<tr>\n<td class=\"AttributeName VerticalAlignMiddle AttributeBorder\">Leistungsaufnahme beim Schneiden<\/td>\n<td class=\"AttributeContent AttributeBorder\">400 W<\/td>\n<\/tr>\n<tr>\n<td class=\"AttributeName VerticalAlignMiddle AttributeBorder\">GSM-Modul<\/td>\n<td class=\"AttributeContent AttributeBorder\">nein<\/td>\n<\/tr>\n<tr>\n<td class=\"AttributeName VerticalAlignMiddle AttributeBorder\">Smartphone App erh\u00e4ltlich<\/td>\n<td class=\"AttributeContent AttributeBorder\">ja, f\u00fcr Android und iOS<\/td>\n<\/tr>\n<tr>\n<td class=\"AttributeGroupHeader\" colspan=\"2\">M\u00e4hdaten<\/td>\n<\/tr>\n<tr>\n<td class=\"AttributeName VerticalAlignMiddle AttributeBorder\">maximale Fl\u00e4chenleistung<\/td>\n<td class=\"AttributeContent AttributeBorder\">300 m\u00b2<\/td>\n<\/tr>\n<tr>\n<td class=\"AttributeName VerticalAlignMiddle AttributeBorder\">Schnittbreite<\/td>\n<td class=\"AttributeContent AttributeBorder\">18 cm<\/td>\n<\/tr>\n<tr>\n<td class=\"AttributeName VerticalAlignMiddle AttributeBorder\">Messertyp<\/td>\n<td class=\"AttributeContent AttributeBorder\">gro\u00dfes Messer<\/td>\n<\/tr>\n<tr>\n<td class=\"AttributeName VerticalAlignMiddle AttributeBorder\">Schnitth\u00f6he, min-max<\/td>\n<td class=\"AttributeContent AttributeBorder\">15-60 mm<\/td>\n<\/tr>\n<tr>\n<td class=\"AttributeName VerticalAlignMiddle AttributeBorder\">Schneidsystem<\/td>\n<td class=\"AttributeContent AttributeBorder\">2 3-fach Stahlmesser<\/td>\n<\/tr>\n<tr>\n<td class=\"AttributeName VerticalAlignMiddle AttributeBorder\">Steigung Schnittbereich max.<\/td>\n<td class=\"AttributeContent AttributeBorder\">30 %<\/td>\n<\/tr>\n<tr>\n<td class=\"AttributeName VerticalAlignMiddle AttributeBorder\">Navigationssystem<\/td>\n<td class=\"AttributeContent AttributeBorder\">zuf\u00e4llig<\/td>\n<\/tr>\n<tr>\n<td class=\"AttributeName VerticalAlignMiddle AttributeBorder\">Anzahl separate Zonen<\/td>\n<td class=\"AttributeContent AttributeBorder\">2<\/td>\n<\/tr>\n<tr>\n<td class=\"AttributeName VerticalAlignMiddle AttributeBorder\">M\u00e4hzeit mit einer Akkuladung max.<\/td>\n<td class=\"AttributeContent AttributeBorder\">75 Minuten<\/td>\n<\/tr>\n<tr>\n<td class=\"AttributeName VerticalAlignMiddle AttributeBorder\">Ladezeit bei leerem Akku max.<\/td>\n<td class=\"AttributeContent AttributeBorder\">180 Minuten<\/td>\n<\/tr>\n<tr>\n<td class=\"AttributeGroupHeader\" colspan=\"2\">Komfort<\/td>\n<\/tr>\n<tr>\n<td class=\"AttributeName VerticalAlignMiddle AttributeBorder\">Displaybedienung<\/td>\n<td class=\"AttributeContent AttributeBorder\">ja<\/td>\n<\/tr>\n<tr>\n<td class=\"AttributeName VerticalAlignMiddle AttributeBorder\">Elektronische H\u00f6heneinstellung<\/td>\n<td class=\"AttributeContent AttributeBorder\">nein<\/td>\n<\/tr>\n<tr>\n<td class=\"AttributeName VerticalAlignMiddle AttributeBorder\">GPS Theft Tracker<\/td>\n<td class=\"AttributeContent AttributeBorder\">nein<\/td>\n<\/tr>\n<tr>\n<td class=\"AttributeName VerticalAlignMiddle AttributeBorder\">GPS-gest\u00fctzte Navigation<\/td>\n<td class=\"AttributeContent AttributeBorder\">nein<\/td>\n<\/tr>\n<tr>\n<td class=\"AttributeName VerticalAlignMiddle AttributeBorder\">Beleuchtung<\/td>\n<td class=\"AttributeContent AttributeBorder\">nein<\/td>\n<\/tr>\n<tr>\n<td class=\"AttributeName VerticalAlignMiddle AttributeBorder\">PIN-Code-Sperre<\/td>\n<td class=\"AttributeContent AttributeBorder\">ja<\/td>\n<\/tr>\n<tr>\n<td class=\"AttributeName VerticalAlignMiddle AttributeBorder\">Neigungssensor<\/td>\n<td class=\"AttributeContent AttributeBorder\">ja<\/td>\n<\/tr>\n<tr>\n<td class=\"AttributeName VerticalAlignMiddle AttributeBorder\">Wachstums-Timer<\/td>\n<td class=\"AttributeContent AttributeBorder\">ja<\/td>\n<\/tr>\n<tr>\n<td class=\"AttributeName VerticalAlignMiddle AttributeBorder\">Diebstahlsicherung<\/td>\n<td class=\"AttributeContent AttributeBorder\">via App<\/td>\n<\/tr>\n<tr>\n<td class=\"AttributeName VerticalAlignMiddle AttributeBorder\">Hintergrundbeleuchtetes Kommunikationsdisplay<\/td>\n<td class=\"AttributeContent AttributeBorder\">nein<\/td>\n<\/tr>\n<tr>\n<td class=\"AttributeName VerticalAlignMiddle AttributeBorder\">Hintergrundbeleuchtetes Bedienfeld<\/td>\n<td class=\"AttributeContent AttributeBorder\">nein<\/td>\n<\/tr>\n<tr>\n<td class=\"AttributeName VerticalAlignMiddle AttributeBorder\">Regensensor<\/td>\n<td class=\"AttributeContent AttributeBorder\">Ja<\/td>\n<\/tr>\n<tr>\n<td class=\"AttributeName VerticalAlignMiddle AttributeBorder\">Hebesensor<\/td>\n<td class=\"AttributeContent AttributeBorder\">Ja<\/td>\n<\/tr>\n<tr>\n<td class=\"AttributeName VerticalAlignMiddle AttributeBorder\">Sto\u00dfsensor<\/td>\n<td class=\"AttributeContent AttributeBorder\">ja<\/td>\n<\/tr>\n<tr>\n<td class=\"AttributeGroupHeader\" colspan=\"2\">Umwelt &amp; Ma\u00dfe<\/td>\n<\/tr>\n<tr>\n<td class=\"AttributeName VerticalAlignMiddle AttributeBorder\">Ladestation im Lieferumfang enthalten<\/td>\n<td class=\"AttributeContent AttributeBorder\">ja<\/td>\n<\/tr>\n<tr>\n<td class=\"AttributeGroupHeader\" colspan=\"2\">Sonstiges<\/td>\n<\/tr>\n<tr>\n<td class=\"AttributeName VerticalAlignMiddle AttributeBorder\">Garantie<\/td>\n<td class=\"AttributeContent AttributeBorder\">3 Jahre bei privater Nutzung<\/td>\n<\/tr>\n<tr>\n<td class=\"AttributeGroupHeader\" colspan=\"2\">Artikel-Nr \/ EAN<\/td>\n<\/tr>\n<tr>\n<td class=\"AttributeName VerticalAlignMiddle AttributeBorder\">Artikel-Nr.:<\/td>\n<td class=\"AttributeContent AttributeBorder\">22AKHAFB619<\/td>\n<\/tr>\n<tr>\n<td class=\"AttributeName VerticalAlignMiddle AttributeBorder\">EAN:<\/td>\n<td class=\"AttributeContent AttributeBorder\">4008423917239<\/td>\n<\/tr>\n<\/tbody>\n<\/table>\n<\/div>\n","protected":false},"excerpt":{"rendered":"<ul>\n<li><strong>Auf Lager<\/strong><\/li>\n<li><strong>Lieferung nach Deutschland :\u00a0<\/strong>Gratisversand (5 \u2013 7 Tagen) : 0\u20ac\u00a0 \u00a0 \u00a0 \u00a0 \u00a0 \u00a0 \u00a0 \u00a0 \u00a0 \u00a0 \u00a0 \u00a0 \u00a0 \u00a0 \u00a0 \u00a0 \u00a0 \u00a0 \u00a0 \u00a0 \u00a0 \u00a0 \u00a0 \u00a0 \u00a0 \u00a0 \u00a0 \u00a0 \u00a0 \u00a0 \u00a0\u00a0Expressversand (1 \u2013 3 Tagen) : 59,99\u20ac<\/li>\n<li><strong>Lieferung in \u00d6sterreich &amp; Schweiz :\u00a0<\/strong>( 7 Tagen ) : 79,99\u20ac<\/li>\n<li><strong>R\u00fcckgabe innerhalb von 14 Tagen<\/strong><\/li>\n<\/ul>\n","protected":false},"featured_media":10155,"template":"","meta":[],"product_brand":[],"product_cat":[71],"product_tag":[76,81,93],"class_list":{"0":"post-10156","1":"product","2":"type-product","3":"status-publish","4":"has-post-thumbnail","6":"product_cat-mahroboter","7":"product_tag-maehroboter","8":"product_tag-profi-maehroboter","9":"product_tag-robomow","11":"first","12":"instock","13":"sale","14":"shipping-taxable","15":"purchasable","16":"product-type-simple"},"_links":{"self":[{"href":"https:\/\/rasenroboterplanet.com\/index.php\/wp-json\/wp\/v2\/product\/10156","targetHints":{"allow":["GET"]}}],"collection":[{"href":"https:\/\/rasenroboterplanet.com\/index.php\/wp-json\/wp\/v2\/product"}],"about":[{"href":"https:\/\/rasenroboterplanet.com\/index.php\/wp-json\/wp\/v2\/types\/product"}],"version-history":[{"count":2,"href":"https:\/\/rasenroboterplanet.com\/index.php\/wp-json\/wp\/v2\/product\/10156\/revisions"}],"predecessor-version":[{"id":10242,"href":"https:\/\/rasenroboterplanet.com\/index.php\/wp-json\/wp\/v2\/product\/10156\/revisions\/10242"}],"wp:featuredmedia":[{"embeddable":true,"href":"https:\/\/rasenroboterplanet.com\/index.php\/wp-json\/wp\/v2\/media\/10155"}],"wp:attachment":[{"href":"https:\/\/rasenroboterplanet.com\/index.php\/wp-json\/wp\/v2\/media?parent=10156"}],"wp:term":[{"taxonomy":"product_brand","embeddable":true,"href":"https:\/\/rasenroboterplanet.com\/index.php\/wp-json\/wp\/v2\/product_brand?post=10156"},{"taxonomy":"product_cat","embeddable":true,"href":"https:\/\/rasenroboterplanet.com\/index.php\/wp-json\/wp\/v2\/product_cat?post=10156"},{"taxonomy":"product_tag","embeddable":true,"href":"https:\/\/rasenroboterplanet.com\/index.php\/wp-json\/wp\/v2\/product_tag?post=10156"}],"curies":[{"name":"wp","href":"https:\/\/api.w.org\/{rel}","templated":true}]}}