{"id":10135,"date":"2023-02-25T15:45:14","date_gmt":"2023-02-25T14:45:14","guid":{"rendered":"https:\/\/rasenroboterplanet.com\/index.php\/produit\/husqvarna-automower-420-modell-2022\/"},"modified":"2023-03-04T17:58:31","modified_gmt":"2023-03-04T16:58:31","slug":"husqvarna-automower-420-modell-2022","status":"publish","type":"product","link":"https:\/\/rasenroboterplanet.com\/index.php\/produit\/husqvarna-automower-420-modell-2022\/","title":{"rendered":"Husqvarna Automower 420 \u2013 Modell 2022"},"content":{"rendered":"<p><strong>Dieses Produkt wird vor Auslieferung einer kostenlosen \u00dcbergabeinspektion gem\u00e4\u00df Husqvarna \u201ePre-Delievery-Inspection\u201c-Richtlinien unterzogen. Das Produkt wird montiert, betriebsbereit und inklusive des Husqvarna Protokolls zur \u00dcbergabeinspektion an Ihre Adresse geliefert.<\/strong><\/p>\n<p><strong>Im Lieferumfang enthaltenes Zubeh\u00f6r:<\/strong><br \/>\n\u2013 Ladestation<br \/>\n\u2013 Trafo mit Netzstecker<br \/>\n\u2013 Niederspannungskabel zur Verbindung des Trafos mit der Ladestation<br \/>\n\u2013 6 Schrauben aus Kunststoff zum Befestigen der Ladestation im Boden sowie ein Inbusschl\u00fcssel<br \/>\n\u2013 Kabelmarkierungen<br \/>\n\u2013 Lineal fu\u0308r die Installation des Begrenzungskabels (das Lineal wird an der Perforationslinie aus dem Karton herausgelo\u0308st)<br \/>\n\u2013 Alarm Aufkleber<br \/>\n\u2013 serienm\u00e4sig verbauter Automower Akku<br \/>\n\u2013 9 zus\u00e4tzliche Messer<\/p>\n<p><strong>Folgendes Zubeh\u00f6r wird bei gleichzeitiger Bestellung mit einem Husqvarna Automower 420 von unseren Husqvarna Automower Experten in Ihren Automower eingebaut:<\/strong><br \/>\n\u2013 Husqvarna Offroad-Kit<br \/>\n\u2013 Husqvarna Geh\u00e4use-Kit<br \/>\n\u2013 Husqvarna Radb\u00fcrsten Starterkit<\/p>\n<h2>Vorteile<\/h2>\n<div>\n<div class=\"table-wrapper\">\n<table class=\"UserAttributes\">\n<tbody>\n<tr class=\"PSR1\">\n<td class=\"AttributeLabel VerticalAlignMiddle\"><\/td>\n<td class=\"AttributeContent\">Dank des freien Bewegungsmusters wird der Rasen optimal geschnitten und erh\u00e4lt hierdurch eine wundersch\u00f6ne und teppich\u00e4hnliche Struktur<\/td>\n<\/tr>\n<tr class=\"PSR2\">\n<td class=\"AttributeLabel VerticalAlignMiddle\"><\/td>\n<td class=\"AttributeContent\">Die messerscharfen Klingen schneiden das Gras von allen Richtungen, wobei das Schnittgut als nat\u00fcrlicher D\u00fcnger auf dem Rasen verbleibt und somit ein gutes Wachstum f\u00f6rdert<\/td>\n<\/tr>\n<tr class=\"PSR3\">\n<td class=\"AttributeLabel VerticalAlignMiddle\"><\/td>\n<td class=\"AttributeContent\">\u00fcber die Displaybedienung k\u00f6nnen spezifische Einstellungen vorgenommen werden, um den Roboter-Rasenm\u00e4her den Anforderungen des Gartens entsprechend anzupassen<\/td>\n<\/tr>\n<tr class=\"PSR4\">\n<td class=\"AttributeLabel VerticalAlignMiddle\"><\/td>\n<td class=\"AttributeContent\">Einheitliches Schnittbild durch M\u00f6glichkeit, bis zu f\u00fcnf verschiedene Startpunkte festzulegen. So kann der M\u00e4hvorgang auch an entlegeneren Stellen begonnen werden.<\/td>\n<\/tr>\n<tr class=\"PSR5\">\n<td class=\"AttributeLabel VerticalAlignMiddle\"><\/td>\n<td class=\"AttributeContent\">Wenn die Batteriekapazit\u00e4t des M\u00e4hroboters niedrig ist, findet er selbstst\u00e4ndig seinen Weg zur\u00fcck zur Ladestation.<\/td>\n<\/tr>\n<tr class=\"PSR6\">\n<td class=\"AttributeLabel VerticalAlignMiddle\"><\/td>\n<td class=\"AttributeContent\">Durch Verlegung von bis zu 2 Suchkabel werden die Suchzeiten nach der Ladestation, speziell in komplexen G\u00e4rten, reduziert.<\/td>\n<\/tr>\n<tr class=\"PSR7\">\n<td class=\"AttributeLabel VerticalAlignMiddle\"><\/td>\n<td class=\"AttributeContent\">Enge Passagen mit einer Mindestbreite von 60 cm bew\u00e4ltigt das Ger\u00e4t problemlos.<\/td>\n<\/tr>\n<tr class=\"PSR8\">\n<td class=\"AttributeLabel VerticalAlignMiddle\"><\/td>\n<td class=\"AttributeContent\">\u00dcber eine Bluetooth-Verbindung haben Sie die volle Kontrolle \u00fcber Ihren M\u00e4hroboter direkt auf Ihrem Smartphone. Viele Einstellungen lassen sich so bequem am Smartphone vornehmen.<\/td>\n<\/tr>\n<tr class=\"PSR9\">\n<td class=\"AttributeLabel VerticalAlignMiddle\"><\/td>\n<td class=\"AttributeContent\">Enge Passagen werden automatisch erkannt und die Fahrspur daraufhin variiert, um unerw\u00fcnschte Spuren im Rasen zu vermeiden.<\/td>\n<\/tr>\n<tr class=\"PSR10\">\n<td class=\"AttributeLabel VerticalAlignMiddle\"><\/td>\n<td class=\"AttributeContent\">\u00dcber das optional erh\u00e4ltliche GSM-Modul kann man von \u00fcberall aus die Einstellungen des Ger\u00e4tes \u00fcberpr\u00fcfen und auf Wunsch Ver\u00e4nderungen vornehmen. Alarme werden sofort auf dem Display des Smartphones angezeigt.<\/td>\n<\/tr>\n<tr class=\"PSR11\">\n<td class=\"AttributeLabel VerticalAlignMiddle\"><\/td>\n<td class=\"AttributeContent\">In Zeiten geringen Rasenwachstums reduziert der M\u00e4hroboter seine M\u00e4hzeit automatisch und schont so M\u00e4her und Rasen.<\/td>\n<\/tr>\n<tr class=\"PSR12\">\n<td class=\"AttributeLabel VerticalAlignMiddle\"><\/td>\n<td class=\"AttributeContent\">Auf Wunsch m\u00e4ht der Roboter Bereiche mit l\u00e4ngerem Gras in einem effizienten Spezial-Modus, zum Beispiel in Bereichen, wo vorher Gartenm\u00f6bel gestanden haben. Nach diesem Spezial-Modus kehrt der M\u00e4hroboter automatisch in den Automatikbetrieb zur\u00fcck.<\/td>\n<\/tr>\n<tr class=\"PSR13\">\n<td class=\"AttributeLabel VerticalAlignMiddle\"><\/td>\n<td class=\"AttributeContent\">F\u00fcr Diebe unattraktiv: Der Roboter ist durch einen individuellen PIN-Code gesch\u00fctzt.<\/td>\n<\/tr>\n<tr class=\"PSR14\">\n<td class=\"AttributeLabel VerticalAlignMiddle\"><\/td>\n<td class=\"AttributeContent\">Akkubetriebene Gartenger\u00e4te zeichnen sich durch erheblich geringeren Wartungsaufwand aus. Kosten f\u00fcr Wartung und Ausfallzeiten sind dadurch wesentlich geringer.<\/td>\n<\/tr>\n<tr class=\"PSR15\">\n<td class=\"AttributeLabel VerticalAlignMiddle\"><\/td>\n<td class=\"AttributeContent\">Der Eco-Modus reduziert den Energieverbrauch des Ger\u00e4tes indem es w\u00e4hrend des Ladevorgangs die Stromzufuhr am<br \/>\nBegrenzungskabel einstellt<\/td>\n<\/tr>\n<tr class=\"PSR16\">\n<td class=\"AttributeLabel VerticalAlignMiddle\"><\/td>\n<td class=\"AttributeContent\">Systematische Passagenm\u00e4hfunktion erm\u00f6glicht ein schnelles Durchqueren und ein sch\u00f6nes M\u00e4hergebnis<\/td>\n<\/tr>\n<tr class=\"PSR17\">\n<td class=\"AttributeLabel VerticalAlignMiddle\"><\/td>\n<td class=\"AttributeContent\">hohe Sicherheit, da durch einen Hebesensor das M\u00e4hmesser gestoppt wird, sobald der M\u00e4hroboter angehoben wird.<\/td>\n<\/tr>\n<tr class=\"PSR18\">\n<td class=\"AttributeLabel VerticalAlignMiddle\"><\/td>\n<td class=\"AttributeContent\">Der Neigungssensor stellt sicher, dass bei \u00dcberschreitung der maximalen Hangneigung die Fahrtrichtung ge\u00e4ndert wird. Bei einem \u00dcberschlag wird der Fahrantrieb und der M\u00e4hmotor gestoppt.<\/td>\n<\/tr>\n<\/tbody>\n<\/table>\n<\/div>\n<\/div>\n<p>&nbsp;<\/p>\n<h2>Technische Daten<\/h2>\n<div class=\"table-wrapper\">\n<table class=\"HBOUserAttributes\">\n<tbody>\n<tr>\n<td class=\"AttributeGroupHeader\" colspan=\"2\">Motor &amp; Ausstattung<\/td>\n<\/tr>\n<tr>\n<td class=\"AttributeName VerticalAlignMiddle AttributeBorder\">Ladestrom<\/td>\n<td class=\"AttributeContent AttributeBorder\">2,2 A<\/td>\n<\/tr>\n<tr>\n<td class=\"AttributeName VerticalAlignMiddle AttributeBorder\">Ladesystem<\/td>\n<td class=\"AttributeContent AttributeBorder\">automatisch<\/td>\n<\/tr>\n<tr>\n<td class=\"AttributeName VerticalAlignMiddle AttributeBorder\">Antriebsmotor, Typ<\/td>\n<td class=\"AttributeContent AttributeBorder\">Ultrasilent DC-Motor<\/td>\n<\/tr>\n<tr>\n<td class=\"AttributeName VerticalAlignMiddle AttributeBorder\">Bluetooth Empf\u00e4nger<\/td>\n<td class=\"AttributeContent AttributeBorder\">ja<\/td>\n<\/tr>\n<tr>\n<td class=\"AttributeName VerticalAlignMiddle AttributeBorder\">Messermotor, Typ<\/td>\n<td class=\"AttributeContent AttributeBorder\">3-phasiger DC-Motor<\/td>\n<\/tr>\n<tr>\n<td class=\"AttributeName VerticalAlignMiddle AttributeBorder\">Akkutyp<\/td>\n<td class=\"AttributeContent AttributeBorder\">Li-Ion<\/td>\n<\/tr>\n<tr>\n<td class=\"AttributeName VerticalAlignMiddle AttributeBorder\">Batterieleistung, Ah<\/td>\n<td class=\"AttributeContent AttributeBorder\">4,0 Ah<\/td>\n<\/tr>\n<tr>\n<td class=\"AttributeName VerticalAlignMiddle AttributeBorder\">Batteriespannung<\/td>\n<td class=\"AttributeContent AttributeBorder\">18 V<\/td>\n<\/tr>\n<tr>\n<td class=\"AttributeName VerticalAlignMiddle AttributeBorder\">Leistungsaufnahme beim Schneiden<\/td>\n<td class=\"AttributeContent AttributeBorder\">30 W<\/td>\n<\/tr>\n<tr>\n<td class=\"AttributeName VerticalAlignMiddle AttributeBorder\">GSM-Modul<\/td>\n<td class=\"AttributeContent AttributeBorder\">als Zubeh\u00f6r erh\u00e4ltlich<\/td>\n<\/tr>\n<tr>\n<td class=\"AttributeName VerticalAlignMiddle AttributeBorder\">Smartphone App erh\u00e4ltlich<\/td>\n<td class=\"AttributeContent AttributeBorder\">ja<\/td>\n<\/tr>\n<tr>\n<td class=\"AttributeName VerticalAlignMiddle AttributeBorder\">Ladestation im Lieferumfang enthalten<\/td>\n<td class=\"AttributeContent AttributeBorder\">Ja<\/td>\n<\/tr>\n<tr>\n<td class=\"AttributeGroupHeader\" colspan=\"2\">M\u00e4hdaten<\/td>\n<\/tr>\n<tr>\n<td class=\"AttributeName VerticalAlignMiddle AttributeBorder\">maximale Fl\u00e4chenleistung<\/td>\n<td class=\"AttributeContent AttributeBorder\">2200 m\u00b2<\/td>\n<\/tr>\n<tr>\n<td class=\"AttributeName VerticalAlignMiddle AttributeBorder\">Schnittbreite<\/td>\n<td class=\"AttributeContent AttributeBorder\">24 cm<\/td>\n<\/tr>\n<tr>\n<td class=\"AttributeName VerticalAlignMiddle AttributeBorder\">H\u00f6henverstellung<\/td>\n<td class=\"AttributeContent AttributeBorder\">elektrisch<\/td>\n<\/tr>\n<tr>\n<td class=\"AttributeName VerticalAlignMiddle AttributeBorder\">Messertyp<\/td>\n<td class=\"AttributeContent AttributeBorder\">kleine Klingen<\/td>\n<\/tr>\n<tr>\n<td class=\"AttributeName VerticalAlignMiddle AttributeBorder\">Schnitth\u00f6he, min-max<\/td>\n<td class=\"AttributeContent AttributeBorder\">20-60 mm<\/td>\n<\/tr>\n<tr>\n<td class=\"AttributeName VerticalAlignMiddle AttributeBorder\">Schneidsystem<\/td>\n<td class=\"AttributeContent AttributeBorder\">drei frei rotierende Klingen<\/td>\n<\/tr>\n<tr>\n<td class=\"AttributeName VerticalAlignMiddle AttributeBorder\">zus\u00e4tzliche Messer im Lieferumfang<\/td>\n<td class=\"AttributeContent AttributeBorder\">9<\/td>\n<\/tr>\n<tr>\n<td class=\"AttributeName VerticalAlignMiddle AttributeBorder\">kleinste Breite Passage<\/td>\n<td class=\"AttributeContent AttributeBorder\">60 cm<\/td>\n<\/tr>\n<tr>\n<td class=\"AttributeName VerticalAlignMiddle AttributeBorder\">maximale t\u00e4gliche Betriebszeit<\/td>\n<td class=\"AttributeContent AttributeBorder\">24 h<\/td>\n<\/tr>\n<tr>\n<td class=\"AttributeName VerticalAlignMiddle AttributeBorder\">Steigung Schnittbereich max.<\/td>\n<td class=\"AttributeContent AttributeBorder\">45 %<\/td>\n<\/tr>\n<tr>\n<td class=\"AttributeName VerticalAlignMiddle AttributeBorder\">Anzahl Startpunkte<\/td>\n<td class=\"AttributeContent AttributeBorder\">5<\/td>\n<\/tr>\n<tr>\n<td class=\"AttributeName VerticalAlignMiddle AttributeBorder\">Navigationssystem<\/td>\n<td class=\"AttributeContent AttributeBorder\">zuf\u00e4llig<\/td>\n<\/tr>\n<tr>\n<td class=\"AttributeName VerticalAlignMiddle AttributeBorder\">Max. L\u00e4nge Suchkabel<\/td>\n<td class=\"AttributeContent AttributeBorder\">400 m<\/td>\n<\/tr>\n<tr>\n<td class=\"AttributeName VerticalAlignMiddle AttributeBorder\">Anzahl Suchkabel<\/td>\n<td class=\"AttributeContent AttributeBorder\">2<\/td>\n<\/tr>\n<tr>\n<td class=\"AttributeName VerticalAlignMiddle AttributeBorder\">Suchsystem<\/td>\n<td class=\"AttributeContent AttributeBorder\">4-fach<\/td>\n<\/tr>\n<tr>\n<td class=\"AttributeName VerticalAlignMiddle AttributeBorder\">Fl\u00e4chenleistung pro Stunde<\/td>\n<td class=\"AttributeContent AttributeBorder\">92 m\u00b2<\/td>\n<\/tr>\n<tr>\n<td class=\"AttributeName VerticalAlignMiddle AttributeBorder\">M\u00e4hzeit mit einer Akkuladung max.<\/td>\n<td class=\"AttributeContent AttributeBorder\">270 Minuten<\/td>\n<\/tr>\n<tr>\n<td class=\"AttributeName VerticalAlignMiddle AttributeBorder\">Ladezeit bei leerem Akku max.<\/td>\n<td class=\"AttributeContent AttributeBorder\">60 Minuten<\/td>\n<\/tr>\n<tr>\n<td class=\"AttributeGroupHeader\" colspan=\"2\">Komfort<\/td>\n<\/tr>\n<tr>\n<td class=\"AttributeName VerticalAlignMiddle AttributeBorder\">Displaybedienung<\/td>\n<td class=\"AttributeContent AttributeBorder\">ja<\/td>\n<\/tr>\n<tr>\n<td class=\"AttributeName VerticalAlignMiddle AttributeBorder\">Elektronische H\u00f6heneinstellung<\/td>\n<td class=\"AttributeContent AttributeBorder\">ja<\/td>\n<\/tr>\n<tr>\n<td class=\"AttributeName VerticalAlignMiddle AttributeBorder\">GPS Theft Tracker<\/td>\n<td class=\"AttributeContent AttributeBorder\">als Zubeh\u00f6r erh\u00e4ltlich<\/td>\n<\/tr>\n<tr>\n<td class=\"AttributeName VerticalAlignMiddle AttributeBorder\">GPS-gest\u00fctzte Navigation<\/td>\n<td class=\"AttributeContent AttributeBorder\">nein<\/td>\n<\/tr>\n<tr>\n<td class=\"AttributeName VerticalAlignMiddle AttributeBorder\">Beleuchtung<\/td>\n<td class=\"AttributeContent AttributeBorder\">nein<\/td>\n<\/tr>\n<tr>\n<td class=\"AttributeName VerticalAlignMiddle AttributeBorder\">PIN-Code-Sperre<\/td>\n<td class=\"AttributeContent AttributeBorder\">ja<\/td>\n<\/tr>\n<tr>\n<td class=\"AttributeName VerticalAlignMiddle AttributeBorder\">auf unterschiedliche Grundst\u00fcckprofile programmierbar<\/td>\n<td class=\"AttributeContent AttributeBorder\">ja<\/td>\n<\/tr>\n<tr>\n<td class=\"AttributeName VerticalAlignMiddle AttributeBorder\">Punktm\u00e4hen<\/td>\n<td class=\"AttributeContent AttributeBorder\">ja<\/td>\n<\/tr>\n<tr>\n<td class=\"AttributeName VerticalAlignMiddle AttributeBorder\">Neigungssensor<\/td>\n<td class=\"AttributeContent AttributeBorder\">ja<\/td>\n<\/tr>\n<tr>\n<td class=\"AttributeName VerticalAlignMiddle AttributeBorder\">Ultraschallsensor<\/td>\n<td class=\"AttributeContent AttributeBorder\">nein<\/td>\n<\/tr>\n<tr>\n<td class=\"AttributeName VerticalAlignMiddle AttributeBorder\">Wachstums-Timer<\/td>\n<td class=\"AttributeContent AttributeBorder\">ja<\/td>\n<\/tr>\n<tr>\n<td class=\"AttributeName VerticalAlignMiddle AttributeBorder\">Diebstahlsicherung<\/td>\n<td class=\"AttributeContent AttributeBorder\">ja<\/td>\n<\/tr>\n<tr>\n<td class=\"AttributeName VerticalAlignMiddle AttributeBorder\">Automatische Passagenanpassung<\/td>\n<td class=\"AttributeContent AttributeBorder\">ja<\/td>\n<\/tr>\n<tr>\n<td class=\"AttributeName VerticalAlignMiddle AttributeBorder\">Hintergrundbeleuchtetes Kommunikationsdisplay<\/td>\n<td class=\"AttributeContent AttributeBorder\">ja<\/td>\n<\/tr>\n<tr>\n<td class=\"AttributeName VerticalAlignMiddle AttributeBorder\">Hintergrundbeleuchtetes Bedienfeld<\/td>\n<td class=\"AttributeContent AttributeBorder\">nein<\/td>\n<\/tr>\n<tr>\n<td class=\"AttributeName VerticalAlignMiddle AttributeBorder\">FOTA<\/td>\n<td class=\"AttributeContent AttributeBorder\">nein<\/td>\n<\/tr>\n<tr>\n<td class=\"AttributeName VerticalAlignMiddle AttributeBorder\">TargetHeight<\/td>\n<td class=\"AttributeContent AttributeBorder\">nein<\/td>\n<\/tr>\n<tr>\n<td class=\"AttributeName VerticalAlignMiddle AttributeBorder\">Eco-Modus<\/td>\n<td class=\"AttributeContent AttributeBorder\">ja<\/td>\n<\/tr>\n<tr>\n<td class=\"AttributeName VerticalAlignMiddle AttributeBorder\">Hebesensor<\/td>\n<td class=\"AttributeContent AttributeBorder\">Ja<\/td>\n<\/tr>\n<tr>\n<td class=\"AttributeName VerticalAlignMiddle AttributeBorder\">Wetter-Timer<\/td>\n<td class=\"AttributeContent AttributeBorder\">ja<\/td>\n<\/tr>\n<tr>\n<td class=\"AttributeName VerticalAlignMiddle AttributeBorder\">Automower\u00ae Connect<\/td>\n<td class=\"AttributeContent AttributeBorder\">ja<\/td>\n<\/tr>\n<tr>\n<td class=\"AttributeGroupHeader\" colspan=\"2\">Umwelt &amp; Ma\u00dfe<\/td>\n<\/tr>\n<tr>\n<td class=\"AttributeName VerticalAlignMiddle AttributeBorder\">IP-Schutzart M\u00e4hroboter<\/td>\n<td class=\"AttributeContent AttributeBorder\">IPX4<\/td>\n<\/tr>\n<tr>\n<td class=\"AttributeName VerticalAlignMiddle AttributeBorder\">IP-Schutzart Stromversorgung<\/td>\n<td class=\"AttributeContent AttributeBorder\">IPX4<\/td>\n<\/tr>\n<tr>\n<td class=\"AttributeName VerticalAlignMiddle AttributeBorder\">gemessener Schallleistungspegel dB(A)<\/td>\n<td class=\"AttributeContent AttributeBorder\">58 dB(A)<\/td>\n<\/tr>\n<tr>\n<td class=\"AttributeName VerticalAlignMiddle AttributeBorder\">Ladestation im Lieferumfang enthalten<\/td>\n<td class=\"AttributeContent AttributeBorder\">ja<\/td>\n<\/tr>\n<tr>\n<td class=\"AttributeName VerticalAlignMiddle AttributeBorder\">IP-Schutzart Ladestation<\/td>\n<td class=\"AttributeContent AttributeBorder\">IPX1<\/td>\n<\/tr>\n<tr>\n<td class=\"AttributeGroupHeader\" colspan=\"2\">Sonstiges<\/td>\n<\/tr>\n<tr>\n<td class=\"AttributeName VerticalAlignMiddle AttributeBorder\">Gewicht<\/td>\n<td class=\"AttributeContent AttributeBorder\">12,2 kg<\/td>\n<\/tr>\n<tr>\n<td class=\"AttributeName VerticalAlignMiddle AttributeBorder\">Garantie<\/td>\n<td class=\"AttributeContent AttributeBorder\">2 Jahre bei ausschlie\u00dflich privater Nutzung, 1 Jahr bei gewerblicher Nutzung<\/td>\n<\/tr>\n<tr>\n<td class=\"AttributeGroupHeader\" colspan=\"2\">Artikel-Nr \/ EAN<\/td>\n<\/tr>\n<tr>\n<td class=\"AttributeName VerticalAlignMiddle AttributeBorder\">Artikel-Nr.:<\/td>\n<td class=\"AttributeContent AttributeBorder\">967 67 31-12<\/td>\n<\/tr>\n<tr>\n<td class=\"AttributeName VerticalAlignMiddle AttributeBorder\">EAN:<\/td>\n<td class=\"AttributeContent AttributeBorder\">7391736361774<\/td>\n<\/tr>\n<\/tbody>\n<\/table>\n<p>&nbsp;<\/p>\n<\/div>\n","protected":false},"excerpt":{"rendered":"<ul>\n<li><strong>Auf Lager<\/strong><\/li>\n<li><strong>Lieferung nach Deutschland :\u00a0<\/strong>Gratisversand (5 \u2013 7 Tagen) : 0\u20ac\u00a0 \u00a0 \u00a0 \u00a0 \u00a0 \u00a0 \u00a0 \u00a0 \u00a0 \u00a0 \u00a0 \u00a0 \u00a0 \u00a0 \u00a0 \u00a0 \u00a0 \u00a0 \u00a0 \u00a0 \u00a0 \u00a0 \u00a0 \u00a0 \u00a0 \u00a0 \u00a0 \u00a0 \u00a0 \u00a0 \u00a0\u00a0Expressversand (1 \u2013 3 Tagen) : 59,99\u20ac<\/li>\n<li><strong>Lieferung in \u00d6sterreich &amp; Schweiz :\u00a0<\/strong>( 7 Tagen ) : 79,99\u20ac<\/li>\n<li><strong>R\u00fcckgabe innerhalb von 14 Tagen<\/strong><\/li>\n<\/ul>\n","protected":false},"featured_media":10134,"template":"","meta":[],"product_brand":[],"product_cat":[71],"product_tag":[99,76,81],"class_list":{"0":"post-10135","1":"product","2":"type-product","3":"status-publish","4":"has-post-thumbnail","6":"product_cat-mahroboter","7":"product_tag-husqvarna","8":"product_tag-maehroboter","9":"product_tag-profi-maehroboter","11":"first","12":"instock","13":"sale","14":"shipping-taxable","15":"purchasable","16":"product-type-simple"},"_links":{"self":[{"href":"https:\/\/rasenroboterplanet.com\/index.php\/wp-json\/wp\/v2\/product\/10135","targetHints":{"allow":["GET"]}}],"collection":[{"href":"https:\/\/rasenroboterplanet.com\/index.php\/wp-json\/wp\/v2\/product"}],"about":[{"href":"https:\/\/rasenroboterplanet.com\/index.php\/wp-json\/wp\/v2\/types\/product"}],"version-history":[{"count":2,"href":"https:\/\/rasenroboterplanet.com\/index.php\/wp-json\/wp\/v2\/product\/10135\/revisions"}],"predecessor-version":[{"id":10225,"href":"https:\/\/rasenroboterplanet.com\/index.php\/wp-json\/wp\/v2\/product\/10135\/revisions\/10225"}],"wp:featuredmedia":[{"embeddable":true,"href":"https:\/\/rasenroboterplanet.com\/index.php\/wp-json\/wp\/v2\/media\/10134"}],"wp:attachment":[{"href":"https:\/\/rasenroboterplanet.com\/index.php\/wp-json\/wp\/v2\/media?parent=10135"}],"wp:term":[{"taxonomy":"product_brand","embeddable":true,"href":"https:\/\/rasenroboterplanet.com\/index.php\/wp-json\/wp\/v2\/product_brand?post=10135"},{"taxonomy":"product_cat","embeddable":true,"href":"https:\/\/rasenroboterplanet.com\/index.php\/wp-json\/wp\/v2\/product_cat?post=10135"},{"taxonomy":"product_tag","embeddable":true,"href":"https:\/\/rasenroboterplanet.com\/index.php\/wp-json\/wp\/v2\/product_tag?post=10135"}],"curies":[{"name":"wp","href":"https:\/\/api.w.org\/{rel}","templated":true}]}}