{"id":10109,"date":"2023-02-25T15:45:04","date_gmt":"2023-02-25T14:45:04","guid":{"rendered":"https:\/\/rasenroboterplanet.com\/index.php\/produit\/honda-maehroboter-miimo-hrm-40-modell-2022\/"},"modified":"2023-03-07T14:22:55","modified_gmt":"2023-03-07T13:22:55","slug":"honda-maehroboter-miimo-hrm-40-modell-2022","status":"publish","type":"product","link":"https:\/\/rasenroboterplanet.com\/index.php\/produit\/honda-maehroboter-miimo-hrm-40-modell-2022\/","title":{"rendered":"Honda M\u00e4hroboter Miimo HRM 40 \u2013 Modell 2022"},"content":{"rendered":"<h2>VORTEILE<\/h2>\n<div>\n<div class=\"table-wrapper\">\n<table class=\"UserAttributes\">\n<tbody>\n<tr>\n<td class=\"AttributeName VerticalAlignMiddle AttributeBorder\" colspan=\"2\">Der innovative und vollautomatische HONDA Rasenroboter Miimo 310 sorgt f\u00fcr einen t\u00e4glich sch\u00f6nen gem\u00e4hten Rasen. Ihr neues Familienmitglied, das Ihnen das M\u00e4hen abnimmt<\/td>\n<\/tr>\n<tr>\n<td class=\"AttributeName VerticalAlignMiddle AttributeBorder\" colspan=\"2\">Langlebige SONY Lithium-lonen-Akkus<\/td>\n<\/tr>\n<tr>\n<td class=\"AttributeName VerticalAlignMiddle AttributeBorder\" colspan=\"2\">Nacht Modus ( Drehzahl der Messer ist einstellbar )<\/td>\n<\/tr>\n<tr>\n<td class=\"AttributeName VerticalAlignMiddle AttributeBorder\" colspan=\"2\">Hochwertige und robuste beidseitig gesch\u00e4rfte Messer<\/td>\n<\/tr>\n<tr>\n<td class=\"AttributeName VerticalAlignMiddle AttributeBorder\" colspan=\"2\">Vorderrad mit Kugellager<\/td>\n<\/tr>\n<tr>\n<td class=\"AttributeName VerticalAlignMiddle AttributeBorder\" colspan=\"2\">Neuester Stand der Technik, f\u00fcr einen sicheren und zuverl\u00e4ssigen Betrieb<\/td>\n<\/tr>\n<tr>\n<td class=\"AttributeName VerticalAlignMiddle AttributeBorder\" colspan=\"2\">per App \u00fcber Bluethooth steuerbar<\/td>\n<\/tr>\n<tr>\n<td class=\"AttributeName VerticalAlignMiddle AttributeBorder\" colspan=\"2\">leise, emissionsfrei und energiesparend<\/td>\n<\/tr>\n<tr>\n<td class=\"AttributeName VerticalAlignMiddle AttributeBorder\" colspan=\"2\">Perfektes Schneidergebnis nie wieder Rasenschnitt entfernen<\/td>\n<\/tr>\n<tr>\n<td class=\"AttributeName VerticalAlignMiddle AttributeBorder\" colspan=\"2\">Niedrige, unauff\u00e4llige Ladestation<\/td>\n<\/tr>\n<tr>\n<td class=\"AttributeName VerticalAlignMiddle AttributeBorder\" colspan=\"2\">Autonome Arbeitsweise<\/td>\n<\/tr>\n<\/tbody>\n<\/table>\n<\/div>\n<\/div>\n<p>&nbsp;<\/p>\n<h2>Technische Daten<\/h2>\n<div class=\"table-wrapper\">\n<table class=\"HBOUserAttributes\" style=\"height: 487px;\" width=\"728\">\n<tbody>\n<tr>\n<td class=\"AttributeName VerticalAlignMiddle AttributeBorder\" colspan=\"2\">Fl\u00e4chenleistung bis ca. 2.200 m\u00b2<\/td>\n<\/tr>\n<tr>\n<td class=\"AttributeName VerticalAlignMiddle AttributeBorder\" colspan=\"2\">Batterie Li-Ion 22V \u2013 1.80 Ah. B\u00fcrstenloser Motor<\/td>\n<\/tr>\n<tr>\n<td class=\"AttributeName VerticalAlignMiddle AttributeBorder\" colspan=\"2\">M\u00e4hen bis zu einer Steigung von 24% m\u00f6glich<\/td>\n<\/tr>\n<tr>\n<td class=\"AttributeName VerticalAlignMiddle AttributeBorder\" colspan=\"2\">Schnitth\u00f6heneinstellung: 20 \u2013 60 mm in 1mm Schritten. 22 cm Schnittbreite<\/td>\n<\/tr>\n<tr>\n<td class=\"AttributeName VerticalAlignMiddle AttributeBorder\" colspan=\"2\">M\u00e4hzeit mit voller Akkuladung: bis 1.45 h.; Ladezeit: 30 Min.<\/td>\n<\/tr>\n<tr>\n<td class=\"AttributeName VerticalAlignMiddle AttributeBorder\" colspan=\"2\">Sto\u00dfsensor. Kippsensor. Neigungssensor und Fl\u00e4chensensor serienm\u00e4\u00dfig<\/td>\n<\/tr>\n<tr>\n<td class=\"AttributeName VerticalAlignMiddle AttributeBorder\" colspan=\"2\">Diebstahlschutz durch PIN-Code<\/td>\n<\/tr>\n<tr>\n<td class=\"AttributeName VerticalAlignMiddle AttributeBorder\" colspan=\"2\">Ger\u00e4uschpegel gemessen: 58.3 dB(A). garantiert: 62 dB(A)<\/td>\n<\/tr>\n<tr>\n<td class=\"AttributeName VerticalAlignMiddle AttributeBorder\" colspan=\"2\">inkl. Begrenzungskabel (200 m). Haken (200 St.) und Ladestation<\/td>\n<\/tr>\n<tr>\n<td class=\"AttributeName VerticalAlignMiddle AttributeBorder\" colspan=\"2\">Zufallsbewegungsprinzip garantiert gleichm\u00e4\u00dfig und streifenfrei gem\u00e4hten Rasen<\/td>\n<\/tr>\n<tr>\n<td class=\"AttributeName VerticalAlignMiddle AttributeBorder\" colspan=\"2\">3 Schwingmesser Messersystem<\/td>\n<\/tr>\n<tr>\n<td class=\"AttributeName VerticalAlignMiddle AttributeBorder\" colspan=\"2\">Gewicht: 11.5 kg<\/td>\n<\/tr>\n<tr>\n<td class=\"AttributeName VerticalAlignMiddle AttributeBorder\" colspan=\"2\">Garantie: 2 Jahre<\/td>\n<\/tr>\n<tr>\n<td class=\"AttributeGroupHeader\" colspan=\"2\">Artikel-Nr \/ EAN<\/td>\n<\/tr>\n<tr>\n<td class=\"AttributeName VerticalAlignMiddle AttributeBorder\">Artikel-Nr.:<\/td>\n<td class=\"AttributeContent AttributeBorder\">HRM40E E<\/td>\n<\/tr>\n<tr>\n<td class=\"AttributeName VerticalAlignMiddle AttributeBorder\">EAN:<\/td>\n<td class=\"AttributeContent AttributeBorder\">3573390061212<\/td>\n<\/tr>\n<\/tbody>\n<\/table>\n<\/div>\n","protected":false},"excerpt":{"rendered":"<ul>\n<li><strong>Auf Lager<\/strong><\/li>\n<li><strong>Lieferung nach Deutschland :\u00a0<\/strong>Gratisversand (5 \u2013 7 Tagen) : 0\u20ac\u00a0 \u00a0 \u00a0 \u00a0 \u00a0 \u00a0 \u00a0 \u00a0 \u00a0 \u00a0 \u00a0 \u00a0 \u00a0 \u00a0 \u00a0 \u00a0 \u00a0 \u00a0 \u00a0 \u00a0 \u00a0 \u00a0 \u00a0 \u00a0 \u00a0 \u00a0 \u00a0 \u00a0 \u00a0 \u00a0 \u00a0\u00a0Expressversand (1 \u2013 3 Tagen) : 59,99\u20ac<\/li>\n<li><strong>Lieferung in \u00d6sterreich &amp; Schweiz :\u00a0<\/strong>( 7 Tagen ) : 79,99\u20ac<\/li>\n<li><strong>R\u00fcckgabe innerhalb von 14 Tagen<\/strong><\/li>\n<\/ul>\n","protected":false},"featured_media":10108,"template":"","meta":[],"product_brand":[],"product_cat":[71],"product_tag":[100,76],"class_list":{"0":"post-10109","1":"product","2":"type-product","3":"status-publish","4":"has-post-thumbnail","6":"product_cat-mahroboter","7":"product_tag-honda","8":"product_tag-maehroboter","10":"first","11":"instock","12":"sale","13":"shipping-taxable","14":"purchasable","15":"product-type-simple"},"_links":{"self":[{"href":"https:\/\/rasenroboterplanet.com\/index.php\/wp-json\/wp\/v2\/product\/10109","targetHints":{"allow":["GET"]}}],"collection":[{"href":"https:\/\/rasenroboterplanet.com\/index.php\/wp-json\/wp\/v2\/product"}],"about":[{"href":"https:\/\/rasenroboterplanet.com\/index.php\/wp-json\/wp\/v2\/types\/product"}],"version-history":[{"count":2,"href":"https:\/\/rasenroboterplanet.com\/index.php\/wp-json\/wp\/v2\/product\/10109\/revisions"}],"predecessor-version":[{"id":10197,"href":"https:\/\/rasenroboterplanet.com\/index.php\/wp-json\/wp\/v2\/product\/10109\/revisions\/10197"}],"wp:featuredmedia":[{"embeddable":true,"href":"https:\/\/rasenroboterplanet.com\/index.php\/wp-json\/wp\/v2\/media\/10108"}],"wp:attachment":[{"href":"https:\/\/rasenroboterplanet.com\/index.php\/wp-json\/wp\/v2\/media?parent=10109"}],"wp:term":[{"taxonomy":"product_brand","embeddable":true,"href":"https:\/\/rasenroboterplanet.com\/index.php\/wp-json\/wp\/v2\/product_brand?post=10109"},{"taxonomy":"product_cat","embeddable":true,"href":"https:\/\/rasenroboterplanet.com\/index.php\/wp-json\/wp\/v2\/product_cat?post=10109"},{"taxonomy":"product_tag","embeddable":true,"href":"https:\/\/rasenroboterplanet.com\/index.php\/wp-json\/wp\/v2\/product_tag?post=10109"}],"curies":[{"name":"wp","href":"https:\/\/api.w.org\/{rel}","templated":true}]}}