{"id":10107,"date":"2023-02-25T15:45:03","date_gmt":"2023-02-25T14:45:03","guid":{"rendered":"https:\/\/rasenroboterplanet.com\/index.php\/produit\/honda-maehroboter-miimo-hrm-310-modell-2022\/"},"modified":"2023-03-04T18:14:02","modified_gmt":"2023-03-04T17:14:02","slug":"honda-maehroboter-miimo-hrm-310-modell-2022","status":"publish","type":"product","link":"https:\/\/rasenroboterplanet.com\/index.php\/produit\/honda-maehroboter-miimo-hrm-310-modell-2022\/","title":{"rendered":"Honda M\u00e4hroboter Miimo HRM 310 \u2013 Modell 2022"},"content":{"rendered":"<h2>VORTEILE<\/h2>\n<div>\n<div class=\"table-wrapper\">\n<table class=\"UserAttributes\">\n<tbody>\n<tr class=\"PSR1\">\n<td class=\"AttributeLabel VerticalAlignMiddle\"><\/td>\n<td class=\"AttributeContent\">Wenn die Batteriekapazit\u00e4t des M\u00e4hroboters niedrig ist, findet er selbstst\u00e4ndig seinen Weg zur\u00fcck zur Ladestation.<\/td>\n<\/tr>\n<tr class=\"PSR2\">\n<td class=\"AttributeLabel VerticalAlignMiddle\"><\/td>\n<td class=\"AttributeContent\">F\u00fcr Diebe unattraktiv: Der Roboter ist durch einen individuellen PIN-Code gesch\u00fctzt.<\/td>\n<\/tr>\n<tr class=\"PSR3\">\n<td class=\"AttributeLabel VerticalAlignMiddle\"><\/td>\n<td class=\"AttributeContent\">Akkubetriebene Gartenger\u00e4te zeichnen sich durch erheblich geringeren Wartungsaufwand aus. Kosten f\u00fcr Wartung und Ausfallzeiten sind dadurch wesentlich geringer.<\/td>\n<\/tr>\n<tr class=\"PSR4\">\n<td class=\"AttributeLabel VerticalAlignMiddle\"><\/td>\n<td class=\"AttributeContent\">Der Eco-Modus reduziert den Energieverbrauch des Ger\u00e4tes indem es w\u00e4hrend des Ladevorgangs die Stromzufuhr am<br \/>\nBegrenzungskabel einstellt<\/td>\n<\/tr>\n<tr class=\"PSR5\">\n<td class=\"AttributeLabel VerticalAlignMiddle\"><\/td>\n<td class=\"AttributeContent\">hohe Sicherheit, da durch einen Hebesensor das M\u00e4hmesser gestoppt wird, sobald der M\u00e4hroboter angehoben wird.<\/td>\n<\/tr>\n<\/tbody>\n<\/table>\n<\/div>\n<\/div>\n<p>&nbsp;<\/p>\n<h2>Technische Daten<\/h2>\n<div class=\"table-wrapper\">\n<table class=\"HBOUserAttributes\" style=\"height: 1118px;\" width=\"691\">\n<tbody>\n<tr>\n<td class=\"AttributeGroupHeader\" colspan=\"2\">Motor &amp; Ausstattung<\/td>\n<\/tr>\n<tr>\n<td class=\"AttributeName VerticalAlignMiddle AttributeBorder\">Ladesystem<\/td>\n<td class=\"AttributeContent AttributeBorder\">automatisch<\/td>\n<\/tr>\n<tr>\n<td class=\"AttributeName VerticalAlignMiddle AttributeBorder\">Antriebsmotor, Typ<\/td>\n<td class=\"AttributeContent AttributeBorder\">B\u00fcrstenlos<\/td>\n<\/tr>\n<tr>\n<td class=\"AttributeName VerticalAlignMiddle AttributeBorder\">Messermotor, Typ<\/td>\n<td class=\"AttributeContent AttributeBorder\">DC b\u00fcrstenlos<\/td>\n<\/tr>\n<tr>\n<td class=\"AttributeName VerticalAlignMiddle AttributeBorder\">Akkutyp<\/td>\n<td class=\"AttributeContent AttributeBorder\">Li-Ion<\/td>\n<\/tr>\n<tr>\n<td class=\"AttributeName VerticalAlignMiddle AttributeBorder\">Batterieleistung, Ah<\/td>\n<td class=\"AttributeContent AttributeBorder\">1,8 Ah<\/td>\n<\/tr>\n<tr>\n<td class=\"AttributeName VerticalAlignMiddle AttributeBorder\">Batteriespannung<\/td>\n<td class=\"AttributeContent AttributeBorder\">22,2 V<\/td>\n<\/tr>\n<tr>\n<td class=\"AttributeName VerticalAlignMiddle AttributeBorder\">Begrenzungskabel<\/td>\n<td class=\"AttributeContent AttributeBorder\">200 Meter<\/td>\n<\/tr>\n<tr>\n<td class=\"AttributeName VerticalAlignMiddle AttributeBorder\">Rasenn\u00e4gel<\/td>\n<td class=\"AttributeContent AttributeBorder\">200 St\u00fcck<\/td>\n<\/tr>\n<tr>\n<td class=\"AttributeGroupHeader\" colspan=\"2\">M\u00e4hdaten<\/td>\n<\/tr>\n<tr>\n<td class=\"AttributeName VerticalAlignMiddle AttributeBorder\">maximale Fl\u00e4chenleistung<\/td>\n<td class=\"AttributeContent AttributeBorder\">1500 m\u00b2<\/td>\n<\/tr>\n<tr>\n<td class=\"AttributeName VerticalAlignMiddle AttributeBorder\">H\u00f6henverstellung<\/td>\n<td class=\"AttributeContent AttributeBorder\">manuell<\/td>\n<\/tr>\n<tr>\n<td class=\"AttributeName VerticalAlignMiddle AttributeBorder\">Schnittbreite<\/td>\n<td class=\"AttributeContent AttributeBorder\">22 cm<\/td>\n<\/tr>\n<tr>\n<td class=\"AttributeName VerticalAlignMiddle AttributeBorder\">Messertyp<\/td>\n<td class=\"AttributeContent AttributeBorder\">kleine Klingen<\/td>\n<\/tr>\n<tr>\n<td class=\"AttributeName VerticalAlignMiddle AttributeBorder\">Schnitth\u00f6he, min-max<\/td>\n<td class=\"AttributeContent AttributeBorder\">20-60 mm<\/td>\n<\/tr>\n<tr>\n<td class=\"AttributeName VerticalAlignMiddle AttributeBorder\">Schneidsystem<\/td>\n<td class=\"AttributeContent AttributeBorder\">3 rotierende Klingen<\/td>\n<\/tr>\n<tr>\n<td class=\"AttributeName VerticalAlignMiddle AttributeBorder\">Steigung Schnittbereich max.<\/td>\n<td class=\"AttributeContent AttributeBorder\">45 %<\/td>\n<\/tr>\n<tr>\n<td class=\"AttributeName VerticalAlignMiddle AttributeBorder\">Fl\u00e4chenleistung pro Stunde<\/td>\n<td class=\"AttributeContent AttributeBorder\">83 m\u00b2<\/td>\n<\/tr>\n<tr>\n<td class=\"AttributeName VerticalAlignMiddle AttributeBorder\">empfohlene Fl\u00e4chenleistung<\/td>\n<td class=\"AttributeContent AttributeBorder\">1000 m\u00b2<\/td>\n<\/tr>\n<tr>\n<td class=\"AttributeName VerticalAlignMiddle AttributeBorder\">Steigung am Begrenzungskabel max.<\/td>\n<td class=\"AttributeContent AttributeBorder\">17 %<\/td>\n<\/tr>\n<tr>\n<td class=\"AttributeName VerticalAlignMiddle AttributeBorder\">M\u00e4hzeit mit einer Akkuladung max.<\/td>\n<td class=\"AttributeContent AttributeBorder\">40 Minuten<\/td>\n<\/tr>\n<tr>\n<td class=\"AttributeName VerticalAlignMiddle AttributeBorder\">Ladezeit bei leerem Akku max.<\/td>\n<td class=\"AttributeContent AttributeBorder\">30 Minuten<\/td>\n<\/tr>\n<tr>\n<td class=\"AttributeGroupHeader\" colspan=\"2\">Komfort<\/td>\n<\/tr>\n<tr>\n<td class=\"AttributeName VerticalAlignMiddle AttributeBorder\">PIN-Code-Sperre<\/td>\n<td class=\"AttributeContent AttributeBorder\">ja<\/td>\n<\/tr>\n<tr>\n<td class=\"AttributeName VerticalAlignMiddle AttributeBorder\">Hebesensor<\/td>\n<td class=\"AttributeContent AttributeBorder\">Ja<\/td>\n<\/tr>\n<tr>\n<td class=\"AttributeName VerticalAlignMiddle AttributeBorder\">Sto\u00dfsensor<\/td>\n<td class=\"AttributeContent AttributeBorder\">ja<\/td>\n<\/tr>\n<tr>\n<td class=\"AttributeGroupHeader\" colspan=\"2\">Umwelt &amp; Ma\u00dfe<\/td>\n<\/tr>\n<tr>\n<td class=\"AttributeName VerticalAlignMiddle AttributeBorder\">IP-Schutzart M\u00e4hroboter<\/td>\n<td class=\"AttributeContent AttributeBorder\">IPX4<\/td>\n<\/tr>\n<tr>\n<td class=\"AttributeName VerticalAlignMiddle AttributeBorder\">IP-Schutzart Stromversorgung<\/td>\n<td class=\"AttributeContent AttributeBorder\">IPX4<\/td>\n<\/tr>\n<tr>\n<td class=\"AttributeName VerticalAlignMiddle AttributeBorder\">gemessener Schallleistungspegel dB(A)<\/td>\n<td class=\"AttributeContent AttributeBorder\">62 dB(A)<\/td>\n<\/tr>\n<tr>\n<td class=\"AttributeName VerticalAlignMiddle AttributeBorder\">Ladestation im Lieferumfang enthalten<\/td>\n<td class=\"AttributeContent AttributeBorder\">ja<\/td>\n<\/tr>\n<tr>\n<td class=\"AttributeName VerticalAlignMiddle AttributeBorder\">IP-Schutzart Ladestation<\/td>\n<td class=\"AttributeContent AttributeBorder\">IPX4<\/td>\n<\/tr>\n<tr>\n<td class=\"AttributeGroupHeader\" colspan=\"2\">Sonstiges<\/td>\n<\/tr>\n<tr>\n<td class=\"AttributeName VerticalAlignMiddle AttributeBorder\">Gewicht<\/td>\n<td class=\"AttributeContent AttributeBorder\">11,6 kg<\/td>\n<\/tr>\n<tr>\n<td class=\"AttributeGroupHeader\" colspan=\"2\">Artikel-Nr \/ EAN<\/td>\n<\/tr>\n<tr>\n<td class=\"AttributeName VerticalAlignMiddle AttributeBorder\">Artikel-Nr.:<\/td>\n<td class=\"AttributeContent AttributeBorder\">HRM310K1 EA E<\/td>\n<\/tr>\n<tr>\n<td class=\"AttributeName VerticalAlignMiddle AttributeBorder\">EAN:<\/td>\n<td class=\"AttributeContent AttributeBorder\">3573390004325<\/td>\n<\/tr>\n<\/tbody>\n<\/table>\n<\/div>\n","protected":false},"excerpt":{"rendered":"<ul>\n<li><strong>Auf Lager<\/strong><\/li>\n<li><strong>Lieferung nach Deutschland :\u00a0<\/strong>Gratisversand (5 \u2013 7 Tagen) : 0\u20ac\u00a0 \u00a0 \u00a0 \u00a0 \u00a0 \u00a0 \u00a0 \u00a0 \u00a0 \u00a0 \u00a0 \u00a0 \u00a0 \u00a0 \u00a0 \u00a0 \u00a0 \u00a0 \u00a0 \u00a0 \u00a0 \u00a0 \u00a0 \u00a0 \u00a0 \u00a0 \u00a0 \u00a0 \u00a0 \u00a0 \u00a0\u00a0Expressversand (1 \u2013 3 Tagen) : 59,99\u20ac<\/li>\n<li><strong>Lieferung in \u00d6sterreich &amp; Schweiz :\u00a0<\/strong>( 7 Tagen ) : 79,99\u20ac<\/li>\n<li><strong>R\u00fcckgabe innerhalb von 14 Tagen<\/strong><\/li>\n<\/ul>\n","protected":false},"featured_media":10106,"template":"","meta":[],"product_brand":[],"product_cat":[71],"product_tag":[100,76,81],"class_list":{"0":"post-10107","1":"product","2":"type-product","3":"status-publish","4":"has-post-thumbnail","6":"product_cat-mahroboter","7":"product_tag-honda","8":"product_tag-maehroboter","9":"product_tag-profi-maehroboter","11":"first","12":"instock","13":"sale","14":"shipping-taxable","15":"purchasable","16":"product-type-simple"},"_links":{"self":[{"href":"https:\/\/rasenroboterplanet.com\/index.php\/wp-json\/wp\/v2\/product\/10107","targetHints":{"allow":["GET"]}}],"collection":[{"href":"https:\/\/rasenroboterplanet.com\/index.php\/wp-json\/wp\/v2\/product"}],"about":[{"href":"https:\/\/rasenroboterplanet.com\/index.php\/wp-json\/wp\/v2\/types\/product"}],"version-history":[{"count":2,"href":"https:\/\/rasenroboterplanet.com\/index.php\/wp-json\/wp\/v2\/product\/10107\/revisions"}],"predecessor-version":[{"id":10195,"href":"https:\/\/rasenroboterplanet.com\/index.php\/wp-json\/wp\/v2\/product\/10107\/revisions\/10195"}],"wp:featuredmedia":[{"embeddable":true,"href":"https:\/\/rasenroboterplanet.com\/index.php\/wp-json\/wp\/v2\/media\/10106"}],"wp:attachment":[{"href":"https:\/\/rasenroboterplanet.com\/index.php\/wp-json\/wp\/v2\/media?parent=10107"}],"wp:term":[{"taxonomy":"product_brand","embeddable":true,"href":"https:\/\/rasenroboterplanet.com\/index.php\/wp-json\/wp\/v2\/product_brand?post=10107"},{"taxonomy":"product_cat","embeddable":true,"href":"https:\/\/rasenroboterplanet.com\/index.php\/wp-json\/wp\/v2\/product_cat?post=10107"},{"taxonomy":"product_tag","embeddable":true,"href":"https:\/\/rasenroboterplanet.com\/index.php\/wp-json\/wp\/v2\/product_tag?post=10107"}],"curies":[{"name":"wp","href":"https:\/\/api.w.org\/{rel}","templated":true}]}}