{"id":10651,"date":"2023-03-01T19:45:09","date_gmt":"2023-03-01T18:45:09","guid":{"rendered":"https:\/\/rasenroboterplanet.com\/?page_id=10651"},"modified":"2023-03-02T06:56:59","modified_gmt":"2023-03-02T05:56:59","slug":"rueckgaberecht","status":"publish","type":"page","link":"https:\/\/rasenroboterplanet.com\/index.php\/rueckgaberecht\/","title":{"rendered":"R\u00fcckgaberecht"},"content":{"rendered":"\t\t<div data-elementor-type=\"wp-page\" data-elementor-id=\"10651\" class=\"elementor elementor-10651\">\n\t\t\t\t\t\t<section class=\"elementor-section elementor-top-section elementor-element elementor-element-d200f49 elementor-section-boxed elementor-section-height-default elementor-section-height-default wd-section-disabled\" data-id=\"d200f49\" data-element_type=\"section\" data-e-type=\"section\">\n\t\t\t\t\t\t<div class=\"elementor-container elementor-column-gap-default\">\n\t\t\t\t\t<div class=\"elementor-column elementor-col-100 elementor-top-column elementor-element elementor-element-1c87ee6\" data-id=\"1c87ee6\" data-element_type=\"column\" data-e-type=\"column\">\n\t\t\t<div class=\"elementor-widget-wrap elementor-element-populated\">\n\t\t\t\t\t\t<div class=\"elementor-element elementor-element-31da00c color-scheme-inherit text-left elementor-widget elementor-widget-text-editor\" data-id=\"31da00c\" data-element_type=\"widget\" data-e-type=\"widget\" data-widget_type=\"text-editor.default\">\n\t\t\t\t<div class=\"elementor-widget-container\">\n\t\t\t\t\t\t\t\t\t<p><strong>Widerrufsrecht<\/strong><br \/>Wenn Sie ein Verbraucher sind, haben Sie das Recht, binnen vierzehn\u00a0<strong>(14) Tagen<\/strong>, ohne Angabe von Gr\u00fcnden, den mit uns geschlossenen Vertrag zu widerrufen. Die Widerrufsfrist betr\u00e4gt vierzehn (14) Tage ab dem Tag, an dem Sie oder ein von Ihnen benannter Dritter, der nicht der Bef\u00f6rderer ist, die Waren in Besitz genommen haben\/ hat. Um Ihr Widerrufsrecht auszu\u00fcben, m\u00fcssen Sie uns:<\/p><p>MotorLand GmbH Co. KG<br \/>Dietrichsweg 64\u00a0<br \/>26127 Oldenburg<br \/>E-Mail: info@rasenroboterplanet.com<br \/>Telefon: +49 015338510336<\/p><p>mittels einer eindeutigen Erkl\u00e4rung (z. B. ein mit der Post versandter Brief oder per E-Mail) \u00fcber Ihren Entschluss, diesen Vertrag zu widerrufen, informieren. Sie k\u00f6nnen daf\u00fcr das beigef\u00fcgte Muster-Widerrufsformular verwenden, das jedoch nicht vorgeschrieben ist. Zur Wahrung der Widerrufsfrist reicht es aus, dass Sie die Mitteilung \u00fcber die Aus\u00fcbung des Widerrufsrechts vor Ablauf der Widerrufsfrist absenden.<\/p><p><strong>Folgen des Widerrufs<\/strong><br \/>Wenn Sie diesen Vertrag widerrufen, haben wir Ihnen alle Zahlungen, die wir von Ihnen erhalten haben, einschlie\u00dflich der Lieferkosten (mit Ausnahme der zus\u00e4tzlichen Kosten, die sich daraus ergeben, dass Sie eine andere Art der Lieferung als die von uns angebotene, g\u00fcnstigste Standardlieferung gew\u00e4hlt haben), unverz\u00fcglich und sp\u00e4testens binnen vierzehn\u00a0<strong>(14)<\/strong>\u00a0Tagen ab dem Tag zur\u00fcckzuzahlen, an dem die Mitteilung \u00fcber Ihren Widerruf dieses Vertrags bei uns eingegangen ist. F\u00fcr diese R\u00fcckzahlung verwenden wir dasselbe Zahlungsmittel, das Sie bei der urspr\u00fcnglichen Transaktion eingesetzt haben, es sei denn, mit Ihnen wurde ausdr\u00fccklich etwas anderes vereinbart; in keinem Fall werden Ihnen wegen dieser R\u00fcckzahlung Entgelte berechnet. Wir k\u00f6nnen die R\u00fcckzahlung verweigern, bis wir die Waren wieder zur\u00fcckerhalten haben oder bis Sie den Nachweis erbracht haben, dass Sie die Waren zur\u00fcckgesandt haben, je nachdem, welches der fr\u00fchere Zeitpunkt ist.<\/p><p>Sie haben die Waren unverz\u00fcglich und in jedem Fall sp\u00e4testens binnen vierzehn\u00a0<strong>(14)<\/strong>\u00a0Tagen ab dem Tag, an dem Sie uns \u00fcber den Widerruf dieses Vertrages unterrichten, an uns:<\/p><p>MotorLand GmbH Co. KG<br \/>Dietrichsweg 64\u00a0<br \/>26127 Oldenburg<\/p><p>zur\u00fcckzusenden oder zu \u00fcbergeben. Die Frist ist gewahrt, wenn Sie die Waren vor Ablauf der Frist von vierzehn\u00a0<strong>(14)<\/strong>\u00a0Tagen absenden. Sie tragen die unmittelbaren Kosten der R\u00fccksendung der Waren.<\/p><p>Sie m\u00fcssen f\u00fcr einen etwaigen Wertverlust der Waren nur aufkommen, wenn dieser Wertverlust auf einen zur Pr\u00fcfung der Beschaffenheit, Eigenschaften und Funktionsweise der Waren nicht notwendigen Umgang mit Ihnen zur\u00fcckzuf\u00fchren ist.<\/p><p><strong>Muster-Widerrufsformular<\/strong><br \/>Wenn Sie den Vertrag widerrufen m\u00f6chten, k\u00f6nnen Sie dieses Formular herunterladen, ausf\u00fcllen und an uns zur\u00fccksenden.<\/p><p><strong>Reklamation<\/strong><br \/>Bei Brennholz handelt es sich um ein grobes Naturprodukt, welches mit produktionsbedingten Ungenauigkeiten in L\u00e4nge und Feuchtigkeitsgehalt hergestellt wird. Daher k\u00f6nnen Abweichungen in Form, Farbe, Gewicht, L\u00e4nge und Zustand von den Angaben auftreten. Diese Abweichungen berechtigen nicht zu Schadenersatz, Nachbesserung, Wandelung oder Minderung. Wir weisen ausdr\u00fccklich darauf hin, dass trotz sorgf\u00e4ltiger Behandlung des Holzes eine Keim- und Sch\u00e4dlingsfreiheit nicht garantiert wird. Jegliche diesbez\u00fcgliche Haftung ist ausgeschlossen. Im \u00dcbrigen haften wir nur f\u00fcr Vorsatz und grobe Fahrtl\u00e4ssigkeit. Nach Annahme der Ware durch den Kunden ist ein Umtausch oder eine R\u00fcckgabe der Ware nur bei groben Produktm\u00e4ngel oder nachweislich signifikanten Fehlmengen m\u00f6glich.<\/p><p>Terminzustellung und Wunschtermine sind nicht verbindlich m\u00f6glich. Wenn Sie die bestellte Ware an einem Wunschtag bzw. Uhrzeit geliefert bekommen m\u00f6chten, k\u00f6nnen Sie diese als Zusatz bei der Bestellung eingeben. Wir geben diesen Wunsch an die Spedition weiter \u2013 die Einhaltung wird dennoch nicht als verbindlich best\u00e4tigt und kann abh\u00e4ngig vom Transportunternehmen nicht immer eingehalten werden. Sollte dieser aus welchem Grund auch immer nicht eingehalten werden, berechtigt dies nicht zur Reklamation.<\/p>\t\t\t\t\t\t\t\t<\/div>\n\t\t\t\t<\/div>\n\t\t\t\t\t<\/div>\n\t\t<\/div>\n\t\t\t\t\t<\/div>\n\t\t<\/section>\n\t\t\t\t<\/div>\n\t\t","protected":false},"excerpt":{"rendered":"<p>Widerrufsrecht Wenn Sie ein Verbraucher sind, haben Sie das Recht, binnen vierzehn&nbsp;(14) Tagen, ohne Angabe von Gr\u00fcnden, den mit uns<\/p>\n","protected":false},"author":1,"featured_media":0,"parent":0,"menu_order":0,"comment_status":"closed","ping_status":"closed","template":"","meta":{"footnotes":""},"class_list":["post-10651","page","type-page","status-publish","hentry"],"_links":{"self":[{"href":"https:\/\/rasenroboterplanet.com\/index.php\/wp-json\/wp\/v2\/pages\/10651","targetHints":{"allow":["GET"]}}],"collection":[{"href":"https:\/\/rasenroboterplanet.com\/index.php\/wp-json\/wp\/v2\/pages"}],"about":[{"href":"https:\/\/rasenroboterplanet.com\/index.php\/wp-json\/wp\/v2\/types\/page"}],"author":[{"embeddable":true,"href":"https:\/\/rasenroboterplanet.com\/index.php\/wp-json\/wp\/v2\/users\/1"}],"replies":[{"embeddable":true,"href":"https:\/\/rasenroboterplanet.com\/index.php\/wp-json\/wp\/v2\/comments?post=10651"}],"version-history":[{"count":9,"href":"https:\/\/rasenroboterplanet.com\/index.php\/wp-json\/wp\/v2\/pages\/10651\/revisions"}],"predecessor-version":[{"id":10680,"href":"https:\/\/rasenroboterplanet.com\/index.php\/wp-json\/wp\/v2\/pages\/10651\/revisions\/10680"}],"wp:attachment":[{"href":"https:\/\/rasenroboterplanet.com\/index.php\/wp-json\/wp\/v2\/media?parent=10651"}],"curies":[{"name":"wp","href":"https:\/\/api.w.org\/{rel}","templated":true}]}}