{"id":10509,"date":"2023-02-28T20:14:34","date_gmt":"2023-02-28T19:14:34","guid":{"rendered":"https:\/\/rasenroboterplanet.com\/?page_id=10509"},"modified":"2023-03-01T20:55:42","modified_gmt":"2023-03-01T19:55:42","slug":"versand-und-lieferung","status":"publish","type":"page","link":"https:\/\/rasenroboterplanet.com\/index.php\/versand-und-lieferung\/","title":{"rendered":"Versand Und Lieferung"},"content":{"rendered":"\t\t<div data-elementor-type=\"wp-page\" data-elementor-id=\"10509\" class=\"elementor elementor-10509\">\n\t\t\t\t\t\t<section class=\"elementor-section elementor-top-section elementor-element elementor-element-b61a309 elementor-section-boxed elementor-section-height-default elementor-section-height-default wd-section-disabled\" data-id=\"b61a309\" data-element_type=\"section\" data-e-type=\"section\">\n\t\t\t\t\t\t<div class=\"elementor-container elementor-column-gap-default\">\n\t\t\t\t\t<div class=\"elementor-column elementor-col-100 elementor-top-column elementor-element elementor-element-4422796\" data-id=\"4422796\" data-element_type=\"column\" data-e-type=\"column\">\n\t\t\t<div class=\"elementor-widget-wrap elementor-element-populated\">\n\t\t\t\t\t\t<div class=\"elementor-element elementor-element-787a2a4 color-scheme-inherit text-left elementor-widget elementor-widget-text-editor\" data-id=\"787a2a4\" data-element_type=\"widget\" data-e-type=\"widget\" data-widget_type=\"text-editor.default\">\n\t\t\t\t<div class=\"elementor-widget-container\">\n\t\t\t\t\t\t\t\t\t<h4><strong>So k\u00f6nnen wir Sie beliefern:<\/strong><\/h4><ul><li>Ihre Auslieferstelle \/ Zufahrt ist betoniert, asphaltiert oder gut gepflastert<\/li><li>die Toreinfahrt ist mindestens 2,80\u00a0m breit<\/li><li>der LKW sollte gut parken k\u00f6nnen. Sorgen Sie ggf. f\u00fcr eine Absperrung von ca. 15\u00a0m L\u00e4nge<\/li><li>B\u00e4ume, Kabel oder Geb\u00e4ude\u00fcberst\u00e4nde sollten eine lichte H\u00f6he von 4\u00a0m aufweisen<\/li><\/ul><h4><strong>Versandbedingungen<\/strong><\/h4><p>Die Lieferung der Ware erfolgt deutschlandweit ab einem Einkaufswert von 1500\u20ac versandkostenfrei.<\/p><h4><strong>Versandkosten<\/strong><\/h4><p><strong>Deutschland :<\/strong><\/p><p>Gratisversand (5 \u2013\u00a0 7 Tagen) : 0\u20ac<\/p><p>Expressversand (2 \u2013 3 Tagen) : 59,99\u20ac<\/p><p><strong>\u00d6sterreich &amp; Schweiz :\u00a0<\/strong><\/p><p>EU-Standardversand (7 Tagen) : 79,99\u20ac<\/p><h4><strong>Lieferfristen<\/strong><\/h4><p>Soweit im jeweiligen Angebot keine andere Frist angegeben ist, erfolgt die Lieferung der Ware im Inland\u00a0<strong>(Deutschland) innerhalb von 3 \u2013 4 Tagen<\/strong>. Vertragsschluss (bei vereinbarter Vorauszahlung nach dem Zeitpunkt Ihrer Zahlungsanweisung).<\/p><p>Beachten Sie, dass an Sonn- und Feiertagen keine Zustellung erfolgt.<\/p><p>Haben Sie Artikel mit unterschiedlichen Lieferzeiten bestellt, versenden wir die Ware in einer gemeinsamen Sendung, sofern wir keine abweichenden Vereinbarungen mit Ihnen getroffen haben.<\/p><p>Die Lieferzeit bestimmt sich in diesem Fall nach dem Artikel mit der l\u00e4ngsten Lieferzeit den Sie bestellt haben.<\/p>\t\t\t\t\t\t\t\t<\/div>\n\t\t\t\t<\/div>\n\t\t\t\t\t<\/div>\n\t\t<\/div>\n\t\t\t\t\t<\/div>\n\t\t<\/section>\n\t\t\t\t<\/div>\n\t\t","protected":false},"excerpt":{"rendered":"<p>So k\u00f6nnen wir Sie beliefern: Ihre Auslieferstelle \/ Zufahrt ist betoniert, asphaltiert oder gut gepflastert die Toreinfahrt ist mindestens 2,80&nbsp;m<\/p>\n","protected":false},"author":2,"featured_media":0,"parent":0,"menu_order":0,"comment_status":"closed","ping_status":"closed","template":"","meta":{"footnotes":""},"class_list":["post-10509","page","type-page","status-publish","hentry"],"_links":{"self":[{"href":"https:\/\/rasenroboterplanet.com\/index.php\/wp-json\/wp\/v2\/pages\/10509","targetHints":{"allow":["GET"]}}],"collection":[{"href":"https:\/\/rasenroboterplanet.com\/index.php\/wp-json\/wp\/v2\/pages"}],"about":[{"href":"https:\/\/rasenroboterplanet.com\/index.php\/wp-json\/wp\/v2\/types\/page"}],"author":[{"embeddable":true,"href":"https:\/\/rasenroboterplanet.com\/index.php\/wp-json\/wp\/v2\/users\/2"}],"replies":[{"embeddable":true,"href":"https:\/\/rasenroboterplanet.com\/index.php\/wp-json\/wp\/v2\/comments?post=10509"}],"version-history":[{"count":16,"href":"https:\/\/rasenroboterplanet.com\/index.php\/wp-json\/wp\/v2\/pages\/10509\/revisions"}],"predecessor-version":[{"id":10664,"href":"https:\/\/rasenroboterplanet.com\/index.php\/wp-json\/wp\/v2\/pages\/10509\/revisions\/10664"}],"wp:attachment":[{"href":"https:\/\/rasenroboterplanet.com\/index.php\/wp-json\/wp\/v2\/media?parent=10509"}],"curies":[{"name":"wp","href":"https:\/\/api.w.org\/{rel}","templated":true}]}}